{"id":393476,"date":"2026-02-25T11:25:35","date_gmt":"2026-02-25T10:25:35","guid":{"rendered":"https:\/\/x-bar.co\/account-blocked\/"},"modified":"2026-02-25T11:35:11","modified_gmt":"2026-02-25T10:35:11","slug":"account-blocked","status":"publish","type":"page","link":"https:\/\/x-bar.co\/de\/account-blocked\/","title":{"rendered":"Ihr Konto wurde gesperrt"},"content":{"rendered":"<div class=\"flex flex-col text-sm pb-25\">\n<article class=\"text-token-text-primary w-full focus:outline-none [--shadow-height:45px] has-data-writing-block:pointer-events-none has-data-writing-block:-mt-(--shadow-height) has-data-writing-block:pt-(--shadow-height) [&amp;:has([data-writing-block])&gt;*]:pointer-events-auto scroll-mt-[calc(var(--header-height)+min(200px,max(70px,20svh)))]\" dir=\"auto\" tabindex=\"-1\" data-turn-id=\"request-699ec539-f358-8395-bb74-2ad6f45496ff-5\" data-testid=\"conversation-turn-18\" data-scroll-anchor=\"true\" data-turn=\"assistant\">\n<div class=\"text-base my-auto mx-auto pb-10 [--thread-content-margin:--spacing(4)] @w-sm\/main:[--thread-content-margin:--spacing(6)] @w-lg\/main:[--thread-content-margin:--spacing(16)] px-(--thread-content-margin)\">\n<div class=\"[--thread-content-max-width:40rem] @w-lg\/main:[--thread-content-max-width:48rem] mx-auto max-w-(--thread-content-max-width) flex-1 group\/turn-messages focus-visible:outline-hidden relative flex w-full min-w-0 flex-col agent-turn\" tabindex=\"-1\">\n<div class=\"flex max-w-full flex-col grow\">\n<div class=\"min-h-8 text-message relative flex w-full flex-col items-end gap-2 text-start break-words whitespace-normal [.text-message+&amp;]:mt-1\" dir=\"auto\" data-message-author-role=\"assistant\" data-message-id=\"b5146ea2-2cbf-4909-8cac-9192cb5a16f1\" data-message-model-slug=\"gpt-5-2\">\n<div class=\"flex w-full flex-col gap-1 empty:hidden first:pt-[1px]\">\n<div class=\"markdown prose dark:prose-invert w-full wrap-break-word dark markdown-new-styling\">\n<h2 data-start=\"0\" data-end=\"32\">\ud83d\udd12 <strong data-start=\"3\" data-end=\"32\">Ihr Konto wurde gesperrt.<\/strong><\/h2>\n<p data-start=\"34\" data-end=\"181\">Nach einer internen \u00dcberpr\u00fcfung im Zusammenhang mit einer Ihrer Transaktionen wurde der Zugriff auf Ihr Konto aus Sicherheitsgr\u00fcnden eingeschr\u00e4nkt.<\/p>\n<p data-start=\"183\" data-end=\"230\">Diese Ma\u00dfnahme kann in Zusammenhang stehen mit:<\/p>\n<ul data-start=\"232\" data-end=\"449\">\n<li data-start=\"232\" data-end=\"281\">\n<p data-start=\"234\" data-end=\"281\">Einer als betr\u00fcgerisch gemeldeten Transaktion<\/p>\n<\/li>\n<li data-start=\"282\" data-end=\"329\">\n<p data-start=\"284\" data-end=\"329\">Einer Bankreklamation oder einem Chargeback<\/p>\n<\/li>\n<li data-start=\"330\" data-end=\"379\">\n<p data-start=\"332\" data-end=\"379\">Einer Unstimmigkeit bei der Bestellabwicklung<\/p>\n<\/li>\n<li data-start=\"380\" data-end=\"449\">\n<p data-start=\"382\" data-end=\"449\">Einem Versto\u00df gegen unsere Allgemeinen Gesch\u00e4ftsbedingungen (AGB)<\/p>\n<\/li>\n<\/ul>\n<hr data-start=\"451\" data-end=\"454\" \/>\n<h2 data-start=\"456\" data-end=\"512\">\u2753 <strong data-start=\"458\" data-end=\"512\">Glauben Sie, dass es sich um einen Fehler handelt?<\/strong><\/h2>\n<p data-start=\"514\" data-end=\"576\">Wir stehen Ihnen gerne zur Verf\u00fcgung, um Ihren Fall zu pr\u00fcfen.<\/p>\n<p data-start=\"578\" data-end=\"611\">Bitte kontaktieren Sie uns unter:<\/p>\n<p data-start=\"613\" data-end=\"638\">\ud83d\udce9 <strong data-start=\"616\" data-end=\"638\"><a class=\"decorated-link cursor-pointer\" rel=\"noopener\" data-start=\"618\" data-end=\"636\">webmaster@x-bar.co<\/a><\/strong><\/p>\n<p data-start=\"640\" data-end=\"665\">Geben Sie dabei bitte an:<\/p>\n<ul data-start=\"667\" data-end=\"797\" data-is-last-node=\"\" data-is-only-node=\"\">\n<li data-start=\"667\" data-end=\"696\">\n<p data-start=\"669\" data-end=\"696\">Ihren vollst\u00e4ndigen Namen<\/p>\n<\/li>\n<li data-start=\"697\" data-end=\"746\">\n<p data-start=\"699\" data-end=\"746\">Die mit Ihrem Konto verkn\u00fcpfte E-Mail-Adresse<\/p>\n<\/li>\n<li data-start=\"747\" data-end=\"797\" data-is-last-node=\"\">\n<p data-start=\"749\" data-end=\"797\" data-is-last-node=\"\">Die betreffende Bestellnummer (falls zutreffend)<\/p>\n<\/li>\n<\/ul>\n<\/div>\n<\/div>\n<\/div>\n<\/div>\n<div class=\"z-0 flex min-h-[46px] justify-start\"><\/div>\n<div class=\"mt-3 w-full empty:hidden\">\n<div class=\"text-center\"><\/div>\n<\/div>\n<\/div>\n<\/div>\n<\/article>\n<\/div>\n<div class=\"pointer-events-none h-px w-px absolute bottom-0\" aria-hidden=\"true\" data-edge=\"true\"><\/div>\n","protected":false},"excerpt":{"rendered":"<p>\ud83d\udd12 Ihr Konto wurde gesperrt. Nach einer internen \u00dcberpr\u00fcfung im Zusammenhang mit einer Ihrer Transaktionen wurde der Zugriff auf Ihr Konto aus Sicherheitsgr\u00fcnden eingeschr\u00e4nkt. Diese Ma\u00dfnahme kann in Zusammenhang stehen mit: Einer <a href=\"https:\/\/x-bar.co\/de\/account-blocked\/\" class=\"more-link\">&#8230;<span class=\"screen-reader-text\">  Ihr Konto wurde gesperrt<\/span><\/a><\/p>\n","protected":false},"author":1,"featured_media":0,"parent":0,"menu_order":0,"comment_status":"closed","ping_status":"closed","template":"","meta":{"_acf_changed":false,"footnotes":""},"class_list":["post-393476","page","type-page","status-publish","hentry"],"yoast_head":"<!-- This site is optimized with the Yoast SEO Premium plugin v27.3 (Yoast SEO v27.3) - https:\/\/yoast.com\/product\/yoast-seo-premium-wordpress\/ -->\n<title>Ihr Konto wurde gesperrt - X-Bar\u00ae - Offizieller Online-Shop<\/title>\n<meta name=\"robots\" content=\"index, follow, max-snippet:-1, max-image-preview:large, max-video-preview:-1\" \/>\n<link rel=\"canonical\" href=\"https:\/\/x-bar.co\/de\/account-blocked\/\" \/>\n<meta property=\"og:locale\" content=\"de_DE\" \/>\n<meta property=\"og:type\" content=\"article\" \/>\n<meta property=\"og:title\" content=\"Ihr Konto wurde gesperrt\" \/>\n<meta property=\"og:description\" content=\"\ud83d\udd12 Ihr Konto wurde gesperrt. Nach einer internen \u00dcberpr\u00fcfung im Zusammenhang mit einer Ihrer Transaktionen wurde der Zugriff auf Ihr Konto aus Sicherheitsgr\u00fcnden eingeschr\u00e4nkt. Diese Ma\u00dfnahme kann in Zusammenhang stehen mit: Einer ... Ihr Konto wurde gesperrt\" \/>\n<meta property=\"og:url\" content=\"https:\/\/x-bar.co\/de\/account-blocked\/\" \/>\n<meta property=\"og:site_name\" content=\"X-Bar\u00ae - Offizieller Online-Shop\" \/>\n<meta property=\"article:modified_time\" content=\"2026-02-25T10:35:11+00:00\" \/>\n<meta property=\"og:image\" content=\"https:\/\/x-bar.co\/wp-content\/uploads\/2023\/06\/xbar-metaimage.jpg\" \/>\n\t<meta property=\"og:image:width\" content=\"1200\" \/>\n\t<meta property=\"og:image:height\" content=\"765\" \/>\n\t<meta property=\"og:image:type\" content=\"image\/jpeg\" \/>\n<meta name=\"twitter:card\" content=\"summary_large_image\" \/>\n<meta name=\"twitter:label1\" content=\"Gesch\u00e4tzte Lesezeit\" \/>\n\t<meta name=\"twitter:data1\" content=\"1\u00a0Minute\" \/>\n<script type=\"application\/ld+json\" class=\"yoast-schema-graph\">{\"@context\":\"https:\\\/\\\/schema.org\",\"@graph\":[{\"@type\":\"WebPage\",\"@id\":\"https:\\\/\\\/x-bar.co\\\/de\\\/account-blocked\\\/\",\"url\":\"https:\\\/\\\/x-bar.co\\\/de\\\/account-blocked\\\/\",\"name\":\"Ihr Konto wurde gesperrt - X-Bar\u00ae - Offizieller Online-Shop\",\"isPartOf\":{\"@id\":\"https:\\\/\\\/x-bar.co\\\/de\\\/#website\"},\"datePublished\":\"2026-02-25T10:25:35+00:00\",\"dateModified\":\"2026-02-25T10:35:11+00:00\",\"breadcrumb\":{\"@id\":\"https:\\\/\\\/x-bar.co\\\/de\\\/account-blocked\\\/#breadcrumb\"},\"inLanguage\":\"de\",\"potentialAction\":[{\"@type\":\"ReadAction\",\"target\":[\"https:\\\/\\\/x-bar.co\\\/de\\\/account-blocked\\\/\"]}]},{\"@type\":\"BreadcrumbList\",\"@id\":\"https:\\\/\\\/x-bar.co\\\/de\\\/account-blocked\\\/#breadcrumb\",\"itemListElement\":[{\"@type\":\"ListItem\",\"position\":1,\"name\":\"Accueil\",\"item\":\"https:\\\/\\\/x-bar.co\\\/de\\\/\"},{\"@type\":\"ListItem\",\"position\":2,\"name\":\"Ihr Konto wurde gesperrt\"}]},{\"@type\":\"WebSite\",\"@id\":\"https:\\\/\\\/x-bar.co\\\/de\\\/#website\",\"url\":\"https:\\\/\\\/x-bar.co\\\/de\\\/\",\"name\":\"X-Bar\u00ae - Official Online Shop\",\"description\":\"Offizieller X-Bar-Onlineshop. Die besten E-Zigaretten weltweit. Vape-Pods, Puffs, E-Liquids, Ger\u00e4te mit offenen Pod-Systemen ...\",\"publisher\":{\"@id\":\"https:\\\/\\\/x-bar.co\\\/de\\\/#organization\"},\"potentialAction\":[{\"@type\":\"SearchAction\",\"target\":{\"@type\":\"EntryPoint\",\"urlTemplate\":\"https:\\\/\\\/x-bar.co\\\/de\\\/?s={search_term_string}\"},\"query-input\":{\"@type\":\"PropertyValueSpecification\",\"valueRequired\":true,\"valueName\":\"search_term_string\"}}],\"inLanguage\":\"de\"},{\"@type\":\"Organization\",\"@id\":\"https:\\\/\\\/x-bar.co\\\/de\\\/#organization\",\"name\":\"X-Bar\u00ae - Official Online Shop\",\"url\":\"https:\\\/\\\/x-bar.co\\\/de\\\/\",\"logo\":{\"@type\":\"ImageObject\",\"inLanguage\":\"de\",\"@id\":\"https:\\\/\\\/x-bar.co\\\/de\\\/#\\\/schema\\\/logo\\\/image\\\/\",\"url\":\"https:\\\/\\\/x-bar.co\\\/wp-content\\\/uploads\\\/2022\\\/07\\\/xbar-logo.svg\",\"contentUrl\":\"https:\\\/\\\/x-bar.co\\\/wp-content\\\/uploads\\\/2022\\\/07\\\/xbar-logo.svg\",\"width\":266,\"height\":41,\"caption\":\"X-Bar\u00ae - Official Online Shop\"},\"image\":{\"@id\":\"https:\\\/\\\/x-bar.co\\\/de\\\/#\\\/schema\\\/logo\\\/image\\\/\"}}]}<\/script>\n<!-- \/ Yoast SEO Premium plugin. -->","yoast_head_json":{"title":"Ihr Konto wurde gesperrt - X-Bar\u00ae - Offizieller Online-Shop","robots":{"index":"index","follow":"follow","max-snippet":"max-snippet:-1","max-image-preview":"max-image-preview:large","max-video-preview":"max-video-preview:-1"},"canonical":"https:\/\/x-bar.co\/de\/account-blocked\/","og_locale":"de_DE","og_type":"article","og_title":"Ihr Konto wurde gesperrt","og_description":"\ud83d\udd12 Ihr Konto wurde gesperrt. Nach einer internen \u00dcberpr\u00fcfung im Zusammenhang mit einer Ihrer Transaktionen wurde der Zugriff auf Ihr Konto aus Sicherheitsgr\u00fcnden eingeschr\u00e4nkt. Diese Ma\u00dfnahme kann in Zusammenhang stehen mit: Einer ... Ihr Konto wurde gesperrt","og_url":"https:\/\/x-bar.co\/de\/account-blocked\/","og_site_name":"X-Bar\u00ae - Offizieller Online-Shop","article_modified_time":"2026-02-25T10:35:11+00:00","og_image":[{"width":1200,"height":765,"url":"https:\/\/x-bar.co\/wp-content\/uploads\/2023\/06\/xbar-metaimage.jpg","type":"image\/jpeg"}],"twitter_card":"summary_large_image","twitter_misc":{"Gesch\u00e4tzte Lesezeit":"1\u00a0Minute"},"schema":{"@context":"https:\/\/schema.org","@graph":[{"@type":"WebPage","@id":"https:\/\/x-bar.co\/de\/account-blocked\/","url":"https:\/\/x-bar.co\/de\/account-blocked\/","name":"Ihr Konto wurde gesperrt - X-Bar\u00ae - Offizieller Online-Shop","isPartOf":{"@id":"https:\/\/x-bar.co\/de\/#website"},"datePublished":"2026-02-25T10:25:35+00:00","dateModified":"2026-02-25T10:35:11+00:00","breadcrumb":{"@id":"https:\/\/x-bar.co\/de\/account-blocked\/#breadcrumb"},"inLanguage":"de","potentialAction":[{"@type":"ReadAction","target":["https:\/\/x-bar.co\/de\/account-blocked\/"]}]},{"@type":"BreadcrumbList","@id":"https:\/\/x-bar.co\/de\/account-blocked\/#breadcrumb","itemListElement":[{"@type":"ListItem","position":1,"name":"Accueil","item":"https:\/\/x-bar.co\/de\/"},{"@type":"ListItem","position":2,"name":"Ihr Konto wurde gesperrt"}]},{"@type":"WebSite","@id":"https:\/\/x-bar.co\/de\/#website","url":"https:\/\/x-bar.co\/de\/","name":"X-Bar\u00ae - Official Online Shop","description":"Offizieller X-Bar-Onlineshop. Die besten E-Zigaretten weltweit. Vape-Pods, Puffs, E-Liquids, Ger\u00e4te mit offenen Pod-Systemen ...","publisher":{"@id":"https:\/\/x-bar.co\/de\/#organization"},"potentialAction":[{"@type":"SearchAction","target":{"@type":"EntryPoint","urlTemplate":"https:\/\/x-bar.co\/de\/?s={search_term_string}"},"query-input":{"@type":"PropertyValueSpecification","valueRequired":true,"valueName":"search_term_string"}}],"inLanguage":"de"},{"@type":"Organization","@id":"https:\/\/x-bar.co\/de\/#organization","name":"X-Bar\u00ae - Official Online Shop","url":"https:\/\/x-bar.co\/de\/","logo":{"@type":"ImageObject","inLanguage":"de","@id":"https:\/\/x-bar.co\/de\/#\/schema\/logo\/image\/","url":"https:\/\/x-bar.co\/wp-content\/uploads\/2022\/07\/xbar-logo.svg","contentUrl":"https:\/\/x-bar.co\/wp-content\/uploads\/2022\/07\/xbar-logo.svg","width":266,"height":41,"caption":"X-Bar\u00ae - Official Online Shop"},"image":{"@id":"https:\/\/x-bar.co\/de\/#\/schema\/logo\/image\/"}}]}},"acf":[],"jetpack_sharing_enabled":true,"_links":{"self":[{"href":"https:\/\/x-bar.co\/de\/wp-json\/wp\/v2\/pages\/393476","targetHints":{"allow":["GET"]}}],"collection":[{"href":"https:\/\/x-bar.co\/de\/wp-json\/wp\/v2\/pages"}],"about":[{"href":"https:\/\/x-bar.co\/de\/wp-json\/wp\/v2\/types\/page"}],"author":[{"embeddable":true,"href":"https:\/\/x-bar.co\/de\/wp-json\/wp\/v2\/users\/1"}],"replies":[{"embeddable":true,"href":"https:\/\/x-bar.co\/de\/wp-json\/wp\/v2\/comments?post=393476"}],"version-history":[{"count":2,"href":"https:\/\/x-bar.co\/de\/wp-json\/wp\/v2\/pages\/393476\/revisions"}],"predecessor-version":[{"id":393482,"href":"https:\/\/x-bar.co\/de\/wp-json\/wp\/v2\/pages\/393476\/revisions\/393482"}],"wp:attachment":[{"href":"https:\/\/x-bar.co\/de\/wp-json\/wp\/v2\/media?parent=393476"}],"curies":[{"name":"wp","href":"https:\/\/api.w.org\/{rel}","templated":true}]}}