{"id":144617,"date":"2024-04-30T17:21:09","date_gmt":"2024-04-30T15:21:09","guid":{"rendered":"https:\/\/x-bar.co\/?post_type=product&#038;p=144617"},"modified":"2026-03-25T09:17:38","modified_gmt":"2026-03-25T08:17:38","slug":"x-bar-filter-pro-1-2-kit","status":"publish","type":"product","link":"https:\/\/x-bar.co\/de\/webshop\/x-bar-sortiment\/open-system-de\/filter-pro-de\/x-bar-filter-pro-1-2-kit\/","title":{"rendered":"X-Bar Filter Pro 1.2"},"content":{"rendered":"","protected":false},"excerpt":{"rendered":"<p><span style=\"font-size: 1.2em;\"><i class=\"fa-regular fa-magnet\"><\/i>\u00a0 St\u00e4rkere Magnete | <i class=\"fa-solid fa-droplet-slash\"><\/i>\u00a0Auslaufsichere Kapseln<\/span><\/p>\n<p>Eine verbesserte Version des urspr\u00fcnglichen Filter Pro mit st\u00e4rkeren Magneten f\u00fcr sicheren Halt und neu gestalteten auslaufsicheren E-Liquid-Pods. Es beh\u00e4lt alle besten Eigenschaften seines Vorg\u00e4ngers bei und macht dieses elektronische Dampfger\u00e4t unvergesslich. Egal, ob Sie ein leichteres Erlebnis nur mit dem Stift oder eine l\u00e4ngere Reise mit dem 1600-mAh-Akku bevorzugen, der Filter Pro hat f\u00fcr jeden etwas zu bieten.<\/p>\n","protected":false},"featured_media":144652,"template":"","meta":{"_acf_changed":false},"product_brand":[],"product_cat":[445,396],"product_tag":[386],"class_list":{"0":"post-144617","1":"product","2":"type-product","3":"status-publish","4":"has-post-thumbnail","6":"product_cat-product-template-2-de-2","7":"product_cat-filter-pro-de","8":"product_tag-open-system-de","10":"first","11":"instock","12":"taxable","13":"shipping-taxable","14":"purchasable","15":"product-type-variable","16":"has-default-attributes"},"yoast_head":"<!-- This site is optimized with the Yoast SEO Premium plugin v27.3 (Yoast SEO v27.3) - https:\/\/yoast.com\/product\/yoast-seo-premium-wordpress\/ -->\n<title>X-Bar Filter Pro 1.2 - X-Bar\u00ae - Offizieller Online-Shop<\/title>\n<meta name=\"robots\" content=\"index, follow, max-snippet:-1, max-image-preview:large, max-video-preview:-1\" \/>\n<link rel=\"canonical\" href=\"https:\/\/x-bar.co\/de\/webshop\/x-bar-sortiment\/open-system-de\/filter-pro-de\/x-bar-filter-pro-1-2-kit\/\" \/>\n<meta property=\"og:locale\" content=\"de_DE\" \/>\n<meta property=\"og:type\" content=\"article\" \/>\n<meta property=\"og:title\" content=\"X-Bar Filter Pro 1.2\" \/>\n<meta property=\"og:description\" content=\"\u00a0 St\u00e4rkere Magnete | \u00a0Auslaufsichere Kapseln  Eine verbesserte Version des urspr\u00fcnglichen Filter Pro mit st\u00e4rkeren Magneten f\u00fcr sicheren Halt und neu gestalteten auslaufsicheren E-Liquid-Pods. Es beh\u00e4lt alle besten Eigenschaften seines Vorg\u00e4ngers bei und macht dieses elektronische Dampfger\u00e4t unvergesslich. Egal, ob Sie ein leichteres Erlebnis nur mit dem Stift oder eine l\u00e4ngere Reise mit dem 1600-mAh-Akku bevorzugen, der Filter Pro hat f\u00fcr jeden etwas zu bieten.\" \/>\n<meta property=\"og:url\" content=\"https:\/\/x-bar.co\/de\/webshop\/x-bar-sortiment\/open-system-de\/filter-pro-de\/x-bar-filter-pro-1-2-kit\/\" \/>\n<meta property=\"og:site_name\" content=\"X-Bar\u00ae - Offizieller Online-Shop\" \/>\n<meta property=\"article:modified_time\" content=\"2026-03-25T08:17:38+00:00\" \/>\n<meta property=\"og:image\" content=\"https:\/\/x-bar.co\/wp-content\/uploads\/2024\/04\/filterpro-12-main-picture.png\" \/>\n\t<meta property=\"og:image:width\" content=\"650\" \/>\n\t<meta property=\"og:image:height\" content=\"650\" \/>\n\t<meta property=\"og:image:type\" content=\"image\/png\" \/>\n<meta name=\"twitter:card\" content=\"summary_large_image\" \/>\n<meta name=\"twitter:label1\" content=\"Verf\u00fcgbarkeit\" \/>\n\t<meta name=\"twitter:data1\" content=\"Auf Lager\" \/>\n<script type=\"application\/ld+json\" class=\"yoast-schema-graph\">{\"@context\":\"https:\\\/\\\/schema.org\",\"@graph\":[{\"@type\":\"WebPage\",\"@id\":\"https:\\\/\\\/x-bar.co\\\/de\\\/webshop\\\/x-bar-sortiment\\\/open-system-de\\\/filter-pro-de\\\/x-bar-filter-pro-1-2-kit\\\/\",\"url\":\"https:\\\/\\\/x-bar.co\\\/de\\\/webshop\\\/x-bar-sortiment\\\/open-system-de\\\/filter-pro-de\\\/x-bar-filter-pro-1-2-kit\\\/\",\"name\":\"X-Bar Filter Pro 1.2 - X-Bar\u00ae - Offizieller Online-Shop\",\"isPartOf\":{\"@id\":\"https:\\\/\\\/x-bar.co\\\/de\\\/#website\"},\"primaryImageOfPage\":{\"@id\":\"https:\\\/\\\/x-bar.co\\\/de\\\/webshop\\\/x-bar-sortiment\\\/open-system-de\\\/filter-pro-de\\\/x-bar-filter-pro-1-2-kit\\\/#primaryimage\"},\"image\":{\"@id\":\"https:\\\/\\\/x-bar.co\\\/de\\\/webshop\\\/x-bar-sortiment\\\/open-system-de\\\/filter-pro-de\\\/x-bar-filter-pro-1-2-kit\\\/#primaryimage\"},\"thumbnailUrl\":\"https:\\\/\\\/x-bar.co\\\/wp-content\\\/uploads\\\/2024\\\/04\\\/filterpro-12-main-picture.png\",\"datePublished\":\"2024-04-30T15:21:09+00:00\",\"dateModified\":\"2026-03-25T08:17:38+00:00\",\"breadcrumb\":{\"@id\":\"https:\\\/\\\/x-bar.co\\\/de\\\/webshop\\\/x-bar-sortiment\\\/open-system-de\\\/filter-pro-de\\\/x-bar-filter-pro-1-2-kit\\\/#breadcrumb\"},\"inLanguage\":\"de\",\"potentialAction\":[{\"@type\":\"ReadAction\",\"target\":[\"https:\\\/\\\/x-bar.co\\\/de\\\/webshop\\\/x-bar-sortiment\\\/open-system-de\\\/filter-pro-de\\\/x-bar-filter-pro-1-2-kit\\\/\"]}]},{\"@type\":\"ImageObject\",\"inLanguage\":\"de\",\"@id\":\"https:\\\/\\\/x-bar.co\\\/de\\\/webshop\\\/x-bar-sortiment\\\/open-system-de\\\/filter-pro-de\\\/x-bar-filter-pro-1-2-kit\\\/#primaryimage\",\"url\":\"https:\\\/\\\/x-bar.co\\\/wp-content\\\/uploads\\\/2024\\\/04\\\/filterpro-12-main-picture.png\",\"contentUrl\":\"https:\\\/\\\/x-bar.co\\\/wp-content\\\/uploads\\\/2024\\\/04\\\/filterpro-12-main-picture.png\",\"width\":650,\"height\":650},{\"@type\":\"BreadcrumbList\",\"@id\":\"https:\\\/\\\/x-bar.co\\\/de\\\/webshop\\\/x-bar-sortiment\\\/open-system-de\\\/filter-pro-de\\\/x-bar-filter-pro-1-2-kit\\\/#breadcrumb\",\"itemListElement\":[{\"@type\":\"ListItem\",\"position\":1,\"name\":\"Accueil\",\"item\":\"https:\\\/\\\/x-bar.co\\\/de\\\/\"},{\"@type\":\"ListItem\",\"position\":2,\"name\":\"Webshop\",\"item\":\"https:\\\/\\\/x-bar.co\\\/de\\\/webshop\\\/\"},{\"@type\":\"ListItem\",\"position\":3,\"name\":\"X-Bar Filter Pro 1.2\"}]},{\"@type\":\"WebSite\",\"@id\":\"https:\\\/\\\/x-bar.co\\\/de\\\/#website\",\"url\":\"https:\\\/\\\/x-bar.co\\\/de\\\/\",\"name\":\"X-Bar\u00ae - Official Online Shop\",\"description\":\"Offizieller X-Bar-Onlineshop. Die besten E-Zigaretten weltweit. Vape-Pods, Puffs, E-Liquids, Ger\u00e4te mit offenen Pod-Systemen ...\",\"publisher\":{\"@id\":\"https:\\\/\\\/x-bar.co\\\/de\\\/#organization\"},\"potentialAction\":[{\"@type\":\"SearchAction\",\"target\":{\"@type\":\"EntryPoint\",\"urlTemplate\":\"https:\\\/\\\/x-bar.co\\\/de\\\/?s={search_term_string}\"},\"query-input\":{\"@type\":\"PropertyValueSpecification\",\"valueRequired\":true,\"valueName\":\"search_term_string\"}}],\"inLanguage\":\"de\"},{\"@type\":\"Organization\",\"@id\":\"https:\\\/\\\/x-bar.co\\\/de\\\/#organization\",\"name\":\"X-Bar\u00ae - Official Online Shop\",\"url\":\"https:\\\/\\\/x-bar.co\\\/de\\\/\",\"logo\":{\"@type\":\"ImageObject\",\"inLanguage\":\"de\",\"@id\":\"https:\\\/\\\/x-bar.co\\\/de\\\/#\\\/schema\\\/logo\\\/image\\\/\",\"url\":\"https:\\\/\\\/x-bar.co\\\/wp-content\\\/uploads\\\/2022\\\/07\\\/xbar-logo.svg\",\"contentUrl\":\"https:\\\/\\\/x-bar.co\\\/wp-content\\\/uploads\\\/2022\\\/07\\\/xbar-logo.svg\",\"width\":266,\"height\":41,\"caption\":\"X-Bar\u00ae - Official Online Shop\"},\"image\":{\"@id\":\"https:\\\/\\\/x-bar.co\\\/de\\\/#\\\/schema\\\/logo\\\/image\\\/\"}}]}<\/script>\n<meta property=\"og:availability\" content=\"instock\" \/>\n<meta property=\"product:availability\" content=\"instock\" \/>\n<meta property=\"product:condition\" content=\"new\" \/>\n<!-- \/ Yoast SEO Premium plugin. -->","yoast_head_json":{"title":"X-Bar Filter Pro 1.2 - X-Bar\u00ae - Offizieller Online-Shop","robots":{"index":"index","follow":"follow","max-snippet":"max-snippet:-1","max-image-preview":"max-image-preview:large","max-video-preview":"max-video-preview:-1"},"canonical":"https:\/\/x-bar.co\/de\/webshop\/x-bar-sortiment\/open-system-de\/filter-pro-de\/x-bar-filter-pro-1-2-kit\/","og_locale":"de_DE","og_type":"article","og_title":"X-Bar Filter Pro 1.2","og_description":"\u00a0 St\u00e4rkere Magnete | \u00a0Auslaufsichere Kapseln  Eine verbesserte Version des urspr\u00fcnglichen Filter Pro mit st\u00e4rkeren Magneten f\u00fcr sicheren Halt und neu gestalteten auslaufsicheren E-Liquid-Pods. Es beh\u00e4lt alle besten Eigenschaften seines Vorg\u00e4ngers bei und macht dieses elektronische Dampfger\u00e4t unvergesslich. Egal, ob Sie ein leichteres Erlebnis nur mit dem Stift oder eine l\u00e4ngere Reise mit dem 1600-mAh-Akku bevorzugen, der Filter Pro hat f\u00fcr jeden etwas zu bieten.","og_url":"https:\/\/x-bar.co\/de\/webshop\/x-bar-sortiment\/open-system-de\/filter-pro-de\/x-bar-filter-pro-1-2-kit\/","og_site_name":"X-Bar\u00ae - Offizieller Online-Shop","article_modified_time":"2026-03-25T08:17:38+00:00","og_image":[{"width":650,"height":650,"url":"https:\/\/x-bar.co\/wp-content\/uploads\/2024\/04\/filterpro-12-main-picture.png","type":"image\/png"}],"twitter_card":"summary_large_image","twitter_misc":{"Verf\u00fcgbarkeit":"Auf Lager"},"schema":{"@context":"https:\/\/schema.org","@graph":[{"@type":"WebPage","@id":"https:\/\/x-bar.co\/de\/webshop\/x-bar-sortiment\/open-system-de\/filter-pro-de\/x-bar-filter-pro-1-2-kit\/","url":"https:\/\/x-bar.co\/de\/webshop\/x-bar-sortiment\/open-system-de\/filter-pro-de\/x-bar-filter-pro-1-2-kit\/","name":"X-Bar Filter Pro 1.2 - X-Bar\u00ae - Offizieller Online-Shop","isPartOf":{"@id":"https:\/\/x-bar.co\/de\/#website"},"primaryImageOfPage":{"@id":"https:\/\/x-bar.co\/de\/webshop\/x-bar-sortiment\/open-system-de\/filter-pro-de\/x-bar-filter-pro-1-2-kit\/#primaryimage"},"image":{"@id":"https:\/\/x-bar.co\/de\/webshop\/x-bar-sortiment\/open-system-de\/filter-pro-de\/x-bar-filter-pro-1-2-kit\/#primaryimage"},"thumbnailUrl":"https:\/\/x-bar.co\/wp-content\/uploads\/2024\/04\/filterpro-12-main-picture.png","datePublished":"2024-04-30T15:21:09+00:00","dateModified":"2026-03-25T08:17:38+00:00","breadcrumb":{"@id":"https:\/\/x-bar.co\/de\/webshop\/x-bar-sortiment\/open-system-de\/filter-pro-de\/x-bar-filter-pro-1-2-kit\/#breadcrumb"},"inLanguage":"de","potentialAction":[{"@type":"ReadAction","target":["https:\/\/x-bar.co\/de\/webshop\/x-bar-sortiment\/open-system-de\/filter-pro-de\/x-bar-filter-pro-1-2-kit\/"]}]},{"@type":"ImageObject","inLanguage":"de","@id":"https:\/\/x-bar.co\/de\/webshop\/x-bar-sortiment\/open-system-de\/filter-pro-de\/x-bar-filter-pro-1-2-kit\/#primaryimage","url":"https:\/\/x-bar.co\/wp-content\/uploads\/2024\/04\/filterpro-12-main-picture.png","contentUrl":"https:\/\/x-bar.co\/wp-content\/uploads\/2024\/04\/filterpro-12-main-picture.png","width":650,"height":650},{"@type":"BreadcrumbList","@id":"https:\/\/x-bar.co\/de\/webshop\/x-bar-sortiment\/open-system-de\/filter-pro-de\/x-bar-filter-pro-1-2-kit\/#breadcrumb","itemListElement":[{"@type":"ListItem","position":1,"name":"Accueil","item":"https:\/\/x-bar.co\/de\/"},{"@type":"ListItem","position":2,"name":"Webshop","item":"https:\/\/x-bar.co\/de\/webshop\/"},{"@type":"ListItem","position":3,"name":"X-Bar Filter Pro 1.2"}]},{"@type":"WebSite","@id":"https:\/\/x-bar.co\/de\/#website","url":"https:\/\/x-bar.co\/de\/","name":"X-Bar\u00ae - Official Online Shop","description":"Offizieller X-Bar-Onlineshop. Die besten E-Zigaretten weltweit. Vape-Pods, Puffs, E-Liquids, Ger\u00e4te mit offenen Pod-Systemen ...","publisher":{"@id":"https:\/\/x-bar.co\/de\/#organization"},"potentialAction":[{"@type":"SearchAction","target":{"@type":"EntryPoint","urlTemplate":"https:\/\/x-bar.co\/de\/?s={search_term_string}"},"query-input":{"@type":"PropertyValueSpecification","valueRequired":true,"valueName":"search_term_string"}}],"inLanguage":"de"},{"@type":"Organization","@id":"https:\/\/x-bar.co\/de\/#organization","name":"X-Bar\u00ae - Official Online Shop","url":"https:\/\/x-bar.co\/de\/","logo":{"@type":"ImageObject","inLanguage":"de","@id":"https:\/\/x-bar.co\/de\/#\/schema\/logo\/image\/","url":"https:\/\/x-bar.co\/wp-content\/uploads\/2022\/07\/xbar-logo.svg","contentUrl":"https:\/\/x-bar.co\/wp-content\/uploads\/2022\/07\/xbar-logo.svg","width":266,"height":41,"caption":"X-Bar\u00ae - Official Online Shop"},"image":{"@id":"https:\/\/x-bar.co\/de\/#\/schema\/logo\/image\/"}}]},"og_availability":"instock","product_availability":"instock","product_condition":"new"},"acf":[],"jetpack_sharing_enabled":true,"_links":{"self":[{"href":"https:\/\/x-bar.co\/de\/wp-json\/wp\/v2\/product\/144617","targetHints":{"allow":["GET"]}}],"collection":[{"href":"https:\/\/x-bar.co\/de\/wp-json\/wp\/v2\/product"}],"about":[{"href":"https:\/\/x-bar.co\/de\/wp-json\/wp\/v2\/types\/product"}],"wp:featuredmedia":[{"embeddable":true,"href":"https:\/\/x-bar.co\/de\/wp-json\/wp\/v2\/media\/144652"}],"wp:attachment":[{"href":"https:\/\/x-bar.co\/de\/wp-json\/wp\/v2\/media?parent=144617"}],"wp:term":[{"taxonomy":"product_brand","embeddable":true,"href":"https:\/\/x-bar.co\/de\/wp-json\/wp\/v2\/product_brand?post=144617"},{"taxonomy":"product_cat","embeddable":true,"href":"https:\/\/x-bar.co\/de\/wp-json\/wp\/v2\/product_cat?post=144617"},{"taxonomy":"product_tag","embeddable":true,"href":"https:\/\/x-bar.co\/de\/wp-json\/wp\/v2\/product_tag?post=144617"}],"curies":[{"name":"wp","href":"https:\/\/api.w.org\/{rel}","templated":true}]}}