{"id":157677,"date":"2024-05-31T18:22:24","date_gmt":"2024-05-31T16:22:24","guid":{"rendered":"https:\/\/x-bar.co\/?post_type=product&#038;p=157677"},"modified":"2026-04-09T18:59:35","modified_gmt":"2026-04-09T16:59:35","slug":"click-puff-pod-cbd-lemon-haze","status":"publish","type":"product","link":"https:\/\/x-bar.co\/de\/webshop\/x-bar-sortiment\/click-puff-de\/x-bar-click-puff-pod-de\/click-puff-pod-cbd-lemon-haze\/","title":{"rendered":"Click &#038; Puff &#8211; Pod CBD &#8211; Lemon Haze"},"content":{"rendered":"","protected":false},"excerpt":{"rendered":"<p>Vorstellen m\u00f6chten wir Ihnen POD CBD Lemon Haze, eine k\u00f6stliche Mischung aus Zitronenschale und beruhigendem CBD, perfekt f\u00fcr all jene, die ein erfrischendes, aber dennoch ruhiges Dampferlebnis suchen. Mit jedem Atemzug genie\u00dfen Sie die belebende Fusion aus herbem Zitronenaroma und subtilen CBD-Untert\u00f6nen, die Sie erfrischt und revitalisiert zur\u00fccklassen. Egal, ob Sie sich entspannen oder nach Gelassenheit suchen, POD CBD Lemon Haze verspricht ein zufriedenstellendes Dampferlebnis, das Sie immer wieder genie\u00dfen m\u00f6chten.<\/p>\n","protected":false},"featured_media":395703,"template":"","meta":{"_acf_changed":false},"product_brand":[],"product_cat":[161,584,160],"product_tag":[],"class_list":{"0":"post-157677","1":"product","2":"type-product","3":"status-publish","4":"has-post-thumbnail","6":"product_cat-x-bar-click-puff-pod-de","7":"product_cat-x-bar-click-puff-pod-cbd-de","8":"product_cat-cbd-de","10":"first","11":"instock","12":"taxable","13":"shipping-taxable","14":"purchasable","15":"product-type-simple"},"yoast_head":"<!-- This site is optimized with the Yoast SEO Premium plugin v27.3 (Yoast SEO v27.3) - https:\/\/yoast.com\/product\/yoast-seo-premium-wordpress\/ -->\n<title>Click &amp; Puff - Pod CBD - Lemon Haze - X-Bar\u00ae - Offizieller Online-Shop<\/title>\n<meta name=\"robots\" content=\"index, follow, max-snippet:-1, max-image-preview:large, max-video-preview:-1\" \/>\n<link rel=\"canonical\" href=\"https:\/\/x-bar.co\/de\/webshop\/x-bar-sortiment\/click-puff-de\/x-bar-click-puff-pod-de\/click-puff-pod-cbd-lemon-haze\/\" \/>\n<meta property=\"og:locale\" content=\"de_DE\" \/>\n<meta property=\"og:type\" content=\"article\" \/>\n<meta property=\"og:title\" content=\"Click &amp; Puff - Pod CBD - Lemon Haze\" \/>\n<meta property=\"og:description\" content=\"Vorstellen m\u00f6chten wir Ihnen POD CBD Lemon Haze, eine k\u00f6stliche Mischung aus Zitronenschale und beruhigendem CBD, perfekt f\u00fcr all jene, die ein erfrischendes, aber dennoch ruhiges Dampferlebnis suchen. Mit jedem Atemzug genie\u00dfen Sie die belebende Fusion aus herbem Zitronenaroma und subtilen CBD-Untert\u00f6nen, die Sie erfrischt und revitalisiert zur\u00fccklassen. Egal, ob Sie sich entspannen oder nach Gelassenheit suchen, POD CBD Lemon Haze verspricht ein zufriedenstellendes Dampferlebnis, das Sie immer wieder genie\u00dfen m\u00f6chten.\" \/>\n<meta property=\"og:url\" content=\"https:\/\/x-bar.co\/de\/webshop\/x-bar-sortiment\/click-puff-de\/x-bar-click-puff-pod-de\/click-puff-pod-cbd-lemon-haze\/\" \/>\n<meta property=\"og:site_name\" content=\"X-Bar\u00ae - Offizieller Online-Shop\" \/>\n<meta property=\"article:modified_time\" content=\"2026-04-09T16:59:35+00:00\" \/>\n<meta property=\"og:image\" content=\"https:\/\/x-bar.co\/wp-content\/uploads\/2024\/05\/xbar-clickandpuff-pod-cbd-lemonhaze-nolemon.png\" \/>\n\t<meta property=\"og:image:width\" content=\"650\" \/>\n\t<meta property=\"og:image:height\" content=\"650\" \/>\n\t<meta property=\"og:image:type\" content=\"image\/png\" \/>\n<meta name=\"twitter:card\" content=\"summary_large_image\" \/>\n<meta name=\"twitter:label1\" content=\"Preis\" \/>\n\t<meta name=\"twitter:data1\" content=\"8,90&nbsp;&euro;\" \/>\n\t<meta name=\"twitter:label2\" content=\"Verf\u00fcgbarkeit\" \/>\n\t<meta name=\"twitter:data2\" content=\"Auf Lager\" \/>\n<script type=\"application\/ld+json\" class=\"yoast-schema-graph\">{\"@context\":\"https:\\\/\\\/schema.org\",\"@graph\":[{\"@type\":\"WebPage\",\"@id\":\"https:\\\/\\\/x-bar.co\\\/de\\\/webshop\\\/x-bar-sortiment\\\/click-puff-de\\\/x-bar-click-puff-pod-de\\\/click-puff-pod-cbd-lemon-haze\\\/\",\"url\":\"https:\\\/\\\/x-bar.co\\\/de\\\/webshop\\\/x-bar-sortiment\\\/click-puff-de\\\/x-bar-click-puff-pod-de\\\/click-puff-pod-cbd-lemon-haze\\\/\",\"name\":\"Click & Puff - Pod CBD - Lemon Haze - X-Bar\u00ae - Offizieller Online-Shop\",\"isPartOf\":{\"@id\":\"https:\\\/\\\/x-bar.co\\\/de\\\/#website\"},\"primaryImageOfPage\":{\"@id\":\"https:\\\/\\\/x-bar.co\\\/de\\\/webshop\\\/x-bar-sortiment\\\/click-puff-de\\\/x-bar-click-puff-pod-de\\\/click-puff-pod-cbd-lemon-haze\\\/#primaryimage\"},\"image\":{\"@id\":\"https:\\\/\\\/x-bar.co\\\/de\\\/webshop\\\/x-bar-sortiment\\\/click-puff-de\\\/x-bar-click-puff-pod-de\\\/click-puff-pod-cbd-lemon-haze\\\/#primaryimage\"},\"thumbnailUrl\":\"https:\\\/\\\/x-bar.co\\\/wp-content\\\/uploads\\\/2024\\\/05\\\/cp_pod_pack_lemon_haze.png\",\"datePublished\":\"2024-05-31T16:22:24+00:00\",\"dateModified\":\"2026-04-09T16:59:35+00:00\",\"breadcrumb\":{\"@id\":\"https:\\\/\\\/x-bar.co\\\/de\\\/webshop\\\/x-bar-sortiment\\\/click-puff-de\\\/x-bar-click-puff-pod-de\\\/click-puff-pod-cbd-lemon-haze\\\/#breadcrumb\"},\"inLanguage\":\"de\",\"potentialAction\":[{\"@type\":\"ReadAction\",\"target\":[\"https:\\\/\\\/x-bar.co\\\/de\\\/webshop\\\/x-bar-sortiment\\\/click-puff-de\\\/x-bar-click-puff-pod-de\\\/click-puff-pod-cbd-lemon-haze\\\/\"]}]},{\"@type\":\"ImageObject\",\"inLanguage\":\"de\",\"@id\":\"https:\\\/\\\/x-bar.co\\\/de\\\/webshop\\\/x-bar-sortiment\\\/click-puff-de\\\/x-bar-click-puff-pod-de\\\/click-puff-pod-cbd-lemon-haze\\\/#primaryimage\",\"url\":\"https:\\\/\\\/x-bar.co\\\/wp-content\\\/uploads\\\/2024\\\/05\\\/cp_pod_pack_lemon_haze.png\",\"contentUrl\":\"https:\\\/\\\/x-bar.co\\\/wp-content\\\/uploads\\\/2024\\\/05\\\/cp_pod_pack_lemon_haze.png\",\"width\":650,\"height\":650},{\"@type\":\"BreadcrumbList\",\"@id\":\"https:\\\/\\\/x-bar.co\\\/de\\\/webshop\\\/x-bar-sortiment\\\/click-puff-de\\\/x-bar-click-puff-pod-de\\\/click-puff-pod-cbd-lemon-haze\\\/#breadcrumb\",\"itemListElement\":[{\"@type\":\"ListItem\",\"position\":1,\"name\":\"Accueil\",\"item\":\"https:\\\/\\\/x-bar.co\\\/de\\\/\"},{\"@type\":\"ListItem\",\"position\":2,\"name\":\"Webshop\",\"item\":\"https:\\\/\\\/x-bar.co\\\/de\\\/webshop\\\/\"},{\"@type\":\"ListItem\",\"position\":3,\"name\":\"Click &#038; Puff &#8211; Pod CBD &#8211; Lemon Haze\"}]},{\"@type\":\"WebSite\",\"@id\":\"https:\\\/\\\/x-bar.co\\\/de\\\/#website\",\"url\":\"https:\\\/\\\/x-bar.co\\\/de\\\/\",\"name\":\"X-Bar\u00ae - Official Online Shop\",\"description\":\"Offizieller X-Bar-Onlineshop. Die besten E-Zigaretten weltweit. Vape-Pods, Puffs, E-Liquids, Ger\u00e4te mit offenen Pod-Systemen ...\",\"publisher\":{\"@id\":\"https:\\\/\\\/x-bar.co\\\/de\\\/#organization\"},\"potentialAction\":[{\"@type\":\"SearchAction\",\"target\":{\"@type\":\"EntryPoint\",\"urlTemplate\":\"https:\\\/\\\/x-bar.co\\\/de\\\/?s={search_term_string}\"},\"query-input\":{\"@type\":\"PropertyValueSpecification\",\"valueRequired\":true,\"valueName\":\"search_term_string\"}}],\"inLanguage\":\"de\"},{\"@type\":\"Organization\",\"@id\":\"https:\\\/\\\/x-bar.co\\\/de\\\/#organization\",\"name\":\"X-Bar\u00ae - Official Online Shop\",\"url\":\"https:\\\/\\\/x-bar.co\\\/de\\\/\",\"logo\":{\"@type\":\"ImageObject\",\"inLanguage\":\"de\",\"@id\":\"https:\\\/\\\/x-bar.co\\\/de\\\/#\\\/schema\\\/logo\\\/image\\\/\",\"url\":\"https:\\\/\\\/x-bar.co\\\/wp-content\\\/uploads\\\/2022\\\/07\\\/xbar-logo.svg\",\"contentUrl\":\"https:\\\/\\\/x-bar.co\\\/wp-content\\\/uploads\\\/2022\\\/07\\\/xbar-logo.svg\",\"width\":266,\"height\":41,\"caption\":\"X-Bar\u00ae - Official Online Shop\"},\"image\":{\"@id\":\"https:\\\/\\\/x-bar.co\\\/de\\\/#\\\/schema\\\/logo\\\/image\\\/\"}}]}<\/script>\n<meta property=\"product:price:amount\" content=\"8.90\" \/>\n<meta property=\"product:price:currency\" content=\"EUR\" \/>\n<meta property=\"og:availability\" content=\"instock\" \/>\n<meta property=\"product:availability\" content=\"instock\" \/>\n<meta property=\"product:retailer_item_id\" content=\"206159\" \/>\n<meta property=\"product:condition\" content=\"new\" \/>\n<!-- \/ Yoast SEO Premium plugin. -->","yoast_head_json":{"title":"Click & Puff - Pod CBD - Lemon Haze - X-Bar\u00ae - Offizieller Online-Shop","robots":{"index":"index","follow":"follow","max-snippet":"max-snippet:-1","max-image-preview":"max-image-preview:large","max-video-preview":"max-video-preview:-1"},"canonical":"https:\/\/x-bar.co\/de\/webshop\/x-bar-sortiment\/click-puff-de\/x-bar-click-puff-pod-de\/click-puff-pod-cbd-lemon-haze\/","og_locale":"de_DE","og_type":"article","og_title":"Click & Puff - Pod CBD - Lemon Haze","og_description":"Vorstellen m\u00f6chten wir Ihnen POD CBD Lemon Haze, eine k\u00f6stliche Mischung aus Zitronenschale und beruhigendem CBD, perfekt f\u00fcr all jene, die ein erfrischendes, aber dennoch ruhiges Dampferlebnis suchen. Mit jedem Atemzug genie\u00dfen Sie die belebende Fusion aus herbem Zitronenaroma und subtilen CBD-Untert\u00f6nen, die Sie erfrischt und revitalisiert zur\u00fccklassen. Egal, ob Sie sich entspannen oder nach Gelassenheit suchen, POD CBD Lemon Haze verspricht ein zufriedenstellendes Dampferlebnis, das Sie immer wieder genie\u00dfen m\u00f6chten.","og_url":"https:\/\/x-bar.co\/de\/webshop\/x-bar-sortiment\/click-puff-de\/x-bar-click-puff-pod-de\/click-puff-pod-cbd-lemon-haze\/","og_site_name":"X-Bar\u00ae - Offizieller Online-Shop","article_modified_time":"2026-04-09T16:59:35+00:00","og_image":[{"width":650,"height":650,"url":"https:\/\/x-bar.co\/wp-content\/uploads\/2024\/05\/xbar-clickandpuff-pod-cbd-lemonhaze-nolemon.png","type":"image\/png"}],"twitter_card":"summary_large_image","twitter_misc":{"Preis":"8,90&nbsp;&euro;","Verf\u00fcgbarkeit":"Auf Lager"},"schema":{"@context":"https:\/\/schema.org","@graph":[{"@type":"WebPage","@id":"https:\/\/x-bar.co\/de\/webshop\/x-bar-sortiment\/click-puff-de\/x-bar-click-puff-pod-de\/click-puff-pod-cbd-lemon-haze\/","url":"https:\/\/x-bar.co\/de\/webshop\/x-bar-sortiment\/click-puff-de\/x-bar-click-puff-pod-de\/click-puff-pod-cbd-lemon-haze\/","name":"Click & Puff - Pod CBD - Lemon Haze - X-Bar\u00ae - Offizieller Online-Shop","isPartOf":{"@id":"https:\/\/x-bar.co\/de\/#website"},"primaryImageOfPage":{"@id":"https:\/\/x-bar.co\/de\/webshop\/x-bar-sortiment\/click-puff-de\/x-bar-click-puff-pod-de\/click-puff-pod-cbd-lemon-haze\/#primaryimage"},"image":{"@id":"https:\/\/x-bar.co\/de\/webshop\/x-bar-sortiment\/click-puff-de\/x-bar-click-puff-pod-de\/click-puff-pod-cbd-lemon-haze\/#primaryimage"},"thumbnailUrl":"https:\/\/x-bar.co\/wp-content\/uploads\/2024\/05\/cp_pod_pack_lemon_haze.png","datePublished":"2024-05-31T16:22:24+00:00","dateModified":"2026-04-09T16:59:35+00:00","breadcrumb":{"@id":"https:\/\/x-bar.co\/de\/webshop\/x-bar-sortiment\/click-puff-de\/x-bar-click-puff-pod-de\/click-puff-pod-cbd-lemon-haze\/#breadcrumb"},"inLanguage":"de","potentialAction":[{"@type":"ReadAction","target":["https:\/\/x-bar.co\/de\/webshop\/x-bar-sortiment\/click-puff-de\/x-bar-click-puff-pod-de\/click-puff-pod-cbd-lemon-haze\/"]}]},{"@type":"ImageObject","inLanguage":"de","@id":"https:\/\/x-bar.co\/de\/webshop\/x-bar-sortiment\/click-puff-de\/x-bar-click-puff-pod-de\/click-puff-pod-cbd-lemon-haze\/#primaryimage","url":"https:\/\/x-bar.co\/wp-content\/uploads\/2024\/05\/cp_pod_pack_lemon_haze.png","contentUrl":"https:\/\/x-bar.co\/wp-content\/uploads\/2024\/05\/cp_pod_pack_lemon_haze.png","width":650,"height":650},{"@type":"BreadcrumbList","@id":"https:\/\/x-bar.co\/de\/webshop\/x-bar-sortiment\/click-puff-de\/x-bar-click-puff-pod-de\/click-puff-pod-cbd-lemon-haze\/#breadcrumb","itemListElement":[{"@type":"ListItem","position":1,"name":"Accueil","item":"https:\/\/x-bar.co\/de\/"},{"@type":"ListItem","position":2,"name":"Webshop","item":"https:\/\/x-bar.co\/de\/webshop\/"},{"@type":"ListItem","position":3,"name":"Click &#038; Puff &#8211; Pod CBD &#8211; Lemon Haze"}]},{"@type":"WebSite","@id":"https:\/\/x-bar.co\/de\/#website","url":"https:\/\/x-bar.co\/de\/","name":"X-Bar\u00ae - Official Online Shop","description":"Offizieller X-Bar-Onlineshop. Die besten E-Zigaretten weltweit. Vape-Pods, Puffs, E-Liquids, Ger\u00e4te mit offenen Pod-Systemen ...","publisher":{"@id":"https:\/\/x-bar.co\/de\/#organization"},"potentialAction":[{"@type":"SearchAction","target":{"@type":"EntryPoint","urlTemplate":"https:\/\/x-bar.co\/de\/?s={search_term_string}"},"query-input":{"@type":"PropertyValueSpecification","valueRequired":true,"valueName":"search_term_string"}}],"inLanguage":"de"},{"@type":"Organization","@id":"https:\/\/x-bar.co\/de\/#organization","name":"X-Bar\u00ae - Official Online Shop","url":"https:\/\/x-bar.co\/de\/","logo":{"@type":"ImageObject","inLanguage":"de","@id":"https:\/\/x-bar.co\/de\/#\/schema\/logo\/image\/","url":"https:\/\/x-bar.co\/wp-content\/uploads\/2022\/07\/xbar-logo.svg","contentUrl":"https:\/\/x-bar.co\/wp-content\/uploads\/2022\/07\/xbar-logo.svg","width":266,"height":41,"caption":"X-Bar\u00ae - Official Online Shop"},"image":{"@id":"https:\/\/x-bar.co\/de\/#\/schema\/logo\/image\/"}}]},"product_price_amount":"8.90","product_price_currency":"EUR","og_availability":"instock","product_availability":"instock","product_retailer_item_id":"206159","product_condition":"new"},"acf":[],"jetpack_sharing_enabled":true,"_links":{"self":[{"href":"https:\/\/x-bar.co\/de\/wp-json\/wp\/v2\/product\/157677","targetHints":{"allow":["GET"]}}],"collection":[{"href":"https:\/\/x-bar.co\/de\/wp-json\/wp\/v2\/product"}],"about":[{"href":"https:\/\/x-bar.co\/de\/wp-json\/wp\/v2\/types\/product"}],"wp:featuredmedia":[{"embeddable":true,"href":"https:\/\/x-bar.co\/de\/wp-json\/wp\/v2\/media\/395703"}],"wp:attachment":[{"href":"https:\/\/x-bar.co\/de\/wp-json\/wp\/v2\/media?parent=157677"}],"wp:term":[{"taxonomy":"product_brand","embeddable":true,"href":"https:\/\/x-bar.co\/de\/wp-json\/wp\/v2\/product_brand?post=157677"},{"taxonomy":"product_cat","embeddable":true,"href":"https:\/\/x-bar.co\/de\/wp-json\/wp\/v2\/product_cat?post=157677"},{"taxonomy":"product_tag","embeddable":true,"href":"https:\/\/x-bar.co\/de\/wp-json\/wp\/v2\/product_tag?post=157677"}],"curies":[{"name":"wp","href":"https:\/\/api.w.org\/{rel}","templated":true}]}}