{"id":26705,"date":"2023-05-10T15:37:32","date_gmt":"2023-05-10T13:37:32","guid":{"rendered":"https:\/\/x-bar.co\/?post_type=product&#038;p=26705"},"modified":"2025-11-13T17:20:31","modified_gmt":"2025-11-13T16:20:31","slug":"energy-drink-pod-x-shisha","status":"publish","type":"product","link":"https:\/\/x-bar.co\/de\/webshop\/x-bar-sortiment\/x-shisha-de\/energy-drink-pod-x-shisha\/","title":{"rendered":"Energy Drink &#8211; Pod X-Shisha"},"content":{"rendered":"","protected":false},"excerpt":{"rendered":"<p>Machen Sie sich bereit f\u00fcr die Power mit unserem Energy Drink Pod f\u00fcr X-Shisha, der f\u00fcr alle entwickelt wurde, die sich nach dem belebenden Geschmack eines klassischen Energy Drinks sehnen. Unsere einzigartige Formel bietet einen Hauch von Geschmack, der Ihnen das Gef\u00fchl gibt, revitalisiert und bereit zu sein, alles in Angriff zu nehmen, was auf Sie zukommt. Jeder Schluck ist wie eine Explosion belebenden Geschmacks mit der perfekten Balance aus S\u00fc\u00dfe und W\u00fcrze. Das kr\u00e4ftige Geschmacksprofil unseres Energy Drinks wird selbst die anspruchsvollsten Energy-Drink-Enthusiasten zufriedenstellen. Ganz gleich, ob Sie mitten in der Nacht schwitzen oder ein anstrengendes Training absolvieren, unser Energy-Drink h\u00e4lt Sie von Anfang bis Ende fit.<\/p>\n<p><strong>0 mg\/ml<\/strong><\/p>\n","protected":false},"featured_media":396919,"template":"","meta":{"_acf_changed":false},"product_brand":[],"product_cat":[169,564,456,537],"product_tag":[],"class_list":{"0":"post-26705","1":"product","2":"type-product","3":"status-publish","4":"has-post-thumbnail","6":"product_cat-getranke","7":"product_cat-open-system-de","8":"product_cat-x-shisha-de","9":"product_cat-x-shisha-pods-de","11":"first","12":"outofstock","13":"taxable","14":"shipping-taxable","15":"purchasable","16":"product-type-simple"},"yoast_head":"<!-- This site is optimized with the Yoast SEO Premium plugin v27.3 (Yoast SEO v27.3) - https:\/\/yoast.com\/product\/yoast-seo-premium-wordpress\/ -->\n<title>Energy Drink - Pod X-Shisha - X-Bar\u00ae - Offizieller Online-Shop<\/title>\n<meta name=\"robots\" content=\"index, follow, max-snippet:-1, max-image-preview:large, max-video-preview:-1\" \/>\n<link rel=\"canonical\" href=\"https:\/\/x-bar.co\/de\/webshop\/x-bar-sortiment\/x-shisha-de\/energy-drink-pod-x-shisha\/\" \/>\n<meta property=\"og:locale\" content=\"de_DE\" \/>\n<meta property=\"og:type\" content=\"article\" \/>\n<meta property=\"og:title\" content=\"Energy Drink - Pod X-Shisha\" \/>\n<meta property=\"og:description\" content=\"Machen Sie sich bereit f\u00fcr die Power mit unserem Energy Drink Pod f\u00fcr X-Shisha, der f\u00fcr alle entwickelt wurde, die sich nach dem belebenden Geschmack eines klassischen Energy Drinks sehnen. Unsere einzigartige Formel bietet einen Hauch von Geschmack, der Ihnen das Gef\u00fchl gibt, revitalisiert und bereit zu sein, alles in Angriff zu nehmen, was auf Sie zukommt. Jeder Schluck ist wie eine Explosion belebenden Geschmacks mit der perfekten Balance aus S\u00fc\u00dfe und W\u00fcrze. Das kr\u00e4ftige Geschmacksprofil unseres Energy Drinks wird selbst die anspruchsvollsten Energy-Drink-Enthusiasten zufriedenstellen. Ganz gleich, ob Sie mitten in der Nacht schwitzen oder ein anstrengendes Training absolvieren, unser Energy-Drink h\u00e4lt Sie von Anfang bis Ende fit.  0 mg\/ml\" \/>\n<meta property=\"og:url\" content=\"https:\/\/x-bar.co\/de\/webshop\/x-bar-sortiment\/x-shisha-de\/energy-drink-pod-x-shisha\/\" \/>\n<meta property=\"og:site_name\" content=\"X-Bar\u00ae - Offizieller Online-Shop\" \/>\n<meta property=\"article:modified_time\" content=\"2025-11-13T16:20:31+00:00\" \/>\n<meta property=\"og:image\" content=\"https:\/\/x-bar.co\/wp-content\/uploads\/2023\/05\/xshisha-pod-energydrink.png\" \/>\n\t<meta property=\"og:image:width\" content=\"650\" \/>\n\t<meta property=\"og:image:height\" content=\"650\" \/>\n\t<meta property=\"og:image:type\" content=\"image\/png\" \/>\n<meta name=\"twitter:card\" content=\"summary_large_image\" \/>\n<meta name=\"twitter:label1\" content=\"Preis\" \/>\n\t<meta name=\"twitter:data1\" content=\"9,90&nbsp;&euro;\" \/>\n\t<meta name=\"twitter:label2\" content=\"Verf\u00fcgbarkeit\" \/>\n\t<meta name=\"twitter:data2\" content=\"ausverkauft\" \/>\n<script type=\"application\/ld+json\" class=\"yoast-schema-graph\">{\"@context\":\"https:\\\/\\\/schema.org\",\"@graph\":[{\"@type\":\"WebPage\",\"@id\":\"https:\\\/\\\/x-bar.co\\\/de\\\/webshop\\\/x-bar-sortiment\\\/x-shisha-de\\\/energy-drink-pod-x-shisha\\\/\",\"url\":\"https:\\\/\\\/x-bar.co\\\/de\\\/webshop\\\/x-bar-sortiment\\\/x-shisha-de\\\/energy-drink-pod-x-shisha\\\/\",\"name\":\"Energy Drink - Pod X-Shisha - X-Bar\u00ae - Offizieller Online-Shop\",\"isPartOf\":{\"@id\":\"https:\\\/\\\/x-bar.co\\\/de\\\/#website\"},\"primaryImageOfPage\":{\"@id\":\"https:\\\/\\\/x-bar.co\\\/de\\\/webshop\\\/x-bar-sortiment\\\/x-shisha-de\\\/energy-drink-pod-x-shisha\\\/#primaryimage\"},\"image\":{\"@id\":\"https:\\\/\\\/x-bar.co\\\/de\\\/webshop\\\/x-bar-sortiment\\\/x-shisha-de\\\/energy-drink-pod-x-shisha\\\/#primaryimage\"},\"thumbnailUrl\":\"https:\\\/\\\/x-bar.co\\\/wp-content\\\/uploads\\\/2023\\\/05\\\/xshisha-pod-energydrink.png\",\"datePublished\":\"2023-05-10T13:37:32+00:00\",\"dateModified\":\"2025-11-13T16:20:31+00:00\",\"breadcrumb\":{\"@id\":\"https:\\\/\\\/x-bar.co\\\/de\\\/webshop\\\/x-bar-sortiment\\\/x-shisha-de\\\/energy-drink-pod-x-shisha\\\/#breadcrumb\"},\"inLanguage\":\"de\",\"potentialAction\":[{\"@type\":\"ReadAction\",\"target\":[\"https:\\\/\\\/x-bar.co\\\/de\\\/webshop\\\/x-bar-sortiment\\\/x-shisha-de\\\/energy-drink-pod-x-shisha\\\/\"]}]},{\"@type\":\"ImageObject\",\"inLanguage\":\"de\",\"@id\":\"https:\\\/\\\/x-bar.co\\\/de\\\/webshop\\\/x-bar-sortiment\\\/x-shisha-de\\\/energy-drink-pod-x-shisha\\\/#primaryimage\",\"url\":\"https:\\\/\\\/x-bar.co\\\/wp-content\\\/uploads\\\/2023\\\/05\\\/xshisha-pod-energydrink.png\",\"contentUrl\":\"https:\\\/\\\/x-bar.co\\\/wp-content\\\/uploads\\\/2023\\\/05\\\/xshisha-pod-energydrink.png\",\"width\":650,\"height\":650},{\"@type\":\"BreadcrumbList\",\"@id\":\"https:\\\/\\\/x-bar.co\\\/de\\\/webshop\\\/x-bar-sortiment\\\/x-shisha-de\\\/energy-drink-pod-x-shisha\\\/#breadcrumb\",\"itemListElement\":[{\"@type\":\"ListItem\",\"position\":1,\"name\":\"Accueil\",\"item\":\"https:\\\/\\\/x-bar.co\\\/de\\\/\"},{\"@type\":\"ListItem\",\"position\":2,\"name\":\"Webshop\",\"item\":\"https:\\\/\\\/x-bar.co\\\/de\\\/webshop\\\/\"},{\"@type\":\"ListItem\",\"position\":3,\"name\":\"Energy Drink &#8211; Pod X-Shisha\"}]},{\"@type\":\"WebSite\",\"@id\":\"https:\\\/\\\/x-bar.co\\\/de\\\/#website\",\"url\":\"https:\\\/\\\/x-bar.co\\\/de\\\/\",\"name\":\"X-Bar\u00ae - Official Online Shop\",\"description\":\"Offizieller X-Bar-Onlineshop. Die besten E-Zigaretten weltweit. Vape-Pods, Puffs, E-Liquids, Ger\u00e4te mit offenen Pod-Systemen ...\",\"publisher\":{\"@id\":\"https:\\\/\\\/x-bar.co\\\/de\\\/#organization\"},\"potentialAction\":[{\"@type\":\"SearchAction\",\"target\":{\"@type\":\"EntryPoint\",\"urlTemplate\":\"https:\\\/\\\/x-bar.co\\\/de\\\/?s={search_term_string}\"},\"query-input\":{\"@type\":\"PropertyValueSpecification\",\"valueRequired\":true,\"valueName\":\"search_term_string\"}}],\"inLanguage\":\"de\"},{\"@type\":\"Organization\",\"@id\":\"https:\\\/\\\/x-bar.co\\\/de\\\/#organization\",\"name\":\"X-Bar\u00ae - Official Online Shop\",\"url\":\"https:\\\/\\\/x-bar.co\\\/de\\\/\",\"logo\":{\"@type\":\"ImageObject\",\"inLanguage\":\"de\",\"@id\":\"https:\\\/\\\/x-bar.co\\\/de\\\/#\\\/schema\\\/logo\\\/image\\\/\",\"url\":\"https:\\\/\\\/x-bar.co\\\/wp-content\\\/uploads\\\/2022\\\/07\\\/xbar-logo.svg\",\"contentUrl\":\"https:\\\/\\\/x-bar.co\\\/wp-content\\\/uploads\\\/2022\\\/07\\\/xbar-logo.svg\",\"width\":266,\"height\":41,\"caption\":\"X-Bar\u00ae - Official Online Shop\"},\"image\":{\"@id\":\"https:\\\/\\\/x-bar.co\\\/de\\\/#\\\/schema\\\/logo\\\/image\\\/\"}}]}<\/script>\n<meta property=\"product:price:amount\" content=\"9.90\" \/>\n<meta property=\"product:price:currency\" content=\"EUR\" \/>\n<meta property=\"og:availability\" content=\"out of stock\" \/>\n<meta property=\"product:availability\" content=\"out of stock\" \/>\n<meta property=\"product:retailer_item_id\" content=\"204386\" \/>\n<meta property=\"product:condition\" content=\"new\" \/>\n<!-- \/ Yoast SEO Premium plugin. -->","yoast_head_json":{"title":"Energy Drink - Pod X-Shisha - X-Bar\u00ae - Offizieller Online-Shop","robots":{"index":"index","follow":"follow","max-snippet":"max-snippet:-1","max-image-preview":"max-image-preview:large","max-video-preview":"max-video-preview:-1"},"canonical":"https:\/\/x-bar.co\/de\/webshop\/x-bar-sortiment\/x-shisha-de\/energy-drink-pod-x-shisha\/","og_locale":"de_DE","og_type":"article","og_title":"Energy Drink - Pod X-Shisha","og_description":"Machen Sie sich bereit f\u00fcr die Power mit unserem Energy Drink Pod f\u00fcr X-Shisha, der f\u00fcr alle entwickelt wurde, die sich nach dem belebenden Geschmack eines klassischen Energy Drinks sehnen. Unsere einzigartige Formel bietet einen Hauch von Geschmack, der Ihnen das Gef\u00fchl gibt, revitalisiert und bereit zu sein, alles in Angriff zu nehmen, was auf Sie zukommt. Jeder Schluck ist wie eine Explosion belebenden Geschmacks mit der perfekten Balance aus S\u00fc\u00dfe und W\u00fcrze. Das kr\u00e4ftige Geschmacksprofil unseres Energy Drinks wird selbst die anspruchsvollsten Energy-Drink-Enthusiasten zufriedenstellen. Ganz gleich, ob Sie mitten in der Nacht schwitzen oder ein anstrengendes Training absolvieren, unser Energy-Drink h\u00e4lt Sie von Anfang bis Ende fit.  0 mg\/ml","og_url":"https:\/\/x-bar.co\/de\/webshop\/x-bar-sortiment\/x-shisha-de\/energy-drink-pod-x-shisha\/","og_site_name":"X-Bar\u00ae - Offizieller Online-Shop","article_modified_time":"2025-11-13T16:20:31+00:00","og_image":[{"width":650,"height":650,"url":"https:\/\/x-bar.co\/wp-content\/uploads\/2023\/05\/xshisha-pod-energydrink.png","type":"image\/png"}],"twitter_card":"summary_large_image","twitter_misc":{"Preis":"9,90&nbsp;&euro;","Verf\u00fcgbarkeit":"ausverkauft"},"schema":{"@context":"https:\/\/schema.org","@graph":[{"@type":"WebPage","@id":"https:\/\/x-bar.co\/de\/webshop\/x-bar-sortiment\/x-shisha-de\/energy-drink-pod-x-shisha\/","url":"https:\/\/x-bar.co\/de\/webshop\/x-bar-sortiment\/x-shisha-de\/energy-drink-pod-x-shisha\/","name":"Energy Drink - Pod X-Shisha - X-Bar\u00ae - Offizieller Online-Shop","isPartOf":{"@id":"https:\/\/x-bar.co\/de\/#website"},"primaryImageOfPage":{"@id":"https:\/\/x-bar.co\/de\/webshop\/x-bar-sortiment\/x-shisha-de\/energy-drink-pod-x-shisha\/#primaryimage"},"image":{"@id":"https:\/\/x-bar.co\/de\/webshop\/x-bar-sortiment\/x-shisha-de\/energy-drink-pod-x-shisha\/#primaryimage"},"thumbnailUrl":"https:\/\/x-bar.co\/wp-content\/uploads\/2023\/05\/xshisha-pod-energydrink.png","datePublished":"2023-05-10T13:37:32+00:00","dateModified":"2025-11-13T16:20:31+00:00","breadcrumb":{"@id":"https:\/\/x-bar.co\/de\/webshop\/x-bar-sortiment\/x-shisha-de\/energy-drink-pod-x-shisha\/#breadcrumb"},"inLanguage":"de","potentialAction":[{"@type":"ReadAction","target":["https:\/\/x-bar.co\/de\/webshop\/x-bar-sortiment\/x-shisha-de\/energy-drink-pod-x-shisha\/"]}]},{"@type":"ImageObject","inLanguage":"de","@id":"https:\/\/x-bar.co\/de\/webshop\/x-bar-sortiment\/x-shisha-de\/energy-drink-pod-x-shisha\/#primaryimage","url":"https:\/\/x-bar.co\/wp-content\/uploads\/2023\/05\/xshisha-pod-energydrink.png","contentUrl":"https:\/\/x-bar.co\/wp-content\/uploads\/2023\/05\/xshisha-pod-energydrink.png","width":650,"height":650},{"@type":"BreadcrumbList","@id":"https:\/\/x-bar.co\/de\/webshop\/x-bar-sortiment\/x-shisha-de\/energy-drink-pod-x-shisha\/#breadcrumb","itemListElement":[{"@type":"ListItem","position":1,"name":"Accueil","item":"https:\/\/x-bar.co\/de\/"},{"@type":"ListItem","position":2,"name":"Webshop","item":"https:\/\/x-bar.co\/de\/webshop\/"},{"@type":"ListItem","position":3,"name":"Energy Drink &#8211; Pod X-Shisha"}]},{"@type":"WebSite","@id":"https:\/\/x-bar.co\/de\/#website","url":"https:\/\/x-bar.co\/de\/","name":"X-Bar\u00ae - Official Online Shop","description":"Offizieller X-Bar-Onlineshop. Die besten E-Zigaretten weltweit. Vape-Pods, Puffs, E-Liquids, Ger\u00e4te mit offenen Pod-Systemen ...","publisher":{"@id":"https:\/\/x-bar.co\/de\/#organization"},"potentialAction":[{"@type":"SearchAction","target":{"@type":"EntryPoint","urlTemplate":"https:\/\/x-bar.co\/de\/?s={search_term_string}"},"query-input":{"@type":"PropertyValueSpecification","valueRequired":true,"valueName":"search_term_string"}}],"inLanguage":"de"},{"@type":"Organization","@id":"https:\/\/x-bar.co\/de\/#organization","name":"X-Bar\u00ae - Official Online Shop","url":"https:\/\/x-bar.co\/de\/","logo":{"@type":"ImageObject","inLanguage":"de","@id":"https:\/\/x-bar.co\/de\/#\/schema\/logo\/image\/","url":"https:\/\/x-bar.co\/wp-content\/uploads\/2022\/07\/xbar-logo.svg","contentUrl":"https:\/\/x-bar.co\/wp-content\/uploads\/2022\/07\/xbar-logo.svg","width":266,"height":41,"caption":"X-Bar\u00ae - Official Online Shop"},"image":{"@id":"https:\/\/x-bar.co\/de\/#\/schema\/logo\/image\/"}}]},"product_price_amount":"9.90","product_price_currency":"EUR","og_availability":"out of stock","product_availability":"out of stock","product_retailer_item_id":"204386","product_condition":"new"},"acf":[],"jetpack_sharing_enabled":true,"_links":{"self":[{"href":"https:\/\/x-bar.co\/de\/wp-json\/wp\/v2\/product\/26705","targetHints":{"allow":["GET"]}}],"collection":[{"href":"https:\/\/x-bar.co\/de\/wp-json\/wp\/v2\/product"}],"about":[{"href":"https:\/\/x-bar.co\/de\/wp-json\/wp\/v2\/types\/product"}],"wp:featuredmedia":[{"embeddable":true,"href":"https:\/\/x-bar.co\/de\/wp-json\/wp\/v2\/media\/396919"}],"wp:attachment":[{"href":"https:\/\/x-bar.co\/de\/wp-json\/wp\/v2\/media?parent=26705"}],"wp:term":[{"taxonomy":"product_brand","embeddable":true,"href":"https:\/\/x-bar.co\/de\/wp-json\/wp\/v2\/product_brand?post=26705"},{"taxonomy":"product_cat","embeddable":true,"href":"https:\/\/x-bar.co\/de\/wp-json\/wp\/v2\/product_cat?post=26705"},{"taxonomy":"product_tag","embeddable":true,"href":"https:\/\/x-bar.co\/de\/wp-json\/wp\/v2\/product_tag?post=26705"}],"curies":[{"name":"wp","href":"https:\/\/api.w.org\/{rel}","templated":true}]}}