{"id":28849,"date":"2023-06-05T16:09:36","date_gmt":"2023-06-05T14:09:36","guid":{"rendered":"https:\/\/x-bar.co\/?post_type=product&#038;p=28849"},"modified":"2026-02-27T07:11:58","modified_gmt":"2026-02-27T06:11:58","slug":"filter-fuer-filter-pro","status":"publish","type":"product","link":"https:\/\/x-bar.co\/de\/webshop\/x-bar-sortiment\/open-system-de\/filter-pro-de\/filter-fuer-filter-pro\/","title":{"rendered":"Packen Sie 10 Filter X-Bar Filter Pro ein"},"content":{"rendered":"","protected":false},"excerpt":{"rendered":"<p>Packung mit 10 Filtern f\u00fcr E-Zigaretten <a href=\"https:\/\/x-bar.co\/es\/producto\/x-bar-filter-pro\/\">X-Bar Filter Pro<\/a>. Erleben Sie das Gef\u00fchl, eine Soft-Touch-Zigarette zwischen Ihren Lippen zu halten. Die Filter sind weich, glatt und farbenfroh und haben auch den Vorteil, dass sie gesund sind, da Sie sie nach Belieben \u00e4ndern k\u00f6nnen.<\/p>\n<p>Jede Farbe und jedes Design wurde so ausgew\u00e4hlt, dass sie perfekt zur Farbe Ihres Filter Pro passen &#8230; oder vielleicht auch nicht! Es ist deine Entscheidung.<\/p>\n","protected":false},"featured_media":48646,"template":"","meta":{"_acf_changed":false},"product_brand":[],"product_cat":[445,396],"product_tag":[],"class_list":{"0":"post-28849","1":"product","2":"type-product","3":"status-publish","4":"has-post-thumbnail","6":"product_cat-product-template-2-de-2","7":"product_cat-filter-pro-de","9":"first","10":"instock","11":"taxable","12":"shipping-taxable","13":"purchasable","14":"product-type-variable","15":"has-default-attributes"},"yoast_head":"<!-- This site is optimized with the Yoast SEO Premium plugin v27.3 (Yoast SEO v27.3) - https:\/\/yoast.com\/product\/yoast-seo-premium-wordpress\/ -->\n<title>Packen Sie 10 Filter X-Bar Filter Pro ein - X-Bar\u00ae - Offizieller Online-Shop<\/title>\n<meta name=\"robots\" content=\"index, follow, max-snippet:-1, max-image-preview:large, max-video-preview:-1\" \/>\n<link rel=\"canonical\" href=\"https:\/\/x-bar.co\/de\/webshop\/x-bar-sortiment\/open-system-de\/filter-pro-de\/filter-fuer-filter-pro\/\" \/>\n<meta property=\"og:locale\" content=\"de_DE\" \/>\n<meta property=\"og:type\" content=\"article\" \/>\n<meta property=\"og:title\" content=\"Packen Sie 10 Filter X-Bar Filter Pro ein\" \/>\n<meta property=\"og:description\" content=\"Packung mit 10 Filtern f\u00fcr E-Zigaretten X-Bar Filter Pro. Erleben Sie das Gef\u00fchl, eine Soft-Touch-Zigarette zwischen Ihren Lippen zu halten. Die Filter sind weich, glatt und farbenfroh und haben auch den Vorteil, dass sie gesund sind, da Sie sie nach Belieben \u00e4ndern k\u00f6nnen.  Jede Farbe und jedes Design wurde so ausgew\u00e4hlt, dass sie perfekt zur Farbe Ihres Filter Pro passen ... oder vielleicht auch nicht! Es ist deine Entscheidung.\" \/>\n<meta property=\"og:url\" content=\"https:\/\/x-bar.co\/de\/webshop\/x-bar-sortiment\/open-system-de\/filter-pro-de\/filter-fuer-filter-pro\/\" \/>\n<meta property=\"og:site_name\" content=\"X-Bar\u00ae - Offizieller Online-Shop\" \/>\n<meta property=\"article:modified_time\" content=\"2026-02-27T06:11:58+00:00\" \/>\n<meta property=\"og:image\" content=\"https:\/\/x-bar.co\/wp-content\/uploads\/2023\/06\/xbar-fiterpro-filters-allcolors.png\" \/>\n\t<meta property=\"og:image:width\" content=\"650\" \/>\n\t<meta property=\"og:image:height\" content=\"650\" \/>\n\t<meta property=\"og:image:type\" content=\"image\/png\" \/>\n<meta name=\"twitter:card\" content=\"summary_large_image\" \/>\n<meta name=\"twitter:label1\" content=\"Verf\u00fcgbarkeit\" \/>\n\t<meta name=\"twitter:data1\" content=\"Auf Lager\" \/>\n<script type=\"application\/ld+json\" class=\"yoast-schema-graph\">{\"@context\":\"https:\\\/\\\/schema.org\",\"@graph\":[{\"@type\":\"WebPage\",\"@id\":\"https:\\\/\\\/x-bar.co\\\/de\\\/webshop\\\/x-bar-sortiment\\\/open-system-de\\\/filter-pro-de\\\/filter-fuer-filter-pro\\\/\",\"url\":\"https:\\\/\\\/x-bar.co\\\/de\\\/webshop\\\/x-bar-sortiment\\\/open-system-de\\\/filter-pro-de\\\/filter-fuer-filter-pro\\\/\",\"name\":\"Packen Sie 10 Filter X-Bar Filter Pro ein - X-Bar\u00ae - Offizieller Online-Shop\",\"isPartOf\":{\"@id\":\"https:\\\/\\\/x-bar.co\\\/de\\\/#website\"},\"primaryImageOfPage\":{\"@id\":\"https:\\\/\\\/x-bar.co\\\/de\\\/webshop\\\/x-bar-sortiment\\\/open-system-de\\\/filter-pro-de\\\/filter-fuer-filter-pro\\\/#primaryimage\"},\"image\":{\"@id\":\"https:\\\/\\\/x-bar.co\\\/de\\\/webshop\\\/x-bar-sortiment\\\/open-system-de\\\/filter-pro-de\\\/filter-fuer-filter-pro\\\/#primaryimage\"},\"thumbnailUrl\":\"https:\\\/\\\/x-bar.co\\\/wp-content\\\/uploads\\\/2023\\\/06\\\/xbar-fiterpro-filters-allcolors.png\",\"datePublished\":\"2023-06-05T14:09:36+00:00\",\"dateModified\":\"2026-02-27T06:11:58+00:00\",\"breadcrumb\":{\"@id\":\"https:\\\/\\\/x-bar.co\\\/de\\\/webshop\\\/x-bar-sortiment\\\/open-system-de\\\/filter-pro-de\\\/filter-fuer-filter-pro\\\/#breadcrumb\"},\"inLanguage\":\"de\",\"potentialAction\":[{\"@type\":\"ReadAction\",\"target\":[\"https:\\\/\\\/x-bar.co\\\/de\\\/webshop\\\/x-bar-sortiment\\\/open-system-de\\\/filter-pro-de\\\/filter-fuer-filter-pro\\\/\"]}]},{\"@type\":\"ImageObject\",\"inLanguage\":\"de\",\"@id\":\"https:\\\/\\\/x-bar.co\\\/de\\\/webshop\\\/x-bar-sortiment\\\/open-system-de\\\/filter-pro-de\\\/filter-fuer-filter-pro\\\/#primaryimage\",\"url\":\"https:\\\/\\\/x-bar.co\\\/wp-content\\\/uploads\\\/2023\\\/06\\\/xbar-fiterpro-filters-allcolors.png\",\"contentUrl\":\"https:\\\/\\\/x-bar.co\\\/wp-content\\\/uploads\\\/2023\\\/06\\\/xbar-fiterpro-filters-allcolors.png\",\"width\":650,\"height\":650},{\"@type\":\"BreadcrumbList\",\"@id\":\"https:\\\/\\\/x-bar.co\\\/de\\\/webshop\\\/x-bar-sortiment\\\/open-system-de\\\/filter-pro-de\\\/filter-fuer-filter-pro\\\/#breadcrumb\",\"itemListElement\":[{\"@type\":\"ListItem\",\"position\":1,\"name\":\"Accueil\",\"item\":\"https:\\\/\\\/x-bar.co\\\/de\\\/\"},{\"@type\":\"ListItem\",\"position\":2,\"name\":\"Webshop\",\"item\":\"https:\\\/\\\/x-bar.co\\\/de\\\/webshop\\\/\"},{\"@type\":\"ListItem\",\"position\":3,\"name\":\"Packen Sie 10 Filter X-Bar Filter Pro ein\"}]},{\"@type\":\"WebSite\",\"@id\":\"https:\\\/\\\/x-bar.co\\\/de\\\/#website\",\"url\":\"https:\\\/\\\/x-bar.co\\\/de\\\/\",\"name\":\"X-Bar\u00ae - Official Online Shop\",\"description\":\"Offizieller X-Bar-Onlineshop. Die besten E-Zigaretten weltweit. Vape-Pods, Puffs, E-Liquids, Ger\u00e4te mit offenen Pod-Systemen ...\",\"publisher\":{\"@id\":\"https:\\\/\\\/x-bar.co\\\/de\\\/#organization\"},\"potentialAction\":[{\"@type\":\"SearchAction\",\"target\":{\"@type\":\"EntryPoint\",\"urlTemplate\":\"https:\\\/\\\/x-bar.co\\\/de\\\/?s={search_term_string}\"},\"query-input\":{\"@type\":\"PropertyValueSpecification\",\"valueRequired\":true,\"valueName\":\"search_term_string\"}}],\"inLanguage\":\"de\"},{\"@type\":\"Organization\",\"@id\":\"https:\\\/\\\/x-bar.co\\\/de\\\/#organization\",\"name\":\"X-Bar\u00ae - Official Online Shop\",\"url\":\"https:\\\/\\\/x-bar.co\\\/de\\\/\",\"logo\":{\"@type\":\"ImageObject\",\"inLanguage\":\"de\",\"@id\":\"https:\\\/\\\/x-bar.co\\\/de\\\/#\\\/schema\\\/logo\\\/image\\\/\",\"url\":\"https:\\\/\\\/x-bar.co\\\/wp-content\\\/uploads\\\/2022\\\/07\\\/xbar-logo.svg\",\"contentUrl\":\"https:\\\/\\\/x-bar.co\\\/wp-content\\\/uploads\\\/2022\\\/07\\\/xbar-logo.svg\",\"width\":266,\"height\":41,\"caption\":\"X-Bar\u00ae - Official Online Shop\"},\"image\":{\"@id\":\"https:\\\/\\\/x-bar.co\\\/de\\\/#\\\/schema\\\/logo\\\/image\\\/\"}}]}<\/script>\n<meta property=\"og:availability\" content=\"instock\" \/>\n<meta property=\"product:availability\" content=\"instock\" \/>\n<meta property=\"product:condition\" content=\"new\" \/>\n<!-- \/ Yoast SEO Premium plugin. -->","yoast_head_json":{"title":"Packen Sie 10 Filter X-Bar Filter Pro ein - X-Bar\u00ae - Offizieller Online-Shop","robots":{"index":"index","follow":"follow","max-snippet":"max-snippet:-1","max-image-preview":"max-image-preview:large","max-video-preview":"max-video-preview:-1"},"canonical":"https:\/\/x-bar.co\/de\/webshop\/x-bar-sortiment\/open-system-de\/filter-pro-de\/filter-fuer-filter-pro\/","og_locale":"de_DE","og_type":"article","og_title":"Packen Sie 10 Filter X-Bar Filter Pro ein","og_description":"Packung mit 10 Filtern f\u00fcr E-Zigaretten X-Bar Filter Pro. Erleben Sie das Gef\u00fchl, eine Soft-Touch-Zigarette zwischen Ihren Lippen zu halten. Die Filter sind weich, glatt und farbenfroh und haben auch den Vorteil, dass sie gesund sind, da Sie sie nach Belieben \u00e4ndern k\u00f6nnen.  Jede Farbe und jedes Design wurde so ausgew\u00e4hlt, dass sie perfekt zur Farbe Ihres Filter Pro passen ... oder vielleicht auch nicht! Es ist deine Entscheidung.","og_url":"https:\/\/x-bar.co\/de\/webshop\/x-bar-sortiment\/open-system-de\/filter-pro-de\/filter-fuer-filter-pro\/","og_site_name":"X-Bar\u00ae - Offizieller Online-Shop","article_modified_time":"2026-02-27T06:11:58+00:00","og_image":[{"width":650,"height":650,"url":"https:\/\/x-bar.co\/wp-content\/uploads\/2023\/06\/xbar-fiterpro-filters-allcolors.png","type":"image\/png"}],"twitter_card":"summary_large_image","twitter_misc":{"Verf\u00fcgbarkeit":"Auf Lager"},"schema":{"@context":"https:\/\/schema.org","@graph":[{"@type":"WebPage","@id":"https:\/\/x-bar.co\/de\/webshop\/x-bar-sortiment\/open-system-de\/filter-pro-de\/filter-fuer-filter-pro\/","url":"https:\/\/x-bar.co\/de\/webshop\/x-bar-sortiment\/open-system-de\/filter-pro-de\/filter-fuer-filter-pro\/","name":"Packen Sie 10 Filter X-Bar Filter Pro ein - X-Bar\u00ae - Offizieller Online-Shop","isPartOf":{"@id":"https:\/\/x-bar.co\/de\/#website"},"primaryImageOfPage":{"@id":"https:\/\/x-bar.co\/de\/webshop\/x-bar-sortiment\/open-system-de\/filter-pro-de\/filter-fuer-filter-pro\/#primaryimage"},"image":{"@id":"https:\/\/x-bar.co\/de\/webshop\/x-bar-sortiment\/open-system-de\/filter-pro-de\/filter-fuer-filter-pro\/#primaryimage"},"thumbnailUrl":"https:\/\/x-bar.co\/wp-content\/uploads\/2023\/06\/xbar-fiterpro-filters-allcolors.png","datePublished":"2023-06-05T14:09:36+00:00","dateModified":"2026-02-27T06:11:58+00:00","breadcrumb":{"@id":"https:\/\/x-bar.co\/de\/webshop\/x-bar-sortiment\/open-system-de\/filter-pro-de\/filter-fuer-filter-pro\/#breadcrumb"},"inLanguage":"de","potentialAction":[{"@type":"ReadAction","target":["https:\/\/x-bar.co\/de\/webshop\/x-bar-sortiment\/open-system-de\/filter-pro-de\/filter-fuer-filter-pro\/"]}]},{"@type":"ImageObject","inLanguage":"de","@id":"https:\/\/x-bar.co\/de\/webshop\/x-bar-sortiment\/open-system-de\/filter-pro-de\/filter-fuer-filter-pro\/#primaryimage","url":"https:\/\/x-bar.co\/wp-content\/uploads\/2023\/06\/xbar-fiterpro-filters-allcolors.png","contentUrl":"https:\/\/x-bar.co\/wp-content\/uploads\/2023\/06\/xbar-fiterpro-filters-allcolors.png","width":650,"height":650},{"@type":"BreadcrumbList","@id":"https:\/\/x-bar.co\/de\/webshop\/x-bar-sortiment\/open-system-de\/filter-pro-de\/filter-fuer-filter-pro\/#breadcrumb","itemListElement":[{"@type":"ListItem","position":1,"name":"Accueil","item":"https:\/\/x-bar.co\/de\/"},{"@type":"ListItem","position":2,"name":"Webshop","item":"https:\/\/x-bar.co\/de\/webshop\/"},{"@type":"ListItem","position":3,"name":"Packen Sie 10 Filter X-Bar Filter Pro ein"}]},{"@type":"WebSite","@id":"https:\/\/x-bar.co\/de\/#website","url":"https:\/\/x-bar.co\/de\/","name":"X-Bar\u00ae - Official Online Shop","description":"Offizieller X-Bar-Onlineshop. Die besten E-Zigaretten weltweit. Vape-Pods, Puffs, E-Liquids, Ger\u00e4te mit offenen Pod-Systemen ...","publisher":{"@id":"https:\/\/x-bar.co\/de\/#organization"},"potentialAction":[{"@type":"SearchAction","target":{"@type":"EntryPoint","urlTemplate":"https:\/\/x-bar.co\/de\/?s={search_term_string}"},"query-input":{"@type":"PropertyValueSpecification","valueRequired":true,"valueName":"search_term_string"}}],"inLanguage":"de"},{"@type":"Organization","@id":"https:\/\/x-bar.co\/de\/#organization","name":"X-Bar\u00ae - Official Online Shop","url":"https:\/\/x-bar.co\/de\/","logo":{"@type":"ImageObject","inLanguage":"de","@id":"https:\/\/x-bar.co\/de\/#\/schema\/logo\/image\/","url":"https:\/\/x-bar.co\/wp-content\/uploads\/2022\/07\/xbar-logo.svg","contentUrl":"https:\/\/x-bar.co\/wp-content\/uploads\/2022\/07\/xbar-logo.svg","width":266,"height":41,"caption":"X-Bar\u00ae - Official Online Shop"},"image":{"@id":"https:\/\/x-bar.co\/de\/#\/schema\/logo\/image\/"}}]},"og_availability":"instock","product_availability":"instock","product_condition":"new"},"acf":[],"jetpack_sharing_enabled":true,"_links":{"self":[{"href":"https:\/\/x-bar.co\/de\/wp-json\/wp\/v2\/product\/28849","targetHints":{"allow":["GET"]}}],"collection":[{"href":"https:\/\/x-bar.co\/de\/wp-json\/wp\/v2\/product"}],"about":[{"href":"https:\/\/x-bar.co\/de\/wp-json\/wp\/v2\/types\/product"}],"wp:featuredmedia":[{"embeddable":true,"href":"https:\/\/x-bar.co\/de\/wp-json\/wp\/v2\/media\/48646"}],"wp:attachment":[{"href":"https:\/\/x-bar.co\/de\/wp-json\/wp\/v2\/media?parent=28849"}],"wp:term":[{"taxonomy":"product_brand","embeddable":true,"href":"https:\/\/x-bar.co\/de\/wp-json\/wp\/v2\/product_brand?post=28849"},{"taxonomy":"product_cat","embeddable":true,"href":"https:\/\/x-bar.co\/de\/wp-json\/wp\/v2\/product_cat?post=28849"},{"taxonomy":"product_tag","embeddable":true,"href":"https:\/\/x-bar.co\/de\/wp-json\/wp\/v2\/product_tag?post=28849"}],"curies":[{"name":"wp","href":"https:\/\/api.w.org\/{rel}","templated":true}]}}