{"id":356120,"date":"2025-08-22T16:16:07","date_gmt":"2025-08-22T14:16:07","guid":{"rendered":"https:\/\/x-bar.co\/?post_type=product&#038;p=356120"},"modified":"2026-04-07T19:25:33","modified_gmt":"2026-04-07T17:25:33","slug":"click-puff-pod-blueberry-raspberry-cherry","status":"publish","type":"product","link":"https:\/\/x-bar.co\/de\/webshop\/x-bar-sortiment\/click-puff-de\/x-bar-click-puff-pod-de\/click-puff-pod-blueberry-raspberry-cherry\/","title":{"rendered":"Click &#038; Puff &#8211; Pod &#8211; Blueberry Raspberry Cherry"},"content":{"rendered":"","protected":false},"excerpt":{"rendered":"<div class=\"flex-shrink-0 flex flex-col relative items-end\">\n<div class=\"pt-0\">\n<div class=\"gizmo-bot-avatar flex h-8 w-8 items-center justify-center overflow-hidden rounded-full\">\n<div class=\"relative p-1 rounded-sm flex items-center justify-center bg-token-main-surface-primary text-token-text-primary h-8 w-8\">Saftig, lebendig und unwiderstehlich fruchtig \u2014 Blueberry Raspberry Cherry vereint die S\u00fc\u00dfe reifer Blaubeeren, die spritzige S\u00e4ure von Himbeeren und die runde Tiefe von Kirschen. Ein perfekt ausgewogenes Dampferlebnis, erfrischend, reichhaltig und von der ersten Inhalation an befriedigend.<\/div>\n<\/div>\n<\/div>\n<\/div>\n","protected":false},"featured_media":395632,"template":"","meta":{"_acf_changed":false},"product_brand":[],"product_cat":[161,170],"product_tag":[],"class_list":{"0":"post-356120","1":"product","2":"type-product","3":"status-publish","4":"has-post-thumbnail","6":"product_cat-x-bar-click-puff-pod-de","7":"product_cat-frucht","9":"first","10":"instock","11":"featured","12":"taxable","13":"shipping-taxable","14":"purchasable","15":"product-type-variable","16":"has-default-attributes"},"yoast_head":"<!-- This site is optimized with the Yoast SEO Premium plugin v27.3 (Yoast SEO v27.3) - https:\/\/yoast.com\/product\/yoast-seo-premium-wordpress\/ -->\n<title>Click &amp; Puff - Pod - Blueberry Raspberry Cherry - X-Bar\u00ae - Offizieller Online-Shop<\/title>\n<meta name=\"robots\" content=\"index, follow, max-snippet:-1, max-image-preview:large, max-video-preview:-1\" \/>\n<link rel=\"canonical\" href=\"https:\/\/x-bar.co\/de\/webshop\/x-bar-sortiment\/click-puff-de\/x-bar-click-puff-pod-de\/click-puff-pod-blueberry-raspberry-cherry\/\" \/>\n<meta property=\"og:locale\" content=\"de_DE\" \/>\n<meta property=\"og:type\" content=\"article\" \/>\n<meta property=\"og:title\" content=\"Click &amp; Puff - Pod - Blueberry Raspberry Cherry\" \/>\n<meta property=\"og:description\" content=\"Saftig, lebendig und unwiderstehlich fruchtig \u2014 Blueberry Raspberry Cherry vereint die S\u00fc\u00dfe reifer Blaubeeren, die spritzige S\u00e4ure von Himbeeren und die runde Tiefe von Kirschen. Ein perfekt ausgewogenes Dampferlebnis, erfrischend, reichhaltig und von der ersten Inhalation an befriedigend.\" \/>\n<meta property=\"og:url\" content=\"https:\/\/x-bar.co\/de\/webshop\/x-bar-sortiment\/click-puff-de\/x-bar-click-puff-pod-de\/click-puff-pod-blueberry-raspberry-cherry\/\" \/>\n<meta property=\"og:site_name\" content=\"X-Bar\u00ae - Offizieller Online-Shop\" \/>\n<meta property=\"article:modified_time\" content=\"2026-04-07T17:25:33+00:00\" \/>\n<meta property=\"og:image\" content=\"https:\/\/x-bar.co\/wp-content\/uploads\/2025\/08\/xbar-clickandpuff-pod-blueberry-raspberry-cherry.png\" \/>\n\t<meta property=\"og:image:width\" content=\"650\" \/>\n\t<meta property=\"og:image:height\" content=\"650\" \/>\n\t<meta property=\"og:image:type\" content=\"image\/png\" \/>\n<meta name=\"twitter:card\" content=\"summary_large_image\" \/>\n<meta name=\"twitter:label1\" content=\"Verf\u00fcgbarkeit\" \/>\n\t<meta name=\"twitter:data1\" content=\"Auf Lager\" \/>\n<script type=\"application\/ld+json\" class=\"yoast-schema-graph\">{\"@context\":\"https:\\\/\\\/schema.org\",\"@graph\":[{\"@type\":\"WebPage\",\"@id\":\"https:\\\/\\\/x-bar.co\\\/de\\\/webshop\\\/x-bar-sortiment\\\/click-puff-de\\\/x-bar-click-puff-pod-de\\\/click-puff-pod-blueberry-raspberry-cherry\\\/\",\"url\":\"https:\\\/\\\/x-bar.co\\\/de\\\/webshop\\\/x-bar-sortiment\\\/click-puff-de\\\/x-bar-click-puff-pod-de\\\/click-puff-pod-blueberry-raspberry-cherry\\\/\",\"name\":\"Click & Puff - Pod - Blueberry Raspberry Cherry - X-Bar\u00ae - Offizieller Online-Shop\",\"isPartOf\":{\"@id\":\"https:\\\/\\\/x-bar.co\\\/de\\\/#website\"},\"primaryImageOfPage\":{\"@id\":\"https:\\\/\\\/x-bar.co\\\/de\\\/webshop\\\/x-bar-sortiment\\\/click-puff-de\\\/x-bar-click-puff-pod-de\\\/click-puff-pod-blueberry-raspberry-cherry\\\/#primaryimage\"},\"image\":{\"@id\":\"https:\\\/\\\/x-bar.co\\\/de\\\/webshop\\\/x-bar-sortiment\\\/click-puff-de\\\/x-bar-click-puff-pod-de\\\/click-puff-pod-blueberry-raspberry-cherry\\\/#primaryimage\"},\"thumbnailUrl\":\"https:\\\/\\\/x-bar.co\\\/wp-content\\\/uploads\\\/2025\\\/08\\\/cp_pod_pack_myrtille_framboise_cerise.png\",\"datePublished\":\"2025-08-22T14:16:07+00:00\",\"dateModified\":\"2026-04-07T17:25:33+00:00\",\"breadcrumb\":{\"@id\":\"https:\\\/\\\/x-bar.co\\\/de\\\/webshop\\\/x-bar-sortiment\\\/click-puff-de\\\/x-bar-click-puff-pod-de\\\/click-puff-pod-blueberry-raspberry-cherry\\\/#breadcrumb\"},\"inLanguage\":\"de\",\"potentialAction\":[{\"@type\":\"ReadAction\",\"target\":[\"https:\\\/\\\/x-bar.co\\\/de\\\/webshop\\\/x-bar-sortiment\\\/click-puff-de\\\/x-bar-click-puff-pod-de\\\/click-puff-pod-blueberry-raspberry-cherry\\\/\"]}]},{\"@type\":\"ImageObject\",\"inLanguage\":\"de\",\"@id\":\"https:\\\/\\\/x-bar.co\\\/de\\\/webshop\\\/x-bar-sortiment\\\/click-puff-de\\\/x-bar-click-puff-pod-de\\\/click-puff-pod-blueberry-raspberry-cherry\\\/#primaryimage\",\"url\":\"https:\\\/\\\/x-bar.co\\\/wp-content\\\/uploads\\\/2025\\\/08\\\/cp_pod_pack_myrtille_framboise_cerise.png\",\"contentUrl\":\"https:\\\/\\\/x-bar.co\\\/wp-content\\\/uploads\\\/2025\\\/08\\\/cp_pod_pack_myrtille_framboise_cerise.png\",\"width\":650,\"height\":650},{\"@type\":\"BreadcrumbList\",\"@id\":\"https:\\\/\\\/x-bar.co\\\/de\\\/webshop\\\/x-bar-sortiment\\\/click-puff-de\\\/x-bar-click-puff-pod-de\\\/click-puff-pod-blueberry-raspberry-cherry\\\/#breadcrumb\",\"itemListElement\":[{\"@type\":\"ListItem\",\"position\":1,\"name\":\"Accueil\",\"item\":\"https:\\\/\\\/x-bar.co\\\/de\\\/\"},{\"@type\":\"ListItem\",\"position\":2,\"name\":\"Webshop\",\"item\":\"https:\\\/\\\/x-bar.co\\\/de\\\/webshop\\\/\"},{\"@type\":\"ListItem\",\"position\":3,\"name\":\"Click &#038; Puff &#8211; Pod &#8211; Blueberry Raspberry Cherry\"}]},{\"@type\":\"WebSite\",\"@id\":\"https:\\\/\\\/x-bar.co\\\/de\\\/#website\",\"url\":\"https:\\\/\\\/x-bar.co\\\/de\\\/\",\"name\":\"X-Bar\u00ae - Official Online Shop\",\"description\":\"Offizieller X-Bar-Onlineshop. Die besten E-Zigaretten weltweit. Vape-Pods, Puffs, E-Liquids, Ger\u00e4te mit offenen Pod-Systemen ...\",\"publisher\":{\"@id\":\"https:\\\/\\\/x-bar.co\\\/de\\\/#organization\"},\"potentialAction\":[{\"@type\":\"SearchAction\",\"target\":{\"@type\":\"EntryPoint\",\"urlTemplate\":\"https:\\\/\\\/x-bar.co\\\/de\\\/?s={search_term_string}\"},\"query-input\":{\"@type\":\"PropertyValueSpecification\",\"valueRequired\":true,\"valueName\":\"search_term_string\"}}],\"inLanguage\":\"de\"},{\"@type\":\"Organization\",\"@id\":\"https:\\\/\\\/x-bar.co\\\/de\\\/#organization\",\"name\":\"X-Bar\u00ae - Official Online Shop\",\"url\":\"https:\\\/\\\/x-bar.co\\\/de\\\/\",\"logo\":{\"@type\":\"ImageObject\",\"inLanguage\":\"de\",\"@id\":\"https:\\\/\\\/x-bar.co\\\/de\\\/#\\\/schema\\\/logo\\\/image\\\/\",\"url\":\"https:\\\/\\\/x-bar.co\\\/wp-content\\\/uploads\\\/2022\\\/07\\\/xbar-logo.svg\",\"contentUrl\":\"https:\\\/\\\/x-bar.co\\\/wp-content\\\/uploads\\\/2022\\\/07\\\/xbar-logo.svg\",\"width\":266,\"height\":41,\"caption\":\"X-Bar\u00ae - Official Online Shop\"},\"image\":{\"@id\":\"https:\\\/\\\/x-bar.co\\\/de\\\/#\\\/schema\\\/logo\\\/image\\\/\"}}]}<\/script>\n<meta property=\"og:availability\" content=\"instock\" \/>\n<meta property=\"product:availability\" content=\"instock\" \/>\n<meta property=\"product:condition\" content=\"new\" \/>\n<!-- \/ Yoast SEO Premium plugin. -->","yoast_head_json":{"title":"Click & Puff - Pod - Blueberry Raspberry Cherry - X-Bar\u00ae - Offizieller Online-Shop","robots":{"index":"index","follow":"follow","max-snippet":"max-snippet:-1","max-image-preview":"max-image-preview:large","max-video-preview":"max-video-preview:-1"},"canonical":"https:\/\/x-bar.co\/de\/webshop\/x-bar-sortiment\/click-puff-de\/x-bar-click-puff-pod-de\/click-puff-pod-blueberry-raspberry-cherry\/","og_locale":"de_DE","og_type":"article","og_title":"Click & Puff - Pod - Blueberry Raspberry Cherry","og_description":"Saftig, lebendig und unwiderstehlich fruchtig \u2014 Blueberry Raspberry Cherry vereint die S\u00fc\u00dfe reifer Blaubeeren, die spritzige S\u00e4ure von Himbeeren und die runde Tiefe von Kirschen. Ein perfekt ausgewogenes Dampferlebnis, erfrischend, reichhaltig und von der ersten Inhalation an befriedigend.","og_url":"https:\/\/x-bar.co\/de\/webshop\/x-bar-sortiment\/click-puff-de\/x-bar-click-puff-pod-de\/click-puff-pod-blueberry-raspberry-cherry\/","og_site_name":"X-Bar\u00ae - Offizieller Online-Shop","article_modified_time":"2026-04-07T17:25:33+00:00","og_image":[{"width":650,"height":650,"url":"https:\/\/x-bar.co\/wp-content\/uploads\/2025\/08\/xbar-clickandpuff-pod-blueberry-raspberry-cherry.png","type":"image\/png"}],"twitter_card":"summary_large_image","twitter_misc":{"Verf\u00fcgbarkeit":"Auf Lager"},"schema":{"@context":"https:\/\/schema.org","@graph":[{"@type":"WebPage","@id":"https:\/\/x-bar.co\/de\/webshop\/x-bar-sortiment\/click-puff-de\/x-bar-click-puff-pod-de\/click-puff-pod-blueberry-raspberry-cherry\/","url":"https:\/\/x-bar.co\/de\/webshop\/x-bar-sortiment\/click-puff-de\/x-bar-click-puff-pod-de\/click-puff-pod-blueberry-raspberry-cherry\/","name":"Click & Puff - Pod - Blueberry Raspberry Cherry - X-Bar\u00ae - Offizieller Online-Shop","isPartOf":{"@id":"https:\/\/x-bar.co\/de\/#website"},"primaryImageOfPage":{"@id":"https:\/\/x-bar.co\/de\/webshop\/x-bar-sortiment\/click-puff-de\/x-bar-click-puff-pod-de\/click-puff-pod-blueberry-raspberry-cherry\/#primaryimage"},"image":{"@id":"https:\/\/x-bar.co\/de\/webshop\/x-bar-sortiment\/click-puff-de\/x-bar-click-puff-pod-de\/click-puff-pod-blueberry-raspberry-cherry\/#primaryimage"},"thumbnailUrl":"https:\/\/x-bar.co\/wp-content\/uploads\/2025\/08\/cp_pod_pack_myrtille_framboise_cerise.png","datePublished":"2025-08-22T14:16:07+00:00","dateModified":"2026-04-07T17:25:33+00:00","breadcrumb":{"@id":"https:\/\/x-bar.co\/de\/webshop\/x-bar-sortiment\/click-puff-de\/x-bar-click-puff-pod-de\/click-puff-pod-blueberry-raspberry-cherry\/#breadcrumb"},"inLanguage":"de","potentialAction":[{"@type":"ReadAction","target":["https:\/\/x-bar.co\/de\/webshop\/x-bar-sortiment\/click-puff-de\/x-bar-click-puff-pod-de\/click-puff-pod-blueberry-raspberry-cherry\/"]}]},{"@type":"ImageObject","inLanguage":"de","@id":"https:\/\/x-bar.co\/de\/webshop\/x-bar-sortiment\/click-puff-de\/x-bar-click-puff-pod-de\/click-puff-pod-blueberry-raspberry-cherry\/#primaryimage","url":"https:\/\/x-bar.co\/wp-content\/uploads\/2025\/08\/cp_pod_pack_myrtille_framboise_cerise.png","contentUrl":"https:\/\/x-bar.co\/wp-content\/uploads\/2025\/08\/cp_pod_pack_myrtille_framboise_cerise.png","width":650,"height":650},{"@type":"BreadcrumbList","@id":"https:\/\/x-bar.co\/de\/webshop\/x-bar-sortiment\/click-puff-de\/x-bar-click-puff-pod-de\/click-puff-pod-blueberry-raspberry-cherry\/#breadcrumb","itemListElement":[{"@type":"ListItem","position":1,"name":"Accueil","item":"https:\/\/x-bar.co\/de\/"},{"@type":"ListItem","position":2,"name":"Webshop","item":"https:\/\/x-bar.co\/de\/webshop\/"},{"@type":"ListItem","position":3,"name":"Click &#038; Puff &#8211; Pod &#8211; Blueberry Raspberry Cherry"}]},{"@type":"WebSite","@id":"https:\/\/x-bar.co\/de\/#website","url":"https:\/\/x-bar.co\/de\/","name":"X-Bar\u00ae - Official Online Shop","description":"Offizieller X-Bar-Onlineshop. Die besten E-Zigaretten weltweit. Vape-Pods, Puffs, E-Liquids, Ger\u00e4te mit offenen Pod-Systemen ...","publisher":{"@id":"https:\/\/x-bar.co\/de\/#organization"},"potentialAction":[{"@type":"SearchAction","target":{"@type":"EntryPoint","urlTemplate":"https:\/\/x-bar.co\/de\/?s={search_term_string}"},"query-input":{"@type":"PropertyValueSpecification","valueRequired":true,"valueName":"search_term_string"}}],"inLanguage":"de"},{"@type":"Organization","@id":"https:\/\/x-bar.co\/de\/#organization","name":"X-Bar\u00ae - Official Online Shop","url":"https:\/\/x-bar.co\/de\/","logo":{"@type":"ImageObject","inLanguage":"de","@id":"https:\/\/x-bar.co\/de\/#\/schema\/logo\/image\/","url":"https:\/\/x-bar.co\/wp-content\/uploads\/2022\/07\/xbar-logo.svg","contentUrl":"https:\/\/x-bar.co\/wp-content\/uploads\/2022\/07\/xbar-logo.svg","width":266,"height":41,"caption":"X-Bar\u00ae - Official Online Shop"},"image":{"@id":"https:\/\/x-bar.co\/de\/#\/schema\/logo\/image\/"}}]},"og_availability":"instock","product_availability":"instock","product_condition":"new"},"acf":[],"jetpack_sharing_enabled":true,"_links":{"self":[{"href":"https:\/\/x-bar.co\/de\/wp-json\/wp\/v2\/product\/356120","targetHints":{"allow":["GET"]}}],"collection":[{"href":"https:\/\/x-bar.co\/de\/wp-json\/wp\/v2\/product"}],"about":[{"href":"https:\/\/x-bar.co\/de\/wp-json\/wp\/v2\/types\/product"}],"wp:featuredmedia":[{"embeddable":true,"href":"https:\/\/x-bar.co\/de\/wp-json\/wp\/v2\/media\/395632"}],"wp:attachment":[{"href":"https:\/\/x-bar.co\/de\/wp-json\/wp\/v2\/media?parent=356120"}],"wp:term":[{"taxonomy":"product_brand","embeddable":true,"href":"https:\/\/x-bar.co\/de\/wp-json\/wp\/v2\/product_brand?post=356120"},{"taxonomy":"product_cat","embeddable":true,"href":"https:\/\/x-bar.co\/de\/wp-json\/wp\/v2\/product_cat?post=356120"},{"taxonomy":"product_tag","embeddable":true,"href":"https:\/\/x-bar.co\/de\/wp-json\/wp\/v2\/product_tag?post=356120"}],"curies":[{"name":"wp","href":"https:\/\/api.w.org\/{rel}","templated":true}]}}