{"id":371762,"date":"2025-11-07T13:42:08","date_gmt":"2025-11-07T12:42:08","guid":{"rendered":"https:\/\/x-bar.co\/?post_type=product&#038;p=371762"},"modified":"2026-04-10T14:22:38","modified_gmt":"2026-04-10T12:22:38","slug":"x-one-pro-kit-solo","status":"publish","type":"product","link":"https:\/\/x-bar.co\/de\/webshop\/x-one-pro-de\/x-one-pro-kits-de\/x-one-pro-kit-solo\/","title":{"rendered":"X-One Pro &#8211; Kit Solo"},"content":{"rendered":"","protected":false},"excerpt":{"rendered":"<p>Ein elegantes, leistungsstarkes Ger\u00e4t f\u00fcr langanhaltendes Dampfvergn\u00fcgen.<br data-start=\"1036\" data-end=\"1039\" \/>Kompatibel mit allen X-One-Pro-Pods, verf\u00fcgt es \u00fcber ein digitales Display mit Akkuanzeige und Zugz\u00e4hler.<br data-start=\"1144\" data-end=\"1147\" \/>Kompakt, \u00fcber USB-C aufladbar und langlebig \u2013 die perfekte Wahl f\u00fcr alle, die ihre Lieblingsaromen bereits haben.<br data-start=\"1260\" data-end=\"1263\" \/><strong data-start=\"1263\" data-end=\"1288\">Pods nicht enthalten.<\/strong><\/p>\n","protected":false},"featured_media":371775,"template":"","meta":{"_acf_changed":false},"product_brand":[],"product_cat":[710,692,696],"product_tag":[],"class_list":{"0":"post-371762","1":"product","2":"type-product","3":"status-publish","4":"has-post-thumbnail","6":"product_cat-product-template-3-de","7":"product_cat-x-one-pro-de","8":"product_cat-x-one-pro-kits-de","10":"first","11":"instock","12":"taxable","13":"shipping-taxable","14":"purchasable","15":"product-type-simple"},"yoast_head":"<!-- This site is optimized with the Yoast SEO Premium plugin v27.3 (Yoast SEO v27.3) - https:\/\/yoast.com\/product\/yoast-seo-premium-wordpress\/ -->\n<title>X-One Pro - Kit Solo - X-Bar\u00ae - Offizieller Online-Shop<\/title>\n<meta name=\"robots\" content=\"index, follow, max-snippet:-1, max-image-preview:large, max-video-preview:-1\" \/>\n<link rel=\"canonical\" href=\"https:\/\/x-bar.co\/de\/webshop\/x-one-pro-de\/x-one-pro-kits-de\/x-one-pro-kit-solo\/\" \/>\n<meta property=\"og:locale\" content=\"de_DE\" \/>\n<meta property=\"og:type\" content=\"article\" \/>\n<meta property=\"og:title\" content=\"X-One Pro - Kit Solo\" \/>\n<meta property=\"og:description\" content=\"Ein elegantes, leistungsstarkes Ger\u00e4t f\u00fcr langanhaltendes Dampfvergn\u00fcgen.Kompatibel mit allen X-One-Pro-Pods, verf\u00fcgt es \u00fcber ein digitales Display mit Akkuanzeige und Zugz\u00e4hler.Kompakt, \u00fcber USB-C aufladbar und langlebig \u2013 die perfekte Wahl f\u00fcr alle, die ihre Lieblingsaromen bereits haben.Pods nicht enthalten.\" \/>\n<meta property=\"og:url\" content=\"https:\/\/x-bar.co\/de\/webshop\/x-one-pro-de\/x-one-pro-kits-de\/x-one-pro-kit-solo\/\" \/>\n<meta property=\"og:site_name\" content=\"X-Bar\u00ae - Offizieller Online-Shop\" \/>\n<meta property=\"article:modified_time\" content=\"2026-04-10T12:22:38+00:00\" \/>\n<meta property=\"og:image\" content=\"https:\/\/x-bar.co\/wp-content\/uploads\/2025\/11\/xbar-xone-kit-solo.png\" \/>\n\t<meta property=\"og:image:width\" content=\"650\" \/>\n\t<meta property=\"og:image:height\" content=\"650\" \/>\n\t<meta property=\"og:image:type\" content=\"image\/png\" \/>\n<meta name=\"twitter:card\" content=\"summary_large_image\" \/>\n<meta name=\"twitter:label1\" content=\"Preis\" \/>\n\t<meta name=\"twitter:data1\" content=\"9,90&nbsp;&euro;\" \/>\n\t<meta name=\"twitter:label2\" content=\"Verf\u00fcgbarkeit\" \/>\n\t<meta name=\"twitter:data2\" content=\"Auf Lager\" \/>\n<script type=\"application\/ld+json\" class=\"yoast-schema-graph\">{\"@context\":\"https:\\\/\\\/schema.org\",\"@graph\":[{\"@type\":\"WebPage\",\"@id\":\"https:\\\/\\\/x-bar.co\\\/de\\\/webshop\\\/x-one-pro-de\\\/x-one-pro-kits-de\\\/x-one-pro-kit-solo\\\/\",\"url\":\"https:\\\/\\\/x-bar.co\\\/de\\\/webshop\\\/x-one-pro-de\\\/x-one-pro-kits-de\\\/x-one-pro-kit-solo\\\/\",\"name\":\"X-One Pro - Kit Solo - X-Bar\u00ae - Offizieller Online-Shop\",\"isPartOf\":{\"@id\":\"https:\\\/\\\/x-bar.co\\\/de\\\/#website\"},\"primaryImageOfPage\":{\"@id\":\"https:\\\/\\\/x-bar.co\\\/de\\\/webshop\\\/x-one-pro-de\\\/x-one-pro-kits-de\\\/x-one-pro-kit-solo\\\/#primaryimage\"},\"image\":{\"@id\":\"https:\\\/\\\/x-bar.co\\\/de\\\/webshop\\\/x-one-pro-de\\\/x-one-pro-kits-de\\\/x-one-pro-kit-solo\\\/#primaryimage\"},\"thumbnailUrl\":\"https:\\\/\\\/x-bar.co\\\/wp-content\\\/uploads\\\/2025\\\/11\\\/xbar-xone-kit-solo.png\",\"datePublished\":\"2025-11-07T12:42:08+00:00\",\"dateModified\":\"2026-04-10T12:22:38+00:00\",\"breadcrumb\":{\"@id\":\"https:\\\/\\\/x-bar.co\\\/de\\\/webshop\\\/x-one-pro-de\\\/x-one-pro-kits-de\\\/x-one-pro-kit-solo\\\/#breadcrumb\"},\"inLanguage\":\"de\",\"potentialAction\":[{\"@type\":\"ReadAction\",\"target\":[\"https:\\\/\\\/x-bar.co\\\/de\\\/webshop\\\/x-one-pro-de\\\/x-one-pro-kits-de\\\/x-one-pro-kit-solo\\\/\"]}]},{\"@type\":\"ImageObject\",\"inLanguage\":\"de\",\"@id\":\"https:\\\/\\\/x-bar.co\\\/de\\\/webshop\\\/x-one-pro-de\\\/x-one-pro-kits-de\\\/x-one-pro-kit-solo\\\/#primaryimage\",\"url\":\"https:\\\/\\\/x-bar.co\\\/wp-content\\\/uploads\\\/2025\\\/11\\\/xbar-xone-kit-solo.png\",\"contentUrl\":\"https:\\\/\\\/x-bar.co\\\/wp-content\\\/uploads\\\/2025\\\/11\\\/xbar-xone-kit-solo.png\",\"width\":650,\"height\":650},{\"@type\":\"BreadcrumbList\",\"@id\":\"https:\\\/\\\/x-bar.co\\\/de\\\/webshop\\\/x-one-pro-de\\\/x-one-pro-kits-de\\\/x-one-pro-kit-solo\\\/#breadcrumb\",\"itemListElement\":[{\"@type\":\"ListItem\",\"position\":1,\"name\":\"Accueil\",\"item\":\"https:\\\/\\\/x-bar.co\\\/de\\\/\"},{\"@type\":\"ListItem\",\"position\":2,\"name\":\"Webshop\",\"item\":\"https:\\\/\\\/x-bar.co\\\/de\\\/webshop\\\/\"},{\"@type\":\"ListItem\",\"position\":3,\"name\":\"X-One Pro &#8211; Kit Solo\"}]},{\"@type\":\"WebSite\",\"@id\":\"https:\\\/\\\/x-bar.co\\\/de\\\/#website\",\"url\":\"https:\\\/\\\/x-bar.co\\\/de\\\/\",\"name\":\"X-Bar\u00ae - Official Online Shop\",\"description\":\"Offizieller X-Bar-Onlineshop. Die besten E-Zigaretten weltweit. Vape-Pods, Puffs, E-Liquids, Ger\u00e4te mit offenen Pod-Systemen ...\",\"publisher\":{\"@id\":\"https:\\\/\\\/x-bar.co\\\/de\\\/#organization\"},\"potentialAction\":[{\"@type\":\"SearchAction\",\"target\":{\"@type\":\"EntryPoint\",\"urlTemplate\":\"https:\\\/\\\/x-bar.co\\\/de\\\/?s={search_term_string}\"},\"query-input\":{\"@type\":\"PropertyValueSpecification\",\"valueRequired\":true,\"valueName\":\"search_term_string\"}}],\"inLanguage\":\"de\"},{\"@type\":\"Organization\",\"@id\":\"https:\\\/\\\/x-bar.co\\\/de\\\/#organization\",\"name\":\"X-Bar\u00ae - Official Online Shop\",\"url\":\"https:\\\/\\\/x-bar.co\\\/de\\\/\",\"logo\":{\"@type\":\"ImageObject\",\"inLanguage\":\"de\",\"@id\":\"https:\\\/\\\/x-bar.co\\\/de\\\/#\\\/schema\\\/logo\\\/image\\\/\",\"url\":\"https:\\\/\\\/x-bar.co\\\/wp-content\\\/uploads\\\/2022\\\/07\\\/xbar-logo.svg\",\"contentUrl\":\"https:\\\/\\\/x-bar.co\\\/wp-content\\\/uploads\\\/2022\\\/07\\\/xbar-logo.svg\",\"width\":266,\"height\":41,\"caption\":\"X-Bar\u00ae - Official Online Shop\"},\"image\":{\"@id\":\"https:\\\/\\\/x-bar.co\\\/de\\\/#\\\/schema\\\/logo\\\/image\\\/\"}}]}<\/script>\n<meta property=\"product:price:amount\" content=\"9.90\" \/>\n<meta property=\"product:price:currency\" content=\"EUR\" \/>\n<meta property=\"og:availability\" content=\"instock\" \/>\n<meta property=\"product:availability\" content=\"instock\" \/>\n<meta property=\"product:retailer_item_id\" content=\"209096\" \/>\n<meta property=\"product:condition\" content=\"new\" \/>\n<!-- \/ Yoast SEO Premium plugin. -->","yoast_head_json":{"title":"X-One Pro - Kit Solo - X-Bar\u00ae - Offizieller Online-Shop","robots":{"index":"index","follow":"follow","max-snippet":"max-snippet:-1","max-image-preview":"max-image-preview:large","max-video-preview":"max-video-preview:-1"},"canonical":"https:\/\/x-bar.co\/de\/webshop\/x-one-pro-de\/x-one-pro-kits-de\/x-one-pro-kit-solo\/","og_locale":"de_DE","og_type":"article","og_title":"X-One Pro - Kit Solo","og_description":"Ein elegantes, leistungsstarkes Ger\u00e4t f\u00fcr langanhaltendes Dampfvergn\u00fcgen.Kompatibel mit allen X-One-Pro-Pods, verf\u00fcgt es \u00fcber ein digitales Display mit Akkuanzeige und Zugz\u00e4hler.Kompakt, \u00fcber USB-C aufladbar und langlebig \u2013 die perfekte Wahl f\u00fcr alle, die ihre Lieblingsaromen bereits haben.Pods nicht enthalten.","og_url":"https:\/\/x-bar.co\/de\/webshop\/x-one-pro-de\/x-one-pro-kits-de\/x-one-pro-kit-solo\/","og_site_name":"X-Bar\u00ae - Offizieller Online-Shop","article_modified_time":"2026-04-10T12:22:38+00:00","og_image":[{"width":650,"height":650,"url":"https:\/\/x-bar.co\/wp-content\/uploads\/2025\/11\/xbar-xone-kit-solo.png","type":"image\/png"}],"twitter_card":"summary_large_image","twitter_misc":{"Preis":"9,90&nbsp;&euro;","Verf\u00fcgbarkeit":"Auf Lager"},"schema":{"@context":"https:\/\/schema.org","@graph":[{"@type":"WebPage","@id":"https:\/\/x-bar.co\/de\/webshop\/x-one-pro-de\/x-one-pro-kits-de\/x-one-pro-kit-solo\/","url":"https:\/\/x-bar.co\/de\/webshop\/x-one-pro-de\/x-one-pro-kits-de\/x-one-pro-kit-solo\/","name":"X-One Pro - Kit Solo - X-Bar\u00ae - Offizieller Online-Shop","isPartOf":{"@id":"https:\/\/x-bar.co\/de\/#website"},"primaryImageOfPage":{"@id":"https:\/\/x-bar.co\/de\/webshop\/x-one-pro-de\/x-one-pro-kits-de\/x-one-pro-kit-solo\/#primaryimage"},"image":{"@id":"https:\/\/x-bar.co\/de\/webshop\/x-one-pro-de\/x-one-pro-kits-de\/x-one-pro-kit-solo\/#primaryimage"},"thumbnailUrl":"https:\/\/x-bar.co\/wp-content\/uploads\/2025\/11\/xbar-xone-kit-solo.png","datePublished":"2025-11-07T12:42:08+00:00","dateModified":"2026-04-10T12:22:38+00:00","breadcrumb":{"@id":"https:\/\/x-bar.co\/de\/webshop\/x-one-pro-de\/x-one-pro-kits-de\/x-one-pro-kit-solo\/#breadcrumb"},"inLanguage":"de","potentialAction":[{"@type":"ReadAction","target":["https:\/\/x-bar.co\/de\/webshop\/x-one-pro-de\/x-one-pro-kits-de\/x-one-pro-kit-solo\/"]}]},{"@type":"ImageObject","inLanguage":"de","@id":"https:\/\/x-bar.co\/de\/webshop\/x-one-pro-de\/x-one-pro-kits-de\/x-one-pro-kit-solo\/#primaryimage","url":"https:\/\/x-bar.co\/wp-content\/uploads\/2025\/11\/xbar-xone-kit-solo.png","contentUrl":"https:\/\/x-bar.co\/wp-content\/uploads\/2025\/11\/xbar-xone-kit-solo.png","width":650,"height":650},{"@type":"BreadcrumbList","@id":"https:\/\/x-bar.co\/de\/webshop\/x-one-pro-de\/x-one-pro-kits-de\/x-one-pro-kit-solo\/#breadcrumb","itemListElement":[{"@type":"ListItem","position":1,"name":"Accueil","item":"https:\/\/x-bar.co\/de\/"},{"@type":"ListItem","position":2,"name":"Webshop","item":"https:\/\/x-bar.co\/de\/webshop\/"},{"@type":"ListItem","position":3,"name":"X-One Pro &#8211; Kit Solo"}]},{"@type":"WebSite","@id":"https:\/\/x-bar.co\/de\/#website","url":"https:\/\/x-bar.co\/de\/","name":"X-Bar\u00ae - Official Online Shop","description":"Offizieller X-Bar-Onlineshop. Die besten E-Zigaretten weltweit. Vape-Pods, Puffs, E-Liquids, Ger\u00e4te mit offenen Pod-Systemen ...","publisher":{"@id":"https:\/\/x-bar.co\/de\/#organization"},"potentialAction":[{"@type":"SearchAction","target":{"@type":"EntryPoint","urlTemplate":"https:\/\/x-bar.co\/de\/?s={search_term_string}"},"query-input":{"@type":"PropertyValueSpecification","valueRequired":true,"valueName":"search_term_string"}}],"inLanguage":"de"},{"@type":"Organization","@id":"https:\/\/x-bar.co\/de\/#organization","name":"X-Bar\u00ae - Official Online Shop","url":"https:\/\/x-bar.co\/de\/","logo":{"@type":"ImageObject","inLanguage":"de","@id":"https:\/\/x-bar.co\/de\/#\/schema\/logo\/image\/","url":"https:\/\/x-bar.co\/wp-content\/uploads\/2022\/07\/xbar-logo.svg","contentUrl":"https:\/\/x-bar.co\/wp-content\/uploads\/2022\/07\/xbar-logo.svg","width":266,"height":41,"caption":"X-Bar\u00ae - Official Online Shop"},"image":{"@id":"https:\/\/x-bar.co\/de\/#\/schema\/logo\/image\/"}}]},"product_price_amount":"9.90","product_price_currency":"EUR","og_availability":"instock","product_availability":"instock","product_retailer_item_id":"209096","product_condition":"new"},"acf":[],"jetpack_sharing_enabled":true,"_links":{"self":[{"href":"https:\/\/x-bar.co\/de\/wp-json\/wp\/v2\/product\/371762","targetHints":{"allow":["GET"]}}],"collection":[{"href":"https:\/\/x-bar.co\/de\/wp-json\/wp\/v2\/product"}],"about":[{"href":"https:\/\/x-bar.co\/de\/wp-json\/wp\/v2\/types\/product"}],"wp:featuredmedia":[{"embeddable":true,"href":"https:\/\/x-bar.co\/de\/wp-json\/wp\/v2\/media\/371775"}],"wp:attachment":[{"href":"https:\/\/x-bar.co\/de\/wp-json\/wp\/v2\/media?parent=371762"}],"wp:term":[{"taxonomy":"product_brand","embeddable":true,"href":"https:\/\/x-bar.co\/de\/wp-json\/wp\/v2\/product_brand?post=371762"},{"taxonomy":"product_cat","embeddable":true,"href":"https:\/\/x-bar.co\/de\/wp-json\/wp\/v2\/product_cat?post=371762"},{"taxonomy":"product_tag","embeddable":true,"href":"https:\/\/x-bar.co\/de\/wp-json\/wp\/v2\/product_tag?post=371762"}],"curies":[{"name":"wp","href":"https:\/\/api.w.org\/{rel}","templated":true}]}}