{"id":405056,"date":"2026-04-21T17:17:28","date_gmt":"2026-04-21T15:17:28","guid":{"rendered":"https:\/\/x-bar.co\/?post_type=product&#038;p=405056"},"modified":"2026-04-22T11:28:22","modified_gmt":"2026-04-22T09:28:22","slug":"click-puff-kit-solo-stellar","status":"publish","type":"product","link":"https:\/\/x-bar.co\/de\/webshop\/x-bar-sortiment\/click-puff-de\/click-puff-kit-stellar\/click-puff-kit-solo-stellar\/","title":{"rendered":"Click &#038; Puff &#8211; Kit Solo STELLAR"},"content":{"rendered":"","protected":false},"excerpt":{"rendered":"<p data-start=\"96\" data-end=\"265\"><strong data-start=\"96\" data-end=\"160\">STELLAR bringt eine neue Generation von Click &amp; Puff Ger\u00e4ten<\/strong>, die <em data-start=\"166\" data-end=\"201\">Leistung, Autonomie und Kontrolle<\/em> verbessert und gleichzeitig die gewohnte Einfachheit beibeh\u00e4lt.<\/p>\n<p data-start=\"267\" data-end=\"440\">Mit seinem <strong data-start=\"278\" data-end=\"294\">800 mAh Akku<\/strong>, der <strong data-start=\"300\" data-end=\"331\">Batterieanzeige in Echtzeit<\/strong> und der <em data-start=\"340\" data-end=\"371\">dynamischen Lightning Surface<\/em> wurde es f\u00fcr ein angenehmeres Nutzungserlebnis im Alltag entwickelt.<\/p>\n<p data-start=\"442\" data-end=\"602\"><strong data-start=\"442\" data-end=\"496\">Vollst\u00e4ndig kompatibel mit allen Click &amp; Puff Pods<\/strong>, bietet STELLAR Zugang zu <em data-start=\"523\" data-end=\"553\">\u00fcber 50 Geschmacksrichtungen<\/em> in einem <strong data-start=\"563\" data-end=\"601\">bew\u00e4hrten und zuverl\u00e4ssigen System<\/strong>.<\/p>\n","protected":false},"featured_media":405063,"template":"","meta":{"_acf_changed":false},"product_brand":[],"product_cat":[531,767,451,710],"product_tag":[506],"class_list":{"0":"post-405056","1":"product","2":"type-product","3":"status-publish","4":"has-post-thumbnail","6":"product_cat-click-puff-de","7":"product_cat-click-puff-kit-stellar","8":"product_cat-neue-ankunfte","9":"product_cat-product-template-3-de","10":"product_tag-click-puff-de","12":"first","13":"outofstock","14":"taxable","15":"shipping-taxable","16":"purchasable","17":"product-type-simple"},"yoast_head":"<!-- This site is optimized with the Yoast SEO Premium plugin v27.4 (Yoast SEO v27.4) - https:\/\/yoast.com\/product\/yoast-seo-premium-wordpress\/ -->\n<title>Click &amp; Puff - Kit Solo STELLAR - X-Bar\u00ae - Offizieller Online-Shop<\/title>\n<meta name=\"robots\" content=\"index, follow, max-snippet:-1, max-image-preview:large, max-video-preview:-1\" \/>\n<link rel=\"canonical\" href=\"https:\/\/x-bar.co\/de\/webshop\/x-bar-sortiment\/click-puff-de\/click-puff-kit-stellar\/click-puff-kit-solo-stellar\/\" \/>\n<meta property=\"og:locale\" content=\"de_DE\" \/>\n<meta property=\"og:type\" content=\"article\" \/>\n<meta property=\"og:title\" content=\"Click &amp; Puff - Kit Solo STELLAR\" \/>\n<meta property=\"og:description\" content=\"STELLAR bringt eine neue Generation von Click &amp; Puff Ger\u00e4ten, die Leistung, Autonomie und Kontrolle verbessert und gleichzeitig die gewohnte Einfachheit beibeh\u00e4lt. Mit seinem 800 mAh Akku, der Batterieanzeige in Echtzeit und der dynamischen Lightning Surface wurde es f\u00fcr ein angenehmeres Nutzungserlebnis im Alltag entwickelt. Vollst\u00e4ndig kompatibel mit allen Click &amp; Puff Pods, bietet STELLAR Zugang zu \u00fcber 50 Geschmacksrichtungen in einem bew\u00e4hrten und zuverl\u00e4ssigen System.\" \/>\n<meta property=\"og:url\" content=\"https:\/\/x-bar.co\/de\/webshop\/x-bar-sortiment\/click-puff-de\/click-puff-kit-stellar\/click-puff-kit-solo-stellar\/\" \/>\n<meta property=\"og:site_name\" content=\"X-Bar\u00ae - Offizieller Online-Shop\" \/>\n<meta property=\"article:modified_time\" content=\"2026-04-22T09:28:22+00:00\" \/>\n<meta property=\"og:image\" content=\"https:\/\/x-bar.co\/wp-content\/uploads\/2026\/04\/product-stellar.png\" \/>\n\t<meta property=\"og:image:width\" content=\"650\" \/>\n\t<meta property=\"og:image:height\" content=\"650\" \/>\n\t<meta property=\"og:image:type\" content=\"image\/png\" \/>\n<meta name=\"twitter:card\" content=\"summary_large_image\" \/>\n<meta name=\"twitter:label1\" content=\"Preis\" \/>\n\t<meta name=\"twitter:data1\" content=\"11,90&nbsp;&euro;\" \/>\n\t<meta name=\"twitter:label2\" content=\"Verf\u00fcgbarkeit\" \/>\n\t<meta name=\"twitter:data2\" content=\"ausverkauft\" \/>\n<script type=\"application\/ld+json\" class=\"yoast-schema-graph\">{\"@context\":\"https:\\\/\\\/schema.org\",\"@graph\":[{\"@type\":\"WebPage\",\"@id\":\"https:\\\/\\\/x-bar.co\\\/de\\\/webshop\\\/x-bar-sortiment\\\/click-puff-de\\\/click-puff-kit-stellar\\\/click-puff-kit-solo-stellar\\\/\",\"url\":\"https:\\\/\\\/x-bar.co\\\/de\\\/webshop\\\/x-bar-sortiment\\\/click-puff-de\\\/click-puff-kit-stellar\\\/click-puff-kit-solo-stellar\\\/\",\"name\":\"Click & Puff - Kit Solo STELLAR - X-Bar\u00ae - Offizieller Online-Shop\",\"isPartOf\":{\"@id\":\"https:\\\/\\\/x-bar.co\\\/de\\\/#website\"},\"primaryImageOfPage\":{\"@id\":\"https:\\\/\\\/x-bar.co\\\/de\\\/webshop\\\/x-bar-sortiment\\\/click-puff-de\\\/click-puff-kit-stellar\\\/click-puff-kit-solo-stellar\\\/#primaryimage\"},\"image\":{\"@id\":\"https:\\\/\\\/x-bar.co\\\/de\\\/webshop\\\/x-bar-sortiment\\\/click-puff-de\\\/click-puff-kit-stellar\\\/click-puff-kit-solo-stellar\\\/#primaryimage\"},\"thumbnailUrl\":\"https:\\\/\\\/x-bar.co\\\/wp-content\\\/uploads\\\/2026\\\/04\\\/product-stellar.png\",\"datePublished\":\"2026-04-21T15:17:28+00:00\",\"dateModified\":\"2026-04-22T09:28:22+00:00\",\"breadcrumb\":{\"@id\":\"https:\\\/\\\/x-bar.co\\\/de\\\/webshop\\\/x-bar-sortiment\\\/click-puff-de\\\/click-puff-kit-stellar\\\/click-puff-kit-solo-stellar\\\/#breadcrumb\"},\"inLanguage\":\"de\",\"potentialAction\":[{\"@type\":\"ReadAction\",\"target\":[\"https:\\\/\\\/x-bar.co\\\/de\\\/webshop\\\/x-bar-sortiment\\\/click-puff-de\\\/click-puff-kit-stellar\\\/click-puff-kit-solo-stellar\\\/\"]}]},{\"@type\":\"ImageObject\",\"inLanguage\":\"de\",\"@id\":\"https:\\\/\\\/x-bar.co\\\/de\\\/webshop\\\/x-bar-sortiment\\\/click-puff-de\\\/click-puff-kit-stellar\\\/click-puff-kit-solo-stellar\\\/#primaryimage\",\"url\":\"https:\\\/\\\/x-bar.co\\\/wp-content\\\/uploads\\\/2026\\\/04\\\/product-stellar.png\",\"contentUrl\":\"https:\\\/\\\/x-bar.co\\\/wp-content\\\/uploads\\\/2026\\\/04\\\/product-stellar.png\",\"width\":650,\"height\":650},{\"@type\":\"BreadcrumbList\",\"@id\":\"https:\\\/\\\/x-bar.co\\\/de\\\/webshop\\\/x-bar-sortiment\\\/click-puff-de\\\/click-puff-kit-stellar\\\/click-puff-kit-solo-stellar\\\/#breadcrumb\",\"itemListElement\":[{\"@type\":\"ListItem\",\"position\":1,\"name\":\"Accueil\",\"item\":\"https:\\\/\\\/x-bar.co\\\/de\\\/\"},{\"@type\":\"ListItem\",\"position\":2,\"name\":\"Webshop\",\"item\":\"https:\\\/\\\/x-bar.co\\\/de\\\/webshop\\\/\"},{\"@type\":\"ListItem\",\"position\":3,\"name\":\"Click &#038; Puff &#8211; Kit Solo STELLAR\"}]},{\"@type\":\"WebSite\",\"@id\":\"https:\\\/\\\/x-bar.co\\\/de\\\/#website\",\"url\":\"https:\\\/\\\/x-bar.co\\\/de\\\/\",\"name\":\"X-Bar\u00ae - Official Online Shop\",\"description\":\"Offizieller X-Bar-Onlineshop. Die besten E-Zigaretten weltweit. Vape-Pods, Puffs, E-Liquids, Ger\u00e4te mit offenen Pod-Systemen ...\",\"publisher\":{\"@id\":\"https:\\\/\\\/x-bar.co\\\/de\\\/#organization\"},\"potentialAction\":[{\"@type\":\"SearchAction\",\"target\":{\"@type\":\"EntryPoint\",\"urlTemplate\":\"https:\\\/\\\/x-bar.co\\\/de\\\/?s={search_term_string}\"},\"query-input\":{\"@type\":\"PropertyValueSpecification\",\"valueRequired\":true,\"valueName\":\"search_term_string\"}}],\"inLanguage\":\"de\"},{\"@type\":\"Organization\",\"@id\":\"https:\\\/\\\/x-bar.co\\\/de\\\/#organization\",\"name\":\"X-Bar\u00ae - Official Online Shop\",\"url\":\"https:\\\/\\\/x-bar.co\\\/de\\\/\",\"logo\":{\"@type\":\"ImageObject\",\"inLanguage\":\"de\",\"@id\":\"https:\\\/\\\/x-bar.co\\\/de\\\/#\\\/schema\\\/logo\\\/image\\\/\",\"url\":\"https:\\\/\\\/x-bar.co\\\/wp-content\\\/uploads\\\/2022\\\/07\\\/xbar-logo.svg\",\"contentUrl\":\"https:\\\/\\\/x-bar.co\\\/wp-content\\\/uploads\\\/2022\\\/07\\\/xbar-logo.svg\",\"width\":266,\"height\":41,\"caption\":\"X-Bar\u00ae - Official Online Shop\"},\"image\":{\"@id\":\"https:\\\/\\\/x-bar.co\\\/de\\\/#\\\/schema\\\/logo\\\/image\\\/\"}}]}<\/script>\n<meta property=\"product:price:amount\" content=\"11.90\" \/>\n<meta property=\"product:price:currency\" content=\"EUR\" \/>\n<meta property=\"og:availability\" content=\"out of stock\" \/>\n<meta property=\"product:availability\" content=\"out of stock\" \/>\n<meta property=\"product:retailer_item_id\" content=\"209595\" \/>\n<meta property=\"product:condition\" content=\"new\" \/>\n<!-- \/ Yoast SEO Premium plugin. -->","yoast_head_json":{"title":"Click & Puff - Kit Solo STELLAR - X-Bar\u00ae - Offizieller Online-Shop","robots":{"index":"index","follow":"follow","max-snippet":"max-snippet:-1","max-image-preview":"max-image-preview:large","max-video-preview":"max-video-preview:-1"},"canonical":"https:\/\/x-bar.co\/de\/webshop\/x-bar-sortiment\/click-puff-de\/click-puff-kit-stellar\/click-puff-kit-solo-stellar\/","og_locale":"de_DE","og_type":"article","og_title":"Click & Puff - Kit Solo STELLAR","og_description":"STELLAR bringt eine neue Generation von Click &amp; Puff Ger\u00e4ten, die Leistung, Autonomie und Kontrolle verbessert und gleichzeitig die gewohnte Einfachheit beibeh\u00e4lt. Mit seinem 800 mAh Akku, der Batterieanzeige in Echtzeit und der dynamischen Lightning Surface wurde es f\u00fcr ein angenehmeres Nutzungserlebnis im Alltag entwickelt. Vollst\u00e4ndig kompatibel mit allen Click &amp; Puff Pods, bietet STELLAR Zugang zu \u00fcber 50 Geschmacksrichtungen in einem bew\u00e4hrten und zuverl\u00e4ssigen System.","og_url":"https:\/\/x-bar.co\/de\/webshop\/x-bar-sortiment\/click-puff-de\/click-puff-kit-stellar\/click-puff-kit-solo-stellar\/","og_site_name":"X-Bar\u00ae - Offizieller Online-Shop","article_modified_time":"2026-04-22T09:28:22+00:00","og_image":[{"width":650,"height":650,"url":"https:\/\/x-bar.co\/wp-content\/uploads\/2026\/04\/product-stellar.png","type":"image\/png"}],"twitter_card":"summary_large_image","twitter_misc":{"Preis":"11,90&nbsp;&euro;","Verf\u00fcgbarkeit":"ausverkauft"},"schema":{"@context":"https:\/\/schema.org","@graph":[{"@type":"WebPage","@id":"https:\/\/x-bar.co\/de\/webshop\/x-bar-sortiment\/click-puff-de\/click-puff-kit-stellar\/click-puff-kit-solo-stellar\/","url":"https:\/\/x-bar.co\/de\/webshop\/x-bar-sortiment\/click-puff-de\/click-puff-kit-stellar\/click-puff-kit-solo-stellar\/","name":"Click & Puff - Kit Solo STELLAR - X-Bar\u00ae - Offizieller Online-Shop","isPartOf":{"@id":"https:\/\/x-bar.co\/de\/#website"},"primaryImageOfPage":{"@id":"https:\/\/x-bar.co\/de\/webshop\/x-bar-sortiment\/click-puff-de\/click-puff-kit-stellar\/click-puff-kit-solo-stellar\/#primaryimage"},"image":{"@id":"https:\/\/x-bar.co\/de\/webshop\/x-bar-sortiment\/click-puff-de\/click-puff-kit-stellar\/click-puff-kit-solo-stellar\/#primaryimage"},"thumbnailUrl":"https:\/\/x-bar.co\/wp-content\/uploads\/2026\/04\/product-stellar.png","datePublished":"2026-04-21T15:17:28+00:00","dateModified":"2026-04-22T09:28:22+00:00","breadcrumb":{"@id":"https:\/\/x-bar.co\/de\/webshop\/x-bar-sortiment\/click-puff-de\/click-puff-kit-stellar\/click-puff-kit-solo-stellar\/#breadcrumb"},"inLanguage":"de","potentialAction":[{"@type":"ReadAction","target":["https:\/\/x-bar.co\/de\/webshop\/x-bar-sortiment\/click-puff-de\/click-puff-kit-stellar\/click-puff-kit-solo-stellar\/"]}]},{"@type":"ImageObject","inLanguage":"de","@id":"https:\/\/x-bar.co\/de\/webshop\/x-bar-sortiment\/click-puff-de\/click-puff-kit-stellar\/click-puff-kit-solo-stellar\/#primaryimage","url":"https:\/\/x-bar.co\/wp-content\/uploads\/2026\/04\/product-stellar.png","contentUrl":"https:\/\/x-bar.co\/wp-content\/uploads\/2026\/04\/product-stellar.png","width":650,"height":650},{"@type":"BreadcrumbList","@id":"https:\/\/x-bar.co\/de\/webshop\/x-bar-sortiment\/click-puff-de\/click-puff-kit-stellar\/click-puff-kit-solo-stellar\/#breadcrumb","itemListElement":[{"@type":"ListItem","position":1,"name":"Accueil","item":"https:\/\/x-bar.co\/de\/"},{"@type":"ListItem","position":2,"name":"Webshop","item":"https:\/\/x-bar.co\/de\/webshop\/"},{"@type":"ListItem","position":3,"name":"Click &#038; Puff &#8211; Kit Solo STELLAR"}]},{"@type":"WebSite","@id":"https:\/\/x-bar.co\/de\/#website","url":"https:\/\/x-bar.co\/de\/","name":"X-Bar\u00ae - Official Online Shop","description":"Offizieller X-Bar-Onlineshop. Die besten E-Zigaretten weltweit. Vape-Pods, Puffs, E-Liquids, Ger\u00e4te mit offenen Pod-Systemen ...","publisher":{"@id":"https:\/\/x-bar.co\/de\/#organization"},"potentialAction":[{"@type":"SearchAction","target":{"@type":"EntryPoint","urlTemplate":"https:\/\/x-bar.co\/de\/?s={search_term_string}"},"query-input":{"@type":"PropertyValueSpecification","valueRequired":true,"valueName":"search_term_string"}}],"inLanguage":"de"},{"@type":"Organization","@id":"https:\/\/x-bar.co\/de\/#organization","name":"X-Bar\u00ae - Official Online Shop","url":"https:\/\/x-bar.co\/de\/","logo":{"@type":"ImageObject","inLanguage":"de","@id":"https:\/\/x-bar.co\/de\/#\/schema\/logo\/image\/","url":"https:\/\/x-bar.co\/wp-content\/uploads\/2022\/07\/xbar-logo.svg","contentUrl":"https:\/\/x-bar.co\/wp-content\/uploads\/2022\/07\/xbar-logo.svg","width":266,"height":41,"caption":"X-Bar\u00ae - Official Online Shop"},"image":{"@id":"https:\/\/x-bar.co\/de\/#\/schema\/logo\/image\/"}}]},"product_price_amount":"11.90","product_price_currency":"EUR","og_availability":"out of stock","product_availability":"out of stock","product_retailer_item_id":"209595","product_condition":"new"},"acf":[],"jetpack_sharing_enabled":true,"_links":{"self":[{"href":"https:\/\/x-bar.co\/de\/wp-json\/wp\/v2\/product\/405056","targetHints":{"allow":["GET"]}}],"collection":[{"href":"https:\/\/x-bar.co\/de\/wp-json\/wp\/v2\/product"}],"about":[{"href":"https:\/\/x-bar.co\/de\/wp-json\/wp\/v2\/types\/product"}],"wp:featuredmedia":[{"embeddable":true,"href":"https:\/\/x-bar.co\/de\/wp-json\/wp\/v2\/media\/405063"}],"wp:attachment":[{"href":"https:\/\/x-bar.co\/de\/wp-json\/wp\/v2\/media?parent=405056"}],"wp:term":[{"taxonomy":"product_brand","embeddable":true,"href":"https:\/\/x-bar.co\/de\/wp-json\/wp\/v2\/product_brand?post=405056"},{"taxonomy":"product_cat","embeddable":true,"href":"https:\/\/x-bar.co\/de\/wp-json\/wp\/v2\/product_cat?post=405056"},{"taxonomy":"product_tag","embeddable":true,"href":"https:\/\/x-bar.co\/de\/wp-json\/wp\/v2\/product_tag?post=405056"}],"curies":[{"name":"wp","href":"https:\/\/api.w.org\/{rel}","templated":true}]}}