{"id":91694,"date":"2023-12-12T13:47:32","date_gmt":"2023-12-12T12:47:32","guid":{"rendered":"https:\/\/x-bar.co\/?post_type=product&#038;p=91694"},"modified":"2026-03-18T06:44:27","modified_gmt":"2026-03-18T05:44:27","slug":"click-puff-pod-dragon-fruit","status":"publish","type":"product","link":"https:\/\/x-bar.co\/de\/webshop\/geschmackssorten\/frucht\/click-puff-pod-dragon-fruit\/","title":{"rendered":"Click &#038; Puff &#8211; Pod &#8211; Ice Dragon Fruit"},"content":{"rendered":"","protected":false},"excerpt":{"rendered":"<p>X-Bar Click &amp; Puff Dragon Fruit ist ein Vaping-Genuss, der die Essenz des Sommervergn\u00fcgens einf\u00e4ngt. Mit einem exotischen und s\u00fc\u00dfen Drachenfruchtgeschmack entf\u00fchrt jeder Zug dich in eine Welt tropischer Gen\u00fcsse. Perfekt f\u00fcr diejenigen, die eine fruchtige und erfrischende Erfahrung in der Handfl\u00e4che suchen.<\/p>\n","protected":false},"featured_media":395738,"template":"","meta":{"_acf_changed":false},"product_brand":[],"product_cat":[531,161,170],"product_tag":[506],"class_list":{"0":"post-91694","1":"product","2":"type-product","3":"status-publish","4":"has-post-thumbnail","6":"product_cat-click-puff-de","7":"product_cat-x-bar-click-puff-pod-de","8":"product_cat-frucht","9":"product_tag-click-puff-de","11":"first","12":"instock","13":"taxable","14":"shipping-taxable","15":"purchasable","16":"product-type-variable","17":"has-default-attributes"},"yoast_head":"<!-- This site is optimized with the Yoast SEO Premium plugin v27.3 (Yoast SEO v27.3) - https:\/\/yoast.com\/product\/yoast-seo-premium-wordpress\/ -->\n<title>Click &amp; Puff - Pod - Ice Dragon Fruit - X-Bar\u00ae - Offizieller Online-Shop<\/title>\n<meta name=\"robots\" content=\"index, follow, max-snippet:-1, max-image-preview:large, max-video-preview:-1\" \/>\n<link rel=\"canonical\" href=\"https:\/\/x-bar.co\/de\/webshop\/geschmackssorten\/frucht\/click-puff-pod-dragon-fruit\/\" \/>\n<meta property=\"og:locale\" content=\"de_DE\" \/>\n<meta property=\"og:type\" content=\"article\" \/>\n<meta property=\"og:title\" content=\"Click &amp; Puff - Pod - Ice Dragon Fruit\" \/>\n<meta property=\"og:description\" content=\"X-Bar Click &amp; Puff Dragon Fruit ist ein Vaping-Genuss, der die Essenz des Sommervergn\u00fcgens einf\u00e4ngt. Mit einem exotischen und s\u00fc\u00dfen Drachenfruchtgeschmack entf\u00fchrt jeder Zug dich in eine Welt tropischer Gen\u00fcsse. Perfekt f\u00fcr diejenigen, die eine fruchtige und erfrischende Erfahrung in der Handfl\u00e4che suchen.\" \/>\n<meta property=\"og:url\" content=\"https:\/\/x-bar.co\/de\/webshop\/geschmackssorten\/frucht\/click-puff-pod-dragon-fruit\/\" \/>\n<meta property=\"og:site_name\" content=\"X-Bar\u00ae - Offizieller Online-Shop\" \/>\n<meta property=\"article:modified_time\" content=\"2026-03-18T05:44:27+00:00\" \/>\n<meta property=\"og:image\" content=\"https:\/\/x-bar.co\/wp-content\/uploads\/2023\/12\/clickandpuff-pod-dragonfruit.jpg\" \/>\n\t<meta property=\"og:image:width\" content=\"800\" \/>\n\t<meta property=\"og:image:height\" content=\"800\" \/>\n\t<meta property=\"og:image:type\" content=\"image\/jpeg\" \/>\n<meta name=\"twitter:card\" content=\"summary_large_image\" \/>\n<meta name=\"twitter:label1\" content=\"Verf\u00fcgbarkeit\" \/>\n\t<meta name=\"twitter:data1\" content=\"Auf Lager\" \/>\n<script type=\"application\/ld+json\" class=\"yoast-schema-graph\">{\"@context\":\"https:\\\/\\\/schema.org\",\"@graph\":[{\"@type\":\"WebPage\",\"@id\":\"https:\\\/\\\/x-bar.co\\\/de\\\/webshop\\\/geschmackssorten\\\/frucht\\\/click-puff-pod-dragon-fruit\\\/\",\"url\":\"https:\\\/\\\/x-bar.co\\\/de\\\/webshop\\\/geschmackssorten\\\/frucht\\\/click-puff-pod-dragon-fruit\\\/\",\"name\":\"Click & Puff - Pod - Ice Dragon Fruit - X-Bar\u00ae - Offizieller Online-Shop\",\"isPartOf\":{\"@id\":\"https:\\\/\\\/x-bar.co\\\/de\\\/#website\"},\"primaryImageOfPage\":{\"@id\":\"https:\\\/\\\/x-bar.co\\\/de\\\/webshop\\\/geschmackssorten\\\/frucht\\\/click-puff-pod-dragon-fruit\\\/#primaryimage\"},\"image\":{\"@id\":\"https:\\\/\\\/x-bar.co\\\/de\\\/webshop\\\/geschmackssorten\\\/frucht\\\/click-puff-pod-dragon-fruit\\\/#primaryimage\"},\"thumbnailUrl\":\"https:\\\/\\\/x-bar.co\\\/wp-content\\\/uploads\\\/2023\\\/12\\\/cp_pod_pack_fruit_dragon.png\",\"datePublished\":\"2023-12-12T12:47:32+00:00\",\"dateModified\":\"2026-03-18T05:44:27+00:00\",\"breadcrumb\":{\"@id\":\"https:\\\/\\\/x-bar.co\\\/de\\\/webshop\\\/geschmackssorten\\\/frucht\\\/click-puff-pod-dragon-fruit\\\/#breadcrumb\"},\"inLanguage\":\"de\",\"potentialAction\":[{\"@type\":\"ReadAction\",\"target\":[\"https:\\\/\\\/x-bar.co\\\/de\\\/webshop\\\/geschmackssorten\\\/frucht\\\/click-puff-pod-dragon-fruit\\\/\"]}]},{\"@type\":\"ImageObject\",\"inLanguage\":\"de\",\"@id\":\"https:\\\/\\\/x-bar.co\\\/de\\\/webshop\\\/geschmackssorten\\\/frucht\\\/click-puff-pod-dragon-fruit\\\/#primaryimage\",\"url\":\"https:\\\/\\\/x-bar.co\\\/wp-content\\\/uploads\\\/2023\\\/12\\\/cp_pod_pack_fruit_dragon.png\",\"contentUrl\":\"https:\\\/\\\/x-bar.co\\\/wp-content\\\/uploads\\\/2023\\\/12\\\/cp_pod_pack_fruit_dragon.png\",\"width\":650,\"height\":650},{\"@type\":\"BreadcrumbList\",\"@id\":\"https:\\\/\\\/x-bar.co\\\/de\\\/webshop\\\/geschmackssorten\\\/frucht\\\/click-puff-pod-dragon-fruit\\\/#breadcrumb\",\"itemListElement\":[{\"@type\":\"ListItem\",\"position\":1,\"name\":\"Accueil\",\"item\":\"https:\\\/\\\/x-bar.co\\\/de\\\/\"},{\"@type\":\"ListItem\",\"position\":2,\"name\":\"Webshop\",\"item\":\"https:\\\/\\\/x-bar.co\\\/de\\\/webshop\\\/\"},{\"@type\":\"ListItem\",\"position\":3,\"name\":\"Click &#038; Puff &#8211; Pod &#8211; Ice Dragon Fruit\"}]},{\"@type\":\"WebSite\",\"@id\":\"https:\\\/\\\/x-bar.co\\\/de\\\/#website\",\"url\":\"https:\\\/\\\/x-bar.co\\\/de\\\/\",\"name\":\"X-Bar\u00ae - Official Online Shop\",\"description\":\"Offizieller X-Bar-Onlineshop. Die besten E-Zigaretten weltweit. Vape-Pods, Puffs, E-Liquids, Ger\u00e4te mit offenen Pod-Systemen ...\",\"publisher\":{\"@id\":\"https:\\\/\\\/x-bar.co\\\/de\\\/#organization\"},\"potentialAction\":[{\"@type\":\"SearchAction\",\"target\":{\"@type\":\"EntryPoint\",\"urlTemplate\":\"https:\\\/\\\/x-bar.co\\\/de\\\/?s={search_term_string}\"},\"query-input\":{\"@type\":\"PropertyValueSpecification\",\"valueRequired\":true,\"valueName\":\"search_term_string\"}}],\"inLanguage\":\"de\"},{\"@type\":\"Organization\",\"@id\":\"https:\\\/\\\/x-bar.co\\\/de\\\/#organization\",\"name\":\"X-Bar\u00ae - Official Online Shop\",\"url\":\"https:\\\/\\\/x-bar.co\\\/de\\\/\",\"logo\":{\"@type\":\"ImageObject\",\"inLanguage\":\"de\",\"@id\":\"https:\\\/\\\/x-bar.co\\\/de\\\/#\\\/schema\\\/logo\\\/image\\\/\",\"url\":\"https:\\\/\\\/x-bar.co\\\/wp-content\\\/uploads\\\/2022\\\/07\\\/xbar-logo.svg\",\"contentUrl\":\"https:\\\/\\\/x-bar.co\\\/wp-content\\\/uploads\\\/2022\\\/07\\\/xbar-logo.svg\",\"width\":266,\"height\":41,\"caption\":\"X-Bar\u00ae - Official Online Shop\"},\"image\":{\"@id\":\"https:\\\/\\\/x-bar.co\\\/de\\\/#\\\/schema\\\/logo\\\/image\\\/\"}}]}<\/script>\n<meta property=\"og:availability\" content=\"instock\" \/>\n<meta property=\"product:availability\" content=\"instock\" \/>\n<meta property=\"product:condition\" content=\"new\" \/>\n<!-- \/ Yoast SEO Premium plugin. -->","yoast_head_json":{"title":"Click & Puff - Pod - Ice Dragon Fruit - X-Bar\u00ae - Offizieller Online-Shop","robots":{"index":"index","follow":"follow","max-snippet":"max-snippet:-1","max-image-preview":"max-image-preview:large","max-video-preview":"max-video-preview:-1"},"canonical":"https:\/\/x-bar.co\/de\/webshop\/geschmackssorten\/frucht\/click-puff-pod-dragon-fruit\/","og_locale":"de_DE","og_type":"article","og_title":"Click & Puff - Pod - Ice Dragon Fruit","og_description":"X-Bar Click &amp; Puff Dragon Fruit ist ein Vaping-Genuss, der die Essenz des Sommervergn\u00fcgens einf\u00e4ngt. Mit einem exotischen und s\u00fc\u00dfen Drachenfruchtgeschmack entf\u00fchrt jeder Zug dich in eine Welt tropischer Gen\u00fcsse. Perfekt f\u00fcr diejenigen, die eine fruchtige und erfrischende Erfahrung in der Handfl\u00e4che suchen.","og_url":"https:\/\/x-bar.co\/de\/webshop\/geschmackssorten\/frucht\/click-puff-pod-dragon-fruit\/","og_site_name":"X-Bar\u00ae - Offizieller Online-Shop","article_modified_time":"2026-03-18T05:44:27+00:00","og_image":[{"width":800,"height":800,"url":"https:\/\/x-bar.co\/wp-content\/uploads\/2023\/12\/clickandpuff-pod-dragonfruit.jpg","type":"image\/jpeg"}],"twitter_card":"summary_large_image","twitter_misc":{"Verf\u00fcgbarkeit":"Auf Lager"},"schema":{"@context":"https:\/\/schema.org","@graph":[{"@type":"WebPage","@id":"https:\/\/x-bar.co\/de\/webshop\/geschmackssorten\/frucht\/click-puff-pod-dragon-fruit\/","url":"https:\/\/x-bar.co\/de\/webshop\/geschmackssorten\/frucht\/click-puff-pod-dragon-fruit\/","name":"Click & Puff - Pod - Ice Dragon Fruit - X-Bar\u00ae - Offizieller Online-Shop","isPartOf":{"@id":"https:\/\/x-bar.co\/de\/#website"},"primaryImageOfPage":{"@id":"https:\/\/x-bar.co\/de\/webshop\/geschmackssorten\/frucht\/click-puff-pod-dragon-fruit\/#primaryimage"},"image":{"@id":"https:\/\/x-bar.co\/de\/webshop\/geschmackssorten\/frucht\/click-puff-pod-dragon-fruit\/#primaryimage"},"thumbnailUrl":"https:\/\/x-bar.co\/wp-content\/uploads\/2023\/12\/cp_pod_pack_fruit_dragon.png","datePublished":"2023-12-12T12:47:32+00:00","dateModified":"2026-03-18T05:44:27+00:00","breadcrumb":{"@id":"https:\/\/x-bar.co\/de\/webshop\/geschmackssorten\/frucht\/click-puff-pod-dragon-fruit\/#breadcrumb"},"inLanguage":"de","potentialAction":[{"@type":"ReadAction","target":["https:\/\/x-bar.co\/de\/webshop\/geschmackssorten\/frucht\/click-puff-pod-dragon-fruit\/"]}]},{"@type":"ImageObject","inLanguage":"de","@id":"https:\/\/x-bar.co\/de\/webshop\/geschmackssorten\/frucht\/click-puff-pod-dragon-fruit\/#primaryimage","url":"https:\/\/x-bar.co\/wp-content\/uploads\/2023\/12\/cp_pod_pack_fruit_dragon.png","contentUrl":"https:\/\/x-bar.co\/wp-content\/uploads\/2023\/12\/cp_pod_pack_fruit_dragon.png","width":650,"height":650},{"@type":"BreadcrumbList","@id":"https:\/\/x-bar.co\/de\/webshop\/geschmackssorten\/frucht\/click-puff-pod-dragon-fruit\/#breadcrumb","itemListElement":[{"@type":"ListItem","position":1,"name":"Accueil","item":"https:\/\/x-bar.co\/de\/"},{"@type":"ListItem","position":2,"name":"Webshop","item":"https:\/\/x-bar.co\/de\/webshop\/"},{"@type":"ListItem","position":3,"name":"Click &#038; Puff &#8211; Pod &#8211; Ice Dragon Fruit"}]},{"@type":"WebSite","@id":"https:\/\/x-bar.co\/de\/#website","url":"https:\/\/x-bar.co\/de\/","name":"X-Bar\u00ae - Official Online Shop","description":"Offizieller X-Bar-Onlineshop. Die besten E-Zigaretten weltweit. Vape-Pods, Puffs, E-Liquids, Ger\u00e4te mit offenen Pod-Systemen ...","publisher":{"@id":"https:\/\/x-bar.co\/de\/#organization"},"potentialAction":[{"@type":"SearchAction","target":{"@type":"EntryPoint","urlTemplate":"https:\/\/x-bar.co\/de\/?s={search_term_string}"},"query-input":{"@type":"PropertyValueSpecification","valueRequired":true,"valueName":"search_term_string"}}],"inLanguage":"de"},{"@type":"Organization","@id":"https:\/\/x-bar.co\/de\/#organization","name":"X-Bar\u00ae - Official Online Shop","url":"https:\/\/x-bar.co\/de\/","logo":{"@type":"ImageObject","inLanguage":"de","@id":"https:\/\/x-bar.co\/de\/#\/schema\/logo\/image\/","url":"https:\/\/x-bar.co\/wp-content\/uploads\/2022\/07\/xbar-logo.svg","contentUrl":"https:\/\/x-bar.co\/wp-content\/uploads\/2022\/07\/xbar-logo.svg","width":266,"height":41,"caption":"X-Bar\u00ae - Official Online Shop"},"image":{"@id":"https:\/\/x-bar.co\/de\/#\/schema\/logo\/image\/"}}]},"og_availability":"instock","product_availability":"instock","product_condition":"new"},"acf":[],"jetpack_sharing_enabled":true,"_links":{"self":[{"href":"https:\/\/x-bar.co\/de\/wp-json\/wp\/v2\/product\/91694","targetHints":{"allow":["GET"]}}],"collection":[{"href":"https:\/\/x-bar.co\/de\/wp-json\/wp\/v2\/product"}],"about":[{"href":"https:\/\/x-bar.co\/de\/wp-json\/wp\/v2\/types\/product"}],"wp:featuredmedia":[{"embeddable":true,"href":"https:\/\/x-bar.co\/de\/wp-json\/wp\/v2\/media\/395738"}],"wp:attachment":[{"href":"https:\/\/x-bar.co\/de\/wp-json\/wp\/v2\/media?parent=91694"}],"wp:term":[{"taxonomy":"product_brand","embeddable":true,"href":"https:\/\/x-bar.co\/de\/wp-json\/wp\/v2\/product_brand?post=91694"},{"taxonomy":"product_cat","embeddable":true,"href":"https:\/\/x-bar.co\/de\/wp-json\/wp\/v2\/product_cat?post=91694"},{"taxonomy":"product_tag","embeddable":true,"href":"https:\/\/x-bar.co\/de\/wp-json\/wp\/v2\/product_tag?post=91694"}],"curies":[{"name":"wp","href":"https:\/\/api.w.org\/{rel}","templated":true}]}}