{"id":261452,"date":"2025-01-30T09:23:23","date_gmt":"2025-01-30T08:23:23","guid":{"rendered":"https:\/\/x-bar.co\/?post_type=product&#038;p=261452"},"modified":"2025-04-08T16:03:19","modified_gmt":"2025-04-08T14:03:19","slug":"click-puff-pod-labsolv-aberdeen","status":"publish","type":"product","link":"https:\/\/x-bar.co\/es\/tienda-online\/rango-x-bar\/click-puff-es\/click-puff-pod-es\/click-puff-pod-labsolv-aberdeen\/","title":{"rendered":"Click &#038; Puff &#8211; Pod &#8211; L&#8217;Absolv Aberdeen"},"content":{"rendered":"","protected":false},"excerpt":{"rendered":"<p>Descubre la audaz sofisticaci\u00f3n de Absolv Aberdeen, una mezcla de tabaco premium creada en colaboraci\u00f3n entre X-Bar y Vapecellar. Este exclusivo e-l\u00edquido combina la profundidad suave y caramelizada del tabaco Cavendish con la rica esencia de cereza y un toque de amaretto, ofreciendo una experiencia de vapeo lujosa y perfectamente equilibrada. Disponible en 6 mg y 11 mg\/ml de nicotina tradicional, Absolv Aberdeen es ideal para quienes buscan un vapeo arom\u00e1tico y refinado con un toque de indulgencia.<\/p>\n","protected":false},"featured_media":261466,"template":"","meta":{"_acf_changed":false},"product_brand":[],"product_cat":[231,447,242],"product_tag":[],"class_list":{"0":"post-261452","1":"product","2":"type-product","3":"status-publish","4":"has-post-thumbnail","6":"product_cat-click-puff-pod-es","7":"product_cat-product-template-2-es-2","8":"product_cat-tabaco","10":"first","11":"instock","12":"taxable","13":"shipping-taxable","14":"purchasable","15":"product-type-variable","16":"has-default-attributes"},"yoast_head":"<!-- This site is optimized with the Yoast SEO Premium plugin v27.3 (Yoast SEO v27.3) - https:\/\/yoast.com\/product\/yoast-seo-premium-wordpress\/ -->\n<title>Click &amp; Puff - Pod - L&#039;Absolv Aberdeen - X-Bar\u00ae - Tienda Oficial Online<\/title>\n<meta name=\"robots\" content=\"index, follow, max-snippet:-1, max-image-preview:large, max-video-preview:-1\" \/>\n<link rel=\"canonical\" href=\"https:\/\/x-bar.co\/es\/tienda-online\/rango-x-bar\/click-puff-es\/click-puff-pod-es\/click-puff-pod-labsolv-aberdeen\/\" \/>\n<meta property=\"og:locale\" content=\"es_ES\" \/>\n<meta property=\"og:type\" content=\"article\" \/>\n<meta property=\"og:title\" content=\"Click &amp; Puff - Pod - L&#039;Absolv Aberdeen\" \/>\n<meta property=\"og:description\" content=\"Descubre la audaz sofisticaci\u00f3n de Absolv Aberdeen, una mezcla de tabaco premium creada en colaboraci\u00f3n entre X-Bar y Vapecellar. Este exclusivo e-l\u00edquido combina la profundidad suave y caramelizada del tabaco Cavendish con la rica esencia de cereza y un toque de amaretto, ofreciendo una experiencia de vapeo lujosa y perfectamente equilibrada. Disponible en 6 mg y 11 mg\/ml de nicotina tradicional, Absolv Aberdeen es ideal para quienes buscan un vapeo arom\u00e1tico y refinado con un toque de indulgencia.\" \/>\n<meta property=\"og:url\" content=\"https:\/\/x-bar.co\/es\/tienda-online\/rango-x-bar\/click-puff-es\/click-puff-pod-es\/click-puff-pod-labsolv-aberdeen\/\" \/>\n<meta property=\"og:site_name\" content=\"X-Bar\u00ae - Tienda Oficial Online\" \/>\n<meta property=\"article:modified_time\" content=\"2025-04-08T14:03:19+00:00\" \/>\n<meta property=\"og:image\" content=\"https:\/\/x-bar.co\/wp-content\/uploads\/2025\/01\/xbar-clickpuff-pod-absoluv-aberdeen.png\" \/>\n\t<meta property=\"og:image:width\" content=\"650\" \/>\n\t<meta property=\"og:image:height\" content=\"650\" \/>\n\t<meta property=\"og:image:type\" content=\"image\/png\" \/>\n<meta name=\"twitter:card\" content=\"summary_large_image\" \/>\n<meta name=\"twitter:label1\" content=\"Disponibilidad\" \/>\n\t<meta name=\"twitter:data1\" content=\"Disponible\" \/>\n<script type=\"application\/ld+json\" class=\"yoast-schema-graph\">{\"@context\":\"https:\\\/\\\/schema.org\",\"@graph\":[{\"@type\":\"WebPage\",\"@id\":\"https:\\\/\\\/x-bar.co\\\/es\\\/tienda-online\\\/rango-x-bar\\\/click-puff-es\\\/click-puff-pod-es\\\/click-puff-pod-labsolv-aberdeen\\\/\",\"url\":\"https:\\\/\\\/x-bar.co\\\/es\\\/tienda-online\\\/rango-x-bar\\\/click-puff-es\\\/click-puff-pod-es\\\/click-puff-pod-labsolv-aberdeen\\\/\",\"name\":\"Click & Puff - Pod - L'Absolv Aberdeen - X-Bar\u00ae - Tienda Oficial Online\",\"isPartOf\":{\"@id\":\"https:\\\/\\\/x-bar.co\\\/es\\\/#website\"},\"primaryImageOfPage\":{\"@id\":\"https:\\\/\\\/x-bar.co\\\/es\\\/tienda-online\\\/rango-x-bar\\\/click-puff-es\\\/click-puff-pod-es\\\/click-puff-pod-labsolv-aberdeen\\\/#primaryimage\"},\"image\":{\"@id\":\"https:\\\/\\\/x-bar.co\\\/es\\\/tienda-online\\\/rango-x-bar\\\/click-puff-es\\\/click-puff-pod-es\\\/click-puff-pod-labsolv-aberdeen\\\/#primaryimage\"},\"thumbnailUrl\":\"https:\\\/\\\/x-bar.co\\\/wp-content\\\/uploads\\\/2025\\\/01\\\/xbar-clickpuff-pod-absoluv-aberdeen.png\",\"datePublished\":\"2025-01-30T08:23:23+00:00\",\"dateModified\":\"2025-04-08T14:03:19+00:00\",\"breadcrumb\":{\"@id\":\"https:\\\/\\\/x-bar.co\\\/es\\\/tienda-online\\\/rango-x-bar\\\/click-puff-es\\\/click-puff-pod-es\\\/click-puff-pod-labsolv-aberdeen\\\/#breadcrumb\"},\"inLanguage\":\"es\",\"potentialAction\":[{\"@type\":\"ReadAction\",\"target\":[\"https:\\\/\\\/x-bar.co\\\/es\\\/tienda-online\\\/rango-x-bar\\\/click-puff-es\\\/click-puff-pod-es\\\/click-puff-pod-labsolv-aberdeen\\\/\"]}]},{\"@type\":\"ImageObject\",\"inLanguage\":\"es\",\"@id\":\"https:\\\/\\\/x-bar.co\\\/es\\\/tienda-online\\\/rango-x-bar\\\/click-puff-es\\\/click-puff-pod-es\\\/click-puff-pod-labsolv-aberdeen\\\/#primaryimage\",\"url\":\"https:\\\/\\\/x-bar.co\\\/wp-content\\\/uploads\\\/2025\\\/01\\\/xbar-clickpuff-pod-absoluv-aberdeen.png\",\"contentUrl\":\"https:\\\/\\\/x-bar.co\\\/wp-content\\\/uploads\\\/2025\\\/01\\\/xbar-clickpuff-pod-absoluv-aberdeen.png\",\"width\":650,\"height\":650},{\"@type\":\"BreadcrumbList\",\"@id\":\"https:\\\/\\\/x-bar.co\\\/es\\\/tienda-online\\\/rango-x-bar\\\/click-puff-es\\\/click-puff-pod-es\\\/click-puff-pod-labsolv-aberdeen\\\/#breadcrumb\",\"itemListElement\":[{\"@type\":\"ListItem\",\"position\":1,\"name\":\"Accueil\",\"item\":\"https:\\\/\\\/x-bar.co\\\/es\\\/\"},{\"@type\":\"ListItem\",\"position\":2,\"name\":\"Tienda online\",\"item\":\"https:\\\/\\\/x-bar.co\\\/es\\\/tienda-online\\\/\"},{\"@type\":\"ListItem\",\"position\":3,\"name\":\"Click &#038; Puff &#8211; Pod &#8211; L&#8217;Absolv Aberdeen\"}]},{\"@type\":\"WebSite\",\"@id\":\"https:\\\/\\\/x-bar.co\\\/es\\\/#website\",\"url\":\"https:\\\/\\\/x-bar.co\\\/es\\\/\",\"name\":\"X-Bar\u00ae - Official Online Shop\",\"description\":\"Tienda online oficial de X-Bar. Los mejores dispositivos de vapeo en todo el mundo. Pods de vapeo, puff, e liquids, dispositivos con sistema open pods...\",\"publisher\":{\"@id\":\"https:\\\/\\\/x-bar.co\\\/es\\\/#organization\"},\"potentialAction\":[{\"@type\":\"SearchAction\",\"target\":{\"@type\":\"EntryPoint\",\"urlTemplate\":\"https:\\\/\\\/x-bar.co\\\/es\\\/?s={search_term_string}\"},\"query-input\":{\"@type\":\"PropertyValueSpecification\",\"valueRequired\":true,\"valueName\":\"search_term_string\"}}],\"inLanguage\":\"es\"},{\"@type\":\"Organization\",\"@id\":\"https:\\\/\\\/x-bar.co\\\/es\\\/#organization\",\"name\":\"X-Bar\u00ae - Official Online Shop\",\"url\":\"https:\\\/\\\/x-bar.co\\\/es\\\/\",\"logo\":{\"@type\":\"ImageObject\",\"inLanguage\":\"es\",\"@id\":\"https:\\\/\\\/x-bar.co\\\/es\\\/#\\\/schema\\\/logo\\\/image\\\/\",\"url\":\"https:\\\/\\\/x-bar.co\\\/wp-content\\\/uploads\\\/2022\\\/07\\\/xbar-logo.svg\",\"contentUrl\":\"https:\\\/\\\/x-bar.co\\\/wp-content\\\/uploads\\\/2022\\\/07\\\/xbar-logo.svg\",\"width\":266,\"height\":41,\"caption\":\"X-Bar\u00ae - Official Online Shop\"},\"image\":{\"@id\":\"https:\\\/\\\/x-bar.co\\\/es\\\/#\\\/schema\\\/logo\\\/image\\\/\"}}]}<\/script>\n<meta property=\"og:availability\" content=\"instock\" \/>\n<meta property=\"product:availability\" content=\"instock\" \/>\n<meta property=\"product:condition\" content=\"new\" \/>\n<!-- \/ Yoast SEO Premium plugin. -->","yoast_head_json":{"title":"Click & Puff - Pod - L'Absolv Aberdeen - X-Bar\u00ae - Tienda Oficial Online","robots":{"index":"index","follow":"follow","max-snippet":"max-snippet:-1","max-image-preview":"max-image-preview:large","max-video-preview":"max-video-preview:-1"},"canonical":"https:\/\/x-bar.co\/es\/tienda-online\/rango-x-bar\/click-puff-es\/click-puff-pod-es\/click-puff-pod-labsolv-aberdeen\/","og_locale":"es_ES","og_type":"article","og_title":"Click & Puff - Pod - L'Absolv Aberdeen","og_description":"Descubre la audaz sofisticaci\u00f3n de Absolv Aberdeen, una mezcla de tabaco premium creada en colaboraci\u00f3n entre X-Bar y Vapecellar. Este exclusivo e-l\u00edquido combina la profundidad suave y caramelizada del tabaco Cavendish con la rica esencia de cereza y un toque de amaretto, ofreciendo una experiencia de vapeo lujosa y perfectamente equilibrada. Disponible en 6 mg y 11 mg\/ml de nicotina tradicional, Absolv Aberdeen es ideal para quienes buscan un vapeo arom\u00e1tico y refinado con un toque de indulgencia.","og_url":"https:\/\/x-bar.co\/es\/tienda-online\/rango-x-bar\/click-puff-es\/click-puff-pod-es\/click-puff-pod-labsolv-aberdeen\/","og_site_name":"X-Bar\u00ae - Tienda Oficial Online","article_modified_time":"2025-04-08T14:03:19+00:00","og_image":[{"width":650,"height":650,"url":"https:\/\/x-bar.co\/wp-content\/uploads\/2025\/01\/xbar-clickpuff-pod-absoluv-aberdeen.png","type":"image\/png"}],"twitter_card":"summary_large_image","twitter_misc":{"Disponibilidad":"Disponible"},"schema":{"@context":"https:\/\/schema.org","@graph":[{"@type":"WebPage","@id":"https:\/\/x-bar.co\/es\/tienda-online\/rango-x-bar\/click-puff-es\/click-puff-pod-es\/click-puff-pod-labsolv-aberdeen\/","url":"https:\/\/x-bar.co\/es\/tienda-online\/rango-x-bar\/click-puff-es\/click-puff-pod-es\/click-puff-pod-labsolv-aberdeen\/","name":"Click & Puff - Pod - L'Absolv Aberdeen - X-Bar\u00ae - Tienda Oficial Online","isPartOf":{"@id":"https:\/\/x-bar.co\/es\/#website"},"primaryImageOfPage":{"@id":"https:\/\/x-bar.co\/es\/tienda-online\/rango-x-bar\/click-puff-es\/click-puff-pod-es\/click-puff-pod-labsolv-aberdeen\/#primaryimage"},"image":{"@id":"https:\/\/x-bar.co\/es\/tienda-online\/rango-x-bar\/click-puff-es\/click-puff-pod-es\/click-puff-pod-labsolv-aberdeen\/#primaryimage"},"thumbnailUrl":"https:\/\/x-bar.co\/wp-content\/uploads\/2025\/01\/xbar-clickpuff-pod-absoluv-aberdeen.png","datePublished":"2025-01-30T08:23:23+00:00","dateModified":"2025-04-08T14:03:19+00:00","breadcrumb":{"@id":"https:\/\/x-bar.co\/es\/tienda-online\/rango-x-bar\/click-puff-es\/click-puff-pod-es\/click-puff-pod-labsolv-aberdeen\/#breadcrumb"},"inLanguage":"es","potentialAction":[{"@type":"ReadAction","target":["https:\/\/x-bar.co\/es\/tienda-online\/rango-x-bar\/click-puff-es\/click-puff-pod-es\/click-puff-pod-labsolv-aberdeen\/"]}]},{"@type":"ImageObject","inLanguage":"es","@id":"https:\/\/x-bar.co\/es\/tienda-online\/rango-x-bar\/click-puff-es\/click-puff-pod-es\/click-puff-pod-labsolv-aberdeen\/#primaryimage","url":"https:\/\/x-bar.co\/wp-content\/uploads\/2025\/01\/xbar-clickpuff-pod-absoluv-aberdeen.png","contentUrl":"https:\/\/x-bar.co\/wp-content\/uploads\/2025\/01\/xbar-clickpuff-pod-absoluv-aberdeen.png","width":650,"height":650},{"@type":"BreadcrumbList","@id":"https:\/\/x-bar.co\/es\/tienda-online\/rango-x-bar\/click-puff-es\/click-puff-pod-es\/click-puff-pod-labsolv-aberdeen\/#breadcrumb","itemListElement":[{"@type":"ListItem","position":1,"name":"Accueil","item":"https:\/\/x-bar.co\/es\/"},{"@type":"ListItem","position":2,"name":"Tienda online","item":"https:\/\/x-bar.co\/es\/tienda-online\/"},{"@type":"ListItem","position":3,"name":"Click &#038; Puff &#8211; Pod &#8211; L&#8217;Absolv Aberdeen"}]},{"@type":"WebSite","@id":"https:\/\/x-bar.co\/es\/#website","url":"https:\/\/x-bar.co\/es\/","name":"X-Bar\u00ae - Official Online Shop","description":"Tienda online oficial de X-Bar. Los mejores dispositivos de vapeo en todo el mundo. Pods de vapeo, puff, e liquids, dispositivos con sistema open pods...","publisher":{"@id":"https:\/\/x-bar.co\/es\/#organization"},"potentialAction":[{"@type":"SearchAction","target":{"@type":"EntryPoint","urlTemplate":"https:\/\/x-bar.co\/es\/?s={search_term_string}"},"query-input":{"@type":"PropertyValueSpecification","valueRequired":true,"valueName":"search_term_string"}}],"inLanguage":"es"},{"@type":"Organization","@id":"https:\/\/x-bar.co\/es\/#organization","name":"X-Bar\u00ae - Official Online Shop","url":"https:\/\/x-bar.co\/es\/","logo":{"@type":"ImageObject","inLanguage":"es","@id":"https:\/\/x-bar.co\/es\/#\/schema\/logo\/image\/","url":"https:\/\/x-bar.co\/wp-content\/uploads\/2022\/07\/xbar-logo.svg","contentUrl":"https:\/\/x-bar.co\/wp-content\/uploads\/2022\/07\/xbar-logo.svg","width":266,"height":41,"caption":"X-Bar\u00ae - Official Online Shop"},"image":{"@id":"https:\/\/x-bar.co\/es\/#\/schema\/logo\/image\/"}}]},"og_availability":"instock","product_availability":"instock","product_condition":"new"},"acf":[],"jetpack_sharing_enabled":true,"_links":{"self":[{"href":"https:\/\/x-bar.co\/es\/wp-json\/wp\/v2\/product\/261452","targetHints":{"allow":["GET"]}}],"collection":[{"href":"https:\/\/x-bar.co\/es\/wp-json\/wp\/v2\/product"}],"about":[{"href":"https:\/\/x-bar.co\/es\/wp-json\/wp\/v2\/types\/product"}],"wp:featuredmedia":[{"embeddable":true,"href":"https:\/\/x-bar.co\/es\/wp-json\/wp\/v2\/media\/261466"}],"wp:attachment":[{"href":"https:\/\/x-bar.co\/es\/wp-json\/wp\/v2\/media?parent=261452"}],"wp:term":[{"taxonomy":"product_brand","embeddable":true,"href":"https:\/\/x-bar.co\/es\/wp-json\/wp\/v2\/product_brand?post=261452"},{"taxonomy":"product_cat","embeddable":true,"href":"https:\/\/x-bar.co\/es\/wp-json\/wp\/v2\/product_cat?post=261452"},{"taxonomy":"product_tag","embeddable":true,"href":"https:\/\/x-bar.co\/es\/wp-json\/wp\/v2\/product_tag?post=261452"}],"curies":[{"name":"wp","href":"https:\/\/api.w.org\/{rel}","templated":true}]}}