{"id":284536,"date":"2025-03-26T15:49:03","date_gmt":"2025-03-26T14:49:03","guid":{"rendered":"https:\/\/x-bar.co\/?post_type=product&#038;p=284536"},"modified":"2025-03-26T16:04:05","modified_gmt":"2025-03-26T15:04:05","slug":"e-liquid-50ml-peach-ice","status":"publish","type":"product","link":"https:\/\/x-bar.co\/es\/tienda-online\/rango-x-bar\/e-liquid-50ml-peach-ice\/","title":{"rendered":"E-liquid 50ml Peach Ice"},"content":{"rendered":"","protected":false},"excerpt":{"rendered":"<p><strong>S\u00f3lo 0 mg\/ml disponibles.<\/strong><\/p>\n<p>Eliquid 50ml Peach Ice te ofrece el delicioso sabor de los melocotones maduros al sol, perfectamente equilibrado con un toque helado. Cada calada libera una dulzura jugosa de melocot\u00f3n, seguida de una sensaci\u00f3n refrescante que revitaliza el paladar. Ideal para una experiencia de vapeo suave y helada, Peach Ice es el compa\u00f1ero perfecto para un toque frutal y revitalizante.<\/p>\n","protected":false},"featured_media":397402,"template":"","meta":{"_acf_changed":false},"product_brand":[],"product_cat":[544,240,229],"product_tag":[],"class_list":{"0":"post-284536","1":"product","2":"type-product","3":"status-publish","4":"has-post-thumbnail","6":"product_cat-e-liquido-50ml","7":"product_cat-frutas","8":"product_cat-rango-x-bar","10":"first","11":"instock","12":"taxable","13":"shipping-taxable","14":"purchasable","15":"product-type-variable","16":"has-default-attributes"},"yoast_head":"<!-- This site is optimized with the Yoast SEO Premium plugin v27.3 (Yoast SEO v27.3) - https:\/\/yoast.com\/product\/yoast-seo-premium-wordpress\/ -->\n<title>E-liquid 50ml Peach Ice - X-Bar\u00ae - Tienda Oficial Online<\/title>\n<meta name=\"robots\" content=\"index, follow, max-snippet:-1, max-image-preview:large, max-video-preview:-1\" \/>\n<link rel=\"canonical\" href=\"https:\/\/x-bar.co\/es\/tienda-online\/rango-x-bar\/e-liquid-50ml-peach-ice\/\" \/>\n<meta property=\"og:locale\" content=\"es_ES\" \/>\n<meta property=\"og:type\" content=\"article\" \/>\n<meta property=\"og:title\" content=\"E-liquid 50ml Peach Ice\" \/>\n<meta property=\"og:description\" content=\"S\u00f3lo 0 mg\/ml disponibles.  Eliquid 50ml Peach Ice te ofrece el delicioso sabor de los melocotones maduros al sol, perfectamente equilibrado con un toque helado. Cada calada libera una dulzura jugosa de melocot\u00f3n, seguida de una sensaci\u00f3n refrescante que revitaliza el paladar. Ideal para una experiencia de vapeo suave y helada, Peach Ice es el compa\u00f1ero perfecto para un toque frutal y revitalizante.\" \/>\n<meta property=\"og:url\" content=\"https:\/\/x-bar.co\/es\/tienda-online\/rango-x-bar\/e-liquid-50ml-peach-ice\/\" \/>\n<meta property=\"og:site_name\" content=\"X-Bar\u00ae - Tienda Oficial Online\" \/>\n<meta property=\"article:modified_time\" content=\"2025-03-26T15:04:05+00:00\" \/>\n<meta property=\"og:image\" content=\"https:\/\/x-bar.co\/wp-content\/uploads\/2025\/03\/xbar-50ml-peachice.png\" \/>\n\t<meta property=\"og:image:width\" content=\"650\" \/>\n\t<meta property=\"og:image:height\" content=\"650\" \/>\n\t<meta property=\"og:image:type\" content=\"image\/png\" \/>\n<meta name=\"twitter:card\" content=\"summary_large_image\" \/>\n<meta name=\"twitter:label1\" content=\"Disponibilidad\" \/>\n\t<meta name=\"twitter:data1\" content=\"Disponible\" \/>\n<script type=\"application\/ld+json\" class=\"yoast-schema-graph\">{\"@context\":\"https:\\\/\\\/schema.org\",\"@graph\":[{\"@type\":\"WebPage\",\"@id\":\"https:\\\/\\\/x-bar.co\\\/es\\\/tienda-online\\\/rango-x-bar\\\/e-liquid-50ml-peach-ice\\\/\",\"url\":\"https:\\\/\\\/x-bar.co\\\/es\\\/tienda-online\\\/rango-x-bar\\\/e-liquid-50ml-peach-ice\\\/\",\"name\":\"E-liquid 50ml Peach Ice - X-Bar\u00ae - Tienda Oficial Online\",\"isPartOf\":{\"@id\":\"https:\\\/\\\/x-bar.co\\\/es\\\/#website\"},\"primaryImageOfPage\":{\"@id\":\"https:\\\/\\\/x-bar.co\\\/es\\\/tienda-online\\\/rango-x-bar\\\/e-liquid-50ml-peach-ice\\\/#primaryimage\"},\"image\":{\"@id\":\"https:\\\/\\\/x-bar.co\\\/es\\\/tienda-online\\\/rango-x-bar\\\/e-liquid-50ml-peach-ice\\\/#primaryimage\"},\"thumbnailUrl\":\"https:\\\/\\\/x-bar.co\\\/wp-content\\\/uploads\\\/2026\\\/02\\\/xbar_50ml_peche_glacee.png\",\"datePublished\":\"2025-03-26T14:49:03+00:00\",\"dateModified\":\"2025-03-26T15:04:05+00:00\",\"breadcrumb\":{\"@id\":\"https:\\\/\\\/x-bar.co\\\/es\\\/tienda-online\\\/rango-x-bar\\\/e-liquid-50ml-peach-ice\\\/#breadcrumb\"},\"inLanguage\":\"es\",\"potentialAction\":[{\"@type\":\"ReadAction\",\"target\":[\"https:\\\/\\\/x-bar.co\\\/es\\\/tienda-online\\\/rango-x-bar\\\/e-liquid-50ml-peach-ice\\\/\"]}]},{\"@type\":\"ImageObject\",\"inLanguage\":\"es\",\"@id\":\"https:\\\/\\\/x-bar.co\\\/es\\\/tienda-online\\\/rango-x-bar\\\/e-liquid-50ml-peach-ice\\\/#primaryimage\",\"url\":\"https:\\\/\\\/x-bar.co\\\/wp-content\\\/uploads\\\/2026\\\/02\\\/xbar_50ml_peche_glacee.png\",\"contentUrl\":\"https:\\\/\\\/x-bar.co\\\/wp-content\\\/uploads\\\/2026\\\/02\\\/xbar_50ml_peche_glacee.png\",\"width\":650,\"height\":650},{\"@type\":\"BreadcrumbList\",\"@id\":\"https:\\\/\\\/x-bar.co\\\/es\\\/tienda-online\\\/rango-x-bar\\\/e-liquid-50ml-peach-ice\\\/#breadcrumb\",\"itemListElement\":[{\"@type\":\"ListItem\",\"position\":1,\"name\":\"Accueil\",\"item\":\"https:\\\/\\\/x-bar.co\\\/es\\\/\"},{\"@type\":\"ListItem\",\"position\":2,\"name\":\"Tienda online\",\"item\":\"https:\\\/\\\/x-bar.co\\\/es\\\/tienda-online\\\/\"},{\"@type\":\"ListItem\",\"position\":3,\"name\":\"E-liquid 50ml Peach Ice\"}]},{\"@type\":\"WebSite\",\"@id\":\"https:\\\/\\\/x-bar.co\\\/es\\\/#website\",\"url\":\"https:\\\/\\\/x-bar.co\\\/es\\\/\",\"name\":\"X-Bar\u00ae - Official Online Shop\",\"description\":\"Tienda online oficial de X-Bar. Los mejores dispositivos de vapeo en todo el mundo. Pods de vapeo, puff, e liquids, dispositivos con sistema open pods...\",\"publisher\":{\"@id\":\"https:\\\/\\\/x-bar.co\\\/es\\\/#organization\"},\"potentialAction\":[{\"@type\":\"SearchAction\",\"target\":{\"@type\":\"EntryPoint\",\"urlTemplate\":\"https:\\\/\\\/x-bar.co\\\/es\\\/?s={search_term_string}\"},\"query-input\":{\"@type\":\"PropertyValueSpecification\",\"valueRequired\":true,\"valueName\":\"search_term_string\"}}],\"inLanguage\":\"es\"},{\"@type\":\"Organization\",\"@id\":\"https:\\\/\\\/x-bar.co\\\/es\\\/#organization\",\"name\":\"X-Bar\u00ae - Official Online Shop\",\"url\":\"https:\\\/\\\/x-bar.co\\\/es\\\/\",\"logo\":{\"@type\":\"ImageObject\",\"inLanguage\":\"es\",\"@id\":\"https:\\\/\\\/x-bar.co\\\/es\\\/#\\\/schema\\\/logo\\\/image\\\/\",\"url\":\"https:\\\/\\\/x-bar.co\\\/wp-content\\\/uploads\\\/2022\\\/07\\\/xbar-logo.svg\",\"contentUrl\":\"https:\\\/\\\/x-bar.co\\\/wp-content\\\/uploads\\\/2022\\\/07\\\/xbar-logo.svg\",\"width\":266,\"height\":41,\"caption\":\"X-Bar\u00ae - Official Online Shop\"},\"image\":{\"@id\":\"https:\\\/\\\/x-bar.co\\\/es\\\/#\\\/schema\\\/logo\\\/image\\\/\"}}]}<\/script>\n<meta property=\"og:availability\" content=\"instock\" \/>\n<meta property=\"product:availability\" content=\"instock\" \/>\n<meta property=\"product:condition\" content=\"new\" \/>\n<!-- \/ Yoast SEO Premium plugin. -->","yoast_head_json":{"title":"E-liquid 50ml Peach Ice - X-Bar\u00ae - Tienda Oficial Online","robots":{"index":"index","follow":"follow","max-snippet":"max-snippet:-1","max-image-preview":"max-image-preview:large","max-video-preview":"max-video-preview:-1"},"canonical":"https:\/\/x-bar.co\/es\/tienda-online\/rango-x-bar\/e-liquid-50ml-peach-ice\/","og_locale":"es_ES","og_type":"article","og_title":"E-liquid 50ml Peach Ice","og_description":"S\u00f3lo 0 mg\/ml disponibles.  Eliquid 50ml Peach Ice te ofrece el delicioso sabor de los melocotones maduros al sol, perfectamente equilibrado con un toque helado. Cada calada libera una dulzura jugosa de melocot\u00f3n, seguida de una sensaci\u00f3n refrescante que revitaliza el paladar. Ideal para una experiencia de vapeo suave y helada, Peach Ice es el compa\u00f1ero perfecto para un toque frutal y revitalizante.","og_url":"https:\/\/x-bar.co\/es\/tienda-online\/rango-x-bar\/e-liquid-50ml-peach-ice\/","og_site_name":"X-Bar\u00ae - Tienda Oficial Online","article_modified_time":"2025-03-26T15:04:05+00:00","og_image":[{"width":650,"height":650,"url":"https:\/\/x-bar.co\/wp-content\/uploads\/2025\/03\/xbar-50ml-peachice.png","type":"image\/png"}],"twitter_card":"summary_large_image","twitter_misc":{"Disponibilidad":"Disponible"},"schema":{"@context":"https:\/\/schema.org","@graph":[{"@type":"WebPage","@id":"https:\/\/x-bar.co\/es\/tienda-online\/rango-x-bar\/e-liquid-50ml-peach-ice\/","url":"https:\/\/x-bar.co\/es\/tienda-online\/rango-x-bar\/e-liquid-50ml-peach-ice\/","name":"E-liquid 50ml Peach Ice - X-Bar\u00ae - Tienda Oficial Online","isPartOf":{"@id":"https:\/\/x-bar.co\/es\/#website"},"primaryImageOfPage":{"@id":"https:\/\/x-bar.co\/es\/tienda-online\/rango-x-bar\/e-liquid-50ml-peach-ice\/#primaryimage"},"image":{"@id":"https:\/\/x-bar.co\/es\/tienda-online\/rango-x-bar\/e-liquid-50ml-peach-ice\/#primaryimage"},"thumbnailUrl":"https:\/\/x-bar.co\/wp-content\/uploads\/2026\/02\/xbar_50ml_peche_glacee.png","datePublished":"2025-03-26T14:49:03+00:00","dateModified":"2025-03-26T15:04:05+00:00","breadcrumb":{"@id":"https:\/\/x-bar.co\/es\/tienda-online\/rango-x-bar\/e-liquid-50ml-peach-ice\/#breadcrumb"},"inLanguage":"es","potentialAction":[{"@type":"ReadAction","target":["https:\/\/x-bar.co\/es\/tienda-online\/rango-x-bar\/e-liquid-50ml-peach-ice\/"]}]},{"@type":"ImageObject","inLanguage":"es","@id":"https:\/\/x-bar.co\/es\/tienda-online\/rango-x-bar\/e-liquid-50ml-peach-ice\/#primaryimage","url":"https:\/\/x-bar.co\/wp-content\/uploads\/2026\/02\/xbar_50ml_peche_glacee.png","contentUrl":"https:\/\/x-bar.co\/wp-content\/uploads\/2026\/02\/xbar_50ml_peche_glacee.png","width":650,"height":650},{"@type":"BreadcrumbList","@id":"https:\/\/x-bar.co\/es\/tienda-online\/rango-x-bar\/e-liquid-50ml-peach-ice\/#breadcrumb","itemListElement":[{"@type":"ListItem","position":1,"name":"Accueil","item":"https:\/\/x-bar.co\/es\/"},{"@type":"ListItem","position":2,"name":"Tienda online","item":"https:\/\/x-bar.co\/es\/tienda-online\/"},{"@type":"ListItem","position":3,"name":"E-liquid 50ml Peach Ice"}]},{"@type":"WebSite","@id":"https:\/\/x-bar.co\/es\/#website","url":"https:\/\/x-bar.co\/es\/","name":"X-Bar\u00ae - Official Online Shop","description":"Tienda online oficial de X-Bar. Los mejores dispositivos de vapeo en todo el mundo. Pods de vapeo, puff, e liquids, dispositivos con sistema open pods...","publisher":{"@id":"https:\/\/x-bar.co\/es\/#organization"},"potentialAction":[{"@type":"SearchAction","target":{"@type":"EntryPoint","urlTemplate":"https:\/\/x-bar.co\/es\/?s={search_term_string}"},"query-input":{"@type":"PropertyValueSpecification","valueRequired":true,"valueName":"search_term_string"}}],"inLanguage":"es"},{"@type":"Organization","@id":"https:\/\/x-bar.co\/es\/#organization","name":"X-Bar\u00ae - Official Online Shop","url":"https:\/\/x-bar.co\/es\/","logo":{"@type":"ImageObject","inLanguage":"es","@id":"https:\/\/x-bar.co\/es\/#\/schema\/logo\/image\/","url":"https:\/\/x-bar.co\/wp-content\/uploads\/2022\/07\/xbar-logo.svg","contentUrl":"https:\/\/x-bar.co\/wp-content\/uploads\/2022\/07\/xbar-logo.svg","width":266,"height":41,"caption":"X-Bar\u00ae - Official Online Shop"},"image":{"@id":"https:\/\/x-bar.co\/es\/#\/schema\/logo\/image\/"}}]},"og_availability":"instock","product_availability":"instock","product_condition":"new"},"acf":[],"jetpack_sharing_enabled":true,"_links":{"self":[{"href":"https:\/\/x-bar.co\/es\/wp-json\/wp\/v2\/product\/284536","targetHints":{"allow":["GET"]}}],"collection":[{"href":"https:\/\/x-bar.co\/es\/wp-json\/wp\/v2\/product"}],"about":[{"href":"https:\/\/x-bar.co\/es\/wp-json\/wp\/v2\/types\/product"}],"wp:featuredmedia":[{"embeddable":true,"href":"https:\/\/x-bar.co\/es\/wp-json\/wp\/v2\/media\/397402"}],"wp:attachment":[{"href":"https:\/\/x-bar.co\/es\/wp-json\/wp\/v2\/media?parent=284536"}],"wp:term":[{"taxonomy":"product_brand","embeddable":true,"href":"https:\/\/x-bar.co\/es\/wp-json\/wp\/v2\/product_brand?post=284536"},{"taxonomy":"product_cat","embeddable":true,"href":"https:\/\/x-bar.co\/es\/wp-json\/wp\/v2\/product_cat?post=284536"},{"taxonomy":"product_tag","embeddable":true,"href":"https:\/\/x-bar.co\/es\/wp-json\/wp\/v2\/product_tag?post=284536"}],"curies":[{"name":"wp","href":"https:\/\/api.w.org\/{rel}","templated":true}]}}