{"id":405058,"date":"2026-04-21T17:17:28","date_gmt":"2026-04-21T15:17:28","guid":{"rendered":"https:\/\/x-bar.co\/?post_type=product&#038;p=405058"},"modified":"2026-04-27T10:27:23","modified_gmt":"2026-04-27T08:27:23","slug":"click-puff-kit-solo-stellar","status":"publish","type":"product","link":"https:\/\/x-bar.co\/es\/tienda-online\/rango-x-bar\/click-puff-es\/click-puff-kit-stellar\/click-puff-kit-solo-stellar\/","title":{"rendered":"Click &#038; Puff &#8211; Kit Solo STELLAR"},"content":{"rendered":"","protected":false},"excerpt":{"rendered":"<p data-start=\"1141\" data-end=\"1313\"><strong data-start=\"1049\" data-end=\"1092\">STELLAR, nueva generaci\u00f3n Click &amp; Puff.<\/strong> M\u00e1s autonom\u00eda y control con <strong data-start=\"1121\" data-end=\"1143\">bater\u00eda de 800 mAh<\/strong>, <strong data-start=\"1145\" data-end=\"1173\">indicador en tiempo real<\/strong>, <strong data-start=\"1175\" data-end=\"1205\">Lightning Surface din\u00e1mica<\/strong> y <strong data-start=\"1208\" data-end=\"1236\">flujo de aire optimizado<\/strong> para una experiencia m\u00e1s fluida en el d\u00eda a d\u00eda.<\/p>\n","protected":false},"featured_media":405065,"template":"","meta":{"_acf_changed":false},"product_brand":[],"product_cat":[533,230,769,453,716],"product_tag":[508],"class_list":{"0":"post-405058","1":"product","2":"type-product","3":"status-publish","4":"has-post-thumbnail","6":"product_cat-click-puff-es","7":"product_cat-click-puff-kit-es","8":"product_cat-click-puff-kit-stellar","9":"product_cat-los-recien-llegados","10":"product_cat-product-template-3-es","11":"product_tag-click-puff-es","13":"first","14":"outofstock","15":"taxable","16":"shipping-taxable","17":"purchasable","18":"product-type-simple"},"yoast_head":"<!-- This site is optimized with the Yoast SEO Premium plugin v27.5 (Yoast SEO v27.5) - https:\/\/yoast.com\/product\/yoast-seo-premium-wordpress\/ -->\n<title>Click &amp; Puff - Kit Solo STELLAR - X-Bar - Official Online Shop<\/title>\n<meta name=\"robots\" content=\"index, follow, max-snippet:-1, max-image-preview:large, max-video-preview:-1\" \/>\n<link rel=\"canonical\" href=\"https:\/\/x-bar.co\/es\/tienda-online\/rango-x-bar\/click-puff-es\/click-puff-kit-stellar\/click-puff-kit-solo-stellar\/\" \/>\n<meta property=\"og:locale\" content=\"es_ES\" \/>\n<meta property=\"og:type\" content=\"article\" \/>\n<meta property=\"og:title\" content=\"Click &amp; Puff - Kit Solo STELLAR\" \/>\n<meta property=\"og:description\" content=\"STELLAR, nueva generaci\u00f3n Click &amp; Puff. M\u00e1s autonom\u00eda y control con bater\u00eda de 800 mAh, indicador en tiempo real, Lightning Surface din\u00e1mica y flujo de aire optimizado para una experiencia m\u00e1s fluida en el d\u00eda a d\u00eda.\" \/>\n<meta property=\"og:url\" content=\"https:\/\/x-bar.co\/es\/tienda-online\/rango-x-bar\/click-puff-es\/click-puff-kit-stellar\/click-puff-kit-solo-stellar\/\" \/>\n<meta property=\"og:site_name\" content=\"X-Bar - Official Online Shop\" \/>\n<meta property=\"article:modified_time\" content=\"2026-04-27T08:27:23+00:00\" \/>\n<meta property=\"og:image\" content=\"https:\/\/x-bar.co\/wp-content\/uploads\/2026\/04\/product-stellar.png\" \/>\n\t<meta property=\"og:image:width\" content=\"650\" \/>\n\t<meta property=\"og:image:height\" content=\"650\" \/>\n\t<meta property=\"og:image:type\" content=\"image\/png\" \/>\n<meta name=\"twitter:card\" content=\"summary_large_image\" \/>\n<meta name=\"twitter:label1\" content=\"Precio\" \/>\n\t<meta name=\"twitter:data1\" content=\"11,90&nbsp;&euro;\" \/>\n\t<meta name=\"twitter:label2\" content=\"Disponibilidad\" \/>\n\t<meta name=\"twitter:data2\" content=\"Sin existencias\" \/>\n<script type=\"application\/ld+json\" class=\"yoast-schema-graph\">{\"@context\":\"https:\\\/\\\/schema.org\",\"@graph\":[{\"@type\":\"WebPage\",\"@id\":\"https:\\\/\\\/x-bar.co\\\/es\\\/tienda-online\\\/rango-x-bar\\\/click-puff-es\\\/click-puff-kit-stellar\\\/click-puff-kit-solo-stellar\\\/\",\"url\":\"https:\\\/\\\/x-bar.co\\\/es\\\/tienda-online\\\/rango-x-bar\\\/click-puff-es\\\/click-puff-kit-stellar\\\/click-puff-kit-solo-stellar\\\/\",\"name\":\"Click & Puff - Kit Solo STELLAR - X-Bar - Official Online Shop\",\"isPartOf\":{\"@id\":\"https:\\\/\\\/x-bar.co\\\/es\\\/#website\"},\"primaryImageOfPage\":{\"@id\":\"https:\\\/\\\/x-bar.co\\\/es\\\/tienda-online\\\/rango-x-bar\\\/click-puff-es\\\/click-puff-kit-stellar\\\/click-puff-kit-solo-stellar\\\/#primaryimage\"},\"image\":{\"@id\":\"https:\\\/\\\/x-bar.co\\\/es\\\/tienda-online\\\/rango-x-bar\\\/click-puff-es\\\/click-puff-kit-stellar\\\/click-puff-kit-solo-stellar\\\/#primaryimage\"},\"thumbnailUrl\":\"https:\\\/\\\/x-bar.co\\\/wp-content\\\/uploads\\\/2026\\\/04\\\/product-stellar.png\",\"datePublished\":\"2026-04-21T15:17:28+00:00\",\"dateModified\":\"2026-04-27T08:27:23+00:00\",\"breadcrumb\":{\"@id\":\"https:\\\/\\\/x-bar.co\\\/es\\\/tienda-online\\\/rango-x-bar\\\/click-puff-es\\\/click-puff-kit-stellar\\\/click-puff-kit-solo-stellar\\\/#breadcrumb\"},\"inLanguage\":\"es\",\"potentialAction\":[{\"@type\":\"ReadAction\",\"target\":[\"https:\\\/\\\/x-bar.co\\\/es\\\/tienda-online\\\/rango-x-bar\\\/click-puff-es\\\/click-puff-kit-stellar\\\/click-puff-kit-solo-stellar\\\/\"]}]},{\"@type\":\"ImageObject\",\"inLanguage\":\"es\",\"@id\":\"https:\\\/\\\/x-bar.co\\\/es\\\/tienda-online\\\/rango-x-bar\\\/click-puff-es\\\/click-puff-kit-stellar\\\/click-puff-kit-solo-stellar\\\/#primaryimage\",\"url\":\"https:\\\/\\\/x-bar.co\\\/wp-content\\\/uploads\\\/2026\\\/04\\\/product-stellar.png\",\"contentUrl\":\"https:\\\/\\\/x-bar.co\\\/wp-content\\\/uploads\\\/2026\\\/04\\\/product-stellar.png\",\"width\":650,\"height\":650},{\"@type\":\"BreadcrumbList\",\"@id\":\"https:\\\/\\\/x-bar.co\\\/es\\\/tienda-online\\\/rango-x-bar\\\/click-puff-es\\\/click-puff-kit-stellar\\\/click-puff-kit-solo-stellar\\\/#breadcrumb\",\"itemListElement\":[{\"@type\":\"ListItem\",\"position\":1,\"name\":\"Accueil\",\"item\":\"https:\\\/\\\/x-bar.co\\\/es\\\/\"},{\"@type\":\"ListItem\",\"position\":2,\"name\":\"Tienda online\",\"item\":\"https:\\\/\\\/x-bar.co\\\/es\\\/tienda-online\\\/\"},{\"@type\":\"ListItem\",\"position\":3,\"name\":\"Click &#038; Puff &#8211; Kit Solo STELLAR\"}]},{\"@type\":\"WebSite\",\"@id\":\"https:\\\/\\\/x-bar.co\\\/es\\\/#website\",\"url\":\"https:\\\/\\\/x-bar.co\\\/es\\\/\",\"name\":\"X-BAR\u00ae - Official Online Shop\",\"description\":\"Tienda online oficial de X-Bar. Los mejores dispositivos de vapeo en todo el mundo. Pods de vapeo, puff, e liquids, dispositivos con sistema open pods...\",\"publisher\":{\"@id\":\"https:\\\/\\\/x-bar.co\\\/es\\\/#organization\"},\"potentialAction\":[{\"@type\":\"SearchAction\",\"target\":{\"@type\":\"EntryPoint\",\"urlTemplate\":\"https:\\\/\\\/x-bar.co\\\/es\\\/?s={search_term_string}\"},\"query-input\":{\"@type\":\"PropertyValueSpecification\",\"valueRequired\":true,\"valueName\":\"search_term_string\"}}],\"inLanguage\":\"es\"},{\"@type\":\"Organization\",\"@id\":\"https:\\\/\\\/x-bar.co\\\/es\\\/#organization\",\"name\":\"X-Bar\u00ae - Official Online Shop\",\"url\":\"https:\\\/\\\/x-bar.co\\\/es\\\/\",\"logo\":{\"@type\":\"ImageObject\",\"inLanguage\":\"es\",\"@id\":\"https:\\\/\\\/x-bar.co\\\/es\\\/#\\\/schema\\\/logo\\\/image\\\/\",\"url\":\"https:\\\/\\\/x-bar.co\\\/wp-content\\\/uploads\\\/2022\\\/07\\\/xbar-logo.svg\",\"contentUrl\":\"https:\\\/\\\/x-bar.co\\\/wp-content\\\/uploads\\\/2022\\\/07\\\/xbar-logo.svg\",\"width\":266,\"height\":41,\"caption\":\"X-Bar\u00ae - Official Online Shop\"},\"image\":{\"@id\":\"https:\\\/\\\/x-bar.co\\\/es\\\/#\\\/schema\\\/logo\\\/image\\\/\"}}]}<\/script>\n<meta property=\"product:price:amount\" content=\"11.90\" \/>\n<meta property=\"product:price:currency\" content=\"EUR\" \/>\n<meta property=\"og:availability\" content=\"out of stock\" \/>\n<meta property=\"product:availability\" content=\"out of stock\" \/>\n<meta property=\"product:retailer_item_id\" content=\"209595\" \/>\n<meta property=\"product:condition\" content=\"new\" \/>\n<!-- \/ Yoast SEO Premium plugin. -->","yoast_head_json":{"title":"Click & Puff - Kit Solo STELLAR - X-Bar - Official Online Shop","robots":{"index":"index","follow":"follow","max-snippet":"max-snippet:-1","max-image-preview":"max-image-preview:large","max-video-preview":"max-video-preview:-1"},"canonical":"https:\/\/x-bar.co\/es\/tienda-online\/rango-x-bar\/click-puff-es\/click-puff-kit-stellar\/click-puff-kit-solo-stellar\/","og_locale":"es_ES","og_type":"article","og_title":"Click & Puff - Kit Solo STELLAR","og_description":"STELLAR, nueva generaci\u00f3n Click &amp; Puff. M\u00e1s autonom\u00eda y control con bater\u00eda de 800 mAh, indicador en tiempo real, Lightning Surface din\u00e1mica y flujo de aire optimizado para una experiencia m\u00e1s fluida en el d\u00eda a d\u00eda.","og_url":"https:\/\/x-bar.co\/es\/tienda-online\/rango-x-bar\/click-puff-es\/click-puff-kit-stellar\/click-puff-kit-solo-stellar\/","og_site_name":"X-Bar - Official Online Shop","article_modified_time":"2026-04-27T08:27:23+00:00","og_image":[{"width":650,"height":650,"url":"https:\/\/x-bar.co\/wp-content\/uploads\/2026\/04\/product-stellar.png","type":"image\/png"}],"twitter_card":"summary_large_image","twitter_misc":{"Precio":"11,90&nbsp;&euro;","Disponibilidad":"Sin existencias"},"schema":{"@context":"https:\/\/schema.org","@graph":[{"@type":"WebPage","@id":"https:\/\/x-bar.co\/es\/tienda-online\/rango-x-bar\/click-puff-es\/click-puff-kit-stellar\/click-puff-kit-solo-stellar\/","url":"https:\/\/x-bar.co\/es\/tienda-online\/rango-x-bar\/click-puff-es\/click-puff-kit-stellar\/click-puff-kit-solo-stellar\/","name":"Click & Puff - Kit Solo STELLAR - X-Bar - Official Online Shop","isPartOf":{"@id":"https:\/\/x-bar.co\/es\/#website"},"primaryImageOfPage":{"@id":"https:\/\/x-bar.co\/es\/tienda-online\/rango-x-bar\/click-puff-es\/click-puff-kit-stellar\/click-puff-kit-solo-stellar\/#primaryimage"},"image":{"@id":"https:\/\/x-bar.co\/es\/tienda-online\/rango-x-bar\/click-puff-es\/click-puff-kit-stellar\/click-puff-kit-solo-stellar\/#primaryimage"},"thumbnailUrl":"https:\/\/x-bar.co\/wp-content\/uploads\/2026\/04\/product-stellar.png","datePublished":"2026-04-21T15:17:28+00:00","dateModified":"2026-04-27T08:27:23+00:00","breadcrumb":{"@id":"https:\/\/x-bar.co\/es\/tienda-online\/rango-x-bar\/click-puff-es\/click-puff-kit-stellar\/click-puff-kit-solo-stellar\/#breadcrumb"},"inLanguage":"es","potentialAction":[{"@type":"ReadAction","target":["https:\/\/x-bar.co\/es\/tienda-online\/rango-x-bar\/click-puff-es\/click-puff-kit-stellar\/click-puff-kit-solo-stellar\/"]}]},{"@type":"ImageObject","inLanguage":"es","@id":"https:\/\/x-bar.co\/es\/tienda-online\/rango-x-bar\/click-puff-es\/click-puff-kit-stellar\/click-puff-kit-solo-stellar\/#primaryimage","url":"https:\/\/x-bar.co\/wp-content\/uploads\/2026\/04\/product-stellar.png","contentUrl":"https:\/\/x-bar.co\/wp-content\/uploads\/2026\/04\/product-stellar.png","width":650,"height":650},{"@type":"BreadcrumbList","@id":"https:\/\/x-bar.co\/es\/tienda-online\/rango-x-bar\/click-puff-es\/click-puff-kit-stellar\/click-puff-kit-solo-stellar\/#breadcrumb","itemListElement":[{"@type":"ListItem","position":1,"name":"Accueil","item":"https:\/\/x-bar.co\/es\/"},{"@type":"ListItem","position":2,"name":"Tienda online","item":"https:\/\/x-bar.co\/es\/tienda-online\/"},{"@type":"ListItem","position":3,"name":"Click &#038; Puff &#8211; Kit Solo STELLAR"}]},{"@type":"WebSite","@id":"https:\/\/x-bar.co\/es\/#website","url":"https:\/\/x-bar.co\/es\/","name":"X-BAR\u00ae - Official Online Shop","description":"Tienda online oficial de X-Bar. Los mejores dispositivos de vapeo en todo el mundo. Pods de vapeo, puff, e liquids, dispositivos con sistema open pods...","publisher":{"@id":"https:\/\/x-bar.co\/es\/#organization"},"potentialAction":[{"@type":"SearchAction","target":{"@type":"EntryPoint","urlTemplate":"https:\/\/x-bar.co\/es\/?s={search_term_string}"},"query-input":{"@type":"PropertyValueSpecification","valueRequired":true,"valueName":"search_term_string"}}],"inLanguage":"es"},{"@type":"Organization","@id":"https:\/\/x-bar.co\/es\/#organization","name":"X-Bar\u00ae - Official Online Shop","url":"https:\/\/x-bar.co\/es\/","logo":{"@type":"ImageObject","inLanguage":"es","@id":"https:\/\/x-bar.co\/es\/#\/schema\/logo\/image\/","url":"https:\/\/x-bar.co\/wp-content\/uploads\/2022\/07\/xbar-logo.svg","contentUrl":"https:\/\/x-bar.co\/wp-content\/uploads\/2022\/07\/xbar-logo.svg","width":266,"height":41,"caption":"X-Bar\u00ae - Official Online Shop"},"image":{"@id":"https:\/\/x-bar.co\/es\/#\/schema\/logo\/image\/"}}]},"product_price_amount":"11.90","product_price_currency":"EUR","og_availability":"out of stock","product_availability":"out of stock","product_retailer_item_id":"209595","product_condition":"new"},"acf":[],"jetpack_sharing_enabled":true,"_links":{"self":[{"href":"https:\/\/x-bar.co\/es\/wp-json\/wp\/v2\/product\/405058","targetHints":{"allow":["GET"]}}],"collection":[{"href":"https:\/\/x-bar.co\/es\/wp-json\/wp\/v2\/product"}],"about":[{"href":"https:\/\/x-bar.co\/es\/wp-json\/wp\/v2\/types\/product"}],"wp:featuredmedia":[{"embeddable":true,"href":"https:\/\/x-bar.co\/es\/wp-json\/wp\/v2\/media\/405065"}],"wp:attachment":[{"href":"https:\/\/x-bar.co\/es\/wp-json\/wp\/v2\/media?parent=405058"}],"wp:term":[{"taxonomy":"product_brand","embeddable":true,"href":"https:\/\/x-bar.co\/es\/wp-json\/wp\/v2\/product_brand?post=405058"},{"taxonomy":"product_cat","embeddable":true,"href":"https:\/\/x-bar.co\/es\/wp-json\/wp\/v2\/product_cat?post=405058"},{"taxonomy":"product_tag","embeddable":true,"href":"https:\/\/x-bar.co\/es\/wp-json\/wp\/v2\/product_tag?post=405058"}],"curies":[{"name":"wp","href":"https:\/\/api.w.org\/{rel}","templated":true}]}}