{"id":78401,"date":"2023-11-09T11:31:52","date_gmt":"2023-11-09T10:31:52","guid":{"rendered":"https:\/\/x-bar.co\/?post_type=product&#038;p=78401"},"modified":"2024-02-08T12:34:19","modified_gmt":"2024-02-08T11:34:19","slug":"e-liquid-50ml-watermelon-pitaya","status":"publish","type":"product","link":"https:\/\/x-bar.co\/es\/tienda-online\/rango-x-bar\/e-liquidos\/e-liquido-50ml\/e-liquid-50ml-watermelon-pitaya\/","title":{"rendered":"E-liquid 50ml Watermelon Pitaya"},"content":{"rendered":"","protected":false},"excerpt":{"rendered":"<p><strong>S\u00f3lo 0 mg\/ml disponibles.<\/strong><\/p>\n<p>Watermelon Pitaya Eliquid es un tentador e-jugo que combina armoniosamente el suculento sabor de la sand\u00eda madura con el encanto ex\u00f3tico de la pitaya (fruta del drag\u00f3n). La mezcla \u00fanica de sabores de este eliquid crea una experiencia de vapeo refrescante, dulce y ex\u00f3tica que transportar\u00e1 tus papilas gustativas a un para\u00edso tropical.<\/p>\n","protected":false},"featured_media":397397,"template":"","meta":{"_acf_changed":false},"product_brand":[],"product_cat":[544],"product_tag":[],"class_list":{"0":"post-78401","1":"product","2":"type-product","3":"status-publish","4":"has-post-thumbnail","6":"product_cat-e-liquido-50ml","8":"first","9":"outofstock","10":"taxable","11":"shipping-taxable","12":"purchasable","13":"product-type-variable","14":"has-default-attributes"},"yoast_head":"<!-- This site is optimized with the Yoast SEO Premium plugin v27.3 (Yoast SEO v27.3) - https:\/\/yoast.com\/product\/yoast-seo-premium-wordpress\/ -->\n<title>E-liquid 50ml Watermelon Pitaya - X-Bar\u00ae - Tienda Oficial Online<\/title>\n<meta name=\"robots\" content=\"index, follow, max-snippet:-1, max-image-preview:large, max-video-preview:-1\" \/>\n<link rel=\"canonical\" href=\"https:\/\/x-bar.co\/es\/tienda-online\/rango-x-bar\/e-liquidos\/e-liquido-50ml\/e-liquid-50ml-watermelon-pitaya\/\" \/>\n<meta property=\"og:locale\" content=\"es_ES\" \/>\n<meta property=\"og:type\" content=\"article\" \/>\n<meta property=\"og:title\" content=\"E-liquid 50ml Watermelon Pitaya\" \/>\n<meta property=\"og:description\" content=\"S\u00f3lo 0 mg\/ml disponibles.  Watermelon Pitaya Eliquid es un tentador e-jugo que combina armoniosamente el suculento sabor de la sand\u00eda madura con el encanto ex\u00f3tico de la pitaya (fruta del drag\u00f3n). La mezcla \u00fanica de sabores de este eliquid crea una experiencia de vapeo refrescante, dulce y ex\u00f3tica que transportar\u00e1 tus papilas gustativas a un para\u00edso tropical.\" \/>\n<meta property=\"og:url\" content=\"https:\/\/x-bar.co\/es\/tienda-online\/rango-x-bar\/e-liquidos\/e-liquido-50ml\/e-liquid-50ml-watermelon-pitaya\/\" \/>\n<meta property=\"og:site_name\" content=\"X-Bar\u00ae - Tienda Oficial Online\" \/>\n<meta property=\"article:modified_time\" content=\"2024-02-08T11:34:19+00:00\" \/>\n<meta property=\"og:image\" content=\"https:\/\/x-bar.co\/wp-content\/uploads\/2023\/11\/xbar-eliquids-50ml-watermelonpitaya1.png\" \/>\n\t<meta property=\"og:image:width\" content=\"650\" \/>\n\t<meta property=\"og:image:height\" content=\"650\" \/>\n\t<meta property=\"og:image:type\" content=\"image\/png\" \/>\n<meta name=\"twitter:card\" content=\"summary_large_image\" \/>\n<meta name=\"twitter:label1\" content=\"Disponibilidad\" \/>\n\t<meta name=\"twitter:data1\" content=\"Sin existencias\" \/>\n<script type=\"application\/ld+json\" class=\"yoast-schema-graph\">{\"@context\":\"https:\\\/\\\/schema.org\",\"@graph\":[{\"@type\":\"WebPage\",\"@id\":\"https:\\\/\\\/x-bar.co\\\/es\\\/tienda-online\\\/rango-x-bar\\\/e-liquidos\\\/e-liquido-50ml\\\/e-liquid-50ml-watermelon-pitaya\\\/\",\"url\":\"https:\\\/\\\/x-bar.co\\\/es\\\/tienda-online\\\/rango-x-bar\\\/e-liquidos\\\/e-liquido-50ml\\\/e-liquid-50ml-watermelon-pitaya\\\/\",\"name\":\"E-liquid 50ml Watermelon Pitaya - X-Bar\u00ae - Tienda Oficial Online\",\"isPartOf\":{\"@id\":\"https:\\\/\\\/x-bar.co\\\/es\\\/#website\"},\"primaryImageOfPage\":{\"@id\":\"https:\\\/\\\/x-bar.co\\\/es\\\/tienda-online\\\/rango-x-bar\\\/e-liquidos\\\/e-liquido-50ml\\\/e-liquid-50ml-watermelon-pitaya\\\/#primaryimage\"},\"image\":{\"@id\":\"https:\\\/\\\/x-bar.co\\\/es\\\/tienda-online\\\/rango-x-bar\\\/e-liquidos\\\/e-liquido-50ml\\\/e-liquid-50ml-watermelon-pitaya\\\/#primaryimage\"},\"thumbnailUrl\":\"https:\\\/\\\/x-bar.co\\\/wp-content\\\/uploads\\\/2026\\\/02\\\/xbar_50ml_pasteque_pitaya_ice.png\",\"datePublished\":\"2023-11-09T10:31:52+00:00\",\"dateModified\":\"2024-02-08T11:34:19+00:00\",\"breadcrumb\":{\"@id\":\"https:\\\/\\\/x-bar.co\\\/es\\\/tienda-online\\\/rango-x-bar\\\/e-liquidos\\\/e-liquido-50ml\\\/e-liquid-50ml-watermelon-pitaya\\\/#breadcrumb\"},\"inLanguage\":\"es\",\"potentialAction\":[{\"@type\":\"ReadAction\",\"target\":[\"https:\\\/\\\/x-bar.co\\\/es\\\/tienda-online\\\/rango-x-bar\\\/e-liquidos\\\/e-liquido-50ml\\\/e-liquid-50ml-watermelon-pitaya\\\/\"]}]},{\"@type\":\"ImageObject\",\"inLanguage\":\"es\",\"@id\":\"https:\\\/\\\/x-bar.co\\\/es\\\/tienda-online\\\/rango-x-bar\\\/e-liquidos\\\/e-liquido-50ml\\\/e-liquid-50ml-watermelon-pitaya\\\/#primaryimage\",\"url\":\"https:\\\/\\\/x-bar.co\\\/wp-content\\\/uploads\\\/2026\\\/02\\\/xbar_50ml_pasteque_pitaya_ice.png\",\"contentUrl\":\"https:\\\/\\\/x-bar.co\\\/wp-content\\\/uploads\\\/2026\\\/02\\\/xbar_50ml_pasteque_pitaya_ice.png\",\"width\":650,\"height\":650},{\"@type\":\"BreadcrumbList\",\"@id\":\"https:\\\/\\\/x-bar.co\\\/es\\\/tienda-online\\\/rango-x-bar\\\/e-liquidos\\\/e-liquido-50ml\\\/e-liquid-50ml-watermelon-pitaya\\\/#breadcrumb\",\"itemListElement\":[{\"@type\":\"ListItem\",\"position\":1,\"name\":\"Accueil\",\"item\":\"https:\\\/\\\/x-bar.co\\\/es\\\/\"},{\"@type\":\"ListItem\",\"position\":2,\"name\":\"Tienda online\",\"item\":\"https:\\\/\\\/x-bar.co\\\/es\\\/tienda-online\\\/\"},{\"@type\":\"ListItem\",\"position\":3,\"name\":\"E-liquid 50ml Watermelon Pitaya\"}]},{\"@type\":\"WebSite\",\"@id\":\"https:\\\/\\\/x-bar.co\\\/es\\\/#website\",\"url\":\"https:\\\/\\\/x-bar.co\\\/es\\\/\",\"name\":\"X-Bar\u00ae - Official Online Shop\",\"description\":\"Tienda online oficial de X-Bar. Los mejores dispositivos de vapeo en todo el mundo. Pods de vapeo, puff, e liquids, dispositivos con sistema open pods...\",\"publisher\":{\"@id\":\"https:\\\/\\\/x-bar.co\\\/es\\\/#organization\"},\"potentialAction\":[{\"@type\":\"SearchAction\",\"target\":{\"@type\":\"EntryPoint\",\"urlTemplate\":\"https:\\\/\\\/x-bar.co\\\/es\\\/?s={search_term_string}\"},\"query-input\":{\"@type\":\"PropertyValueSpecification\",\"valueRequired\":true,\"valueName\":\"search_term_string\"}}],\"inLanguage\":\"es\"},{\"@type\":\"Organization\",\"@id\":\"https:\\\/\\\/x-bar.co\\\/es\\\/#organization\",\"name\":\"X-Bar\u00ae - Official Online Shop\",\"url\":\"https:\\\/\\\/x-bar.co\\\/es\\\/\",\"logo\":{\"@type\":\"ImageObject\",\"inLanguage\":\"es\",\"@id\":\"https:\\\/\\\/x-bar.co\\\/es\\\/#\\\/schema\\\/logo\\\/image\\\/\",\"url\":\"https:\\\/\\\/x-bar.co\\\/wp-content\\\/uploads\\\/2022\\\/07\\\/xbar-logo.svg\",\"contentUrl\":\"https:\\\/\\\/x-bar.co\\\/wp-content\\\/uploads\\\/2022\\\/07\\\/xbar-logo.svg\",\"width\":266,\"height\":41,\"caption\":\"X-Bar\u00ae - Official Online Shop\"},\"image\":{\"@id\":\"https:\\\/\\\/x-bar.co\\\/es\\\/#\\\/schema\\\/logo\\\/image\\\/\"}}]}<\/script>\n<meta property=\"og:availability\" content=\"out of stock\" \/>\n<meta property=\"product:availability\" content=\"out of stock\" \/>\n<meta property=\"product:condition\" content=\"new\" \/>\n<!-- \/ Yoast SEO Premium plugin. -->","yoast_head_json":{"title":"E-liquid 50ml Watermelon Pitaya - X-Bar\u00ae - Tienda Oficial Online","robots":{"index":"index","follow":"follow","max-snippet":"max-snippet:-1","max-image-preview":"max-image-preview:large","max-video-preview":"max-video-preview:-1"},"canonical":"https:\/\/x-bar.co\/es\/tienda-online\/rango-x-bar\/e-liquidos\/e-liquido-50ml\/e-liquid-50ml-watermelon-pitaya\/","og_locale":"es_ES","og_type":"article","og_title":"E-liquid 50ml Watermelon Pitaya","og_description":"S\u00f3lo 0 mg\/ml disponibles.  Watermelon Pitaya Eliquid es un tentador e-jugo que combina armoniosamente el suculento sabor de la sand\u00eda madura con el encanto ex\u00f3tico de la pitaya (fruta del drag\u00f3n). La mezcla \u00fanica de sabores de este eliquid crea una experiencia de vapeo refrescante, dulce y ex\u00f3tica que transportar\u00e1 tus papilas gustativas a un para\u00edso tropical.","og_url":"https:\/\/x-bar.co\/es\/tienda-online\/rango-x-bar\/e-liquidos\/e-liquido-50ml\/e-liquid-50ml-watermelon-pitaya\/","og_site_name":"X-Bar\u00ae - Tienda Oficial Online","article_modified_time":"2024-02-08T11:34:19+00:00","og_image":[{"width":650,"height":650,"url":"https:\/\/x-bar.co\/wp-content\/uploads\/2023\/11\/xbar-eliquids-50ml-watermelonpitaya1.png","type":"image\/png"}],"twitter_card":"summary_large_image","twitter_misc":{"Disponibilidad":"Sin existencias"},"schema":{"@context":"https:\/\/schema.org","@graph":[{"@type":"WebPage","@id":"https:\/\/x-bar.co\/es\/tienda-online\/rango-x-bar\/e-liquidos\/e-liquido-50ml\/e-liquid-50ml-watermelon-pitaya\/","url":"https:\/\/x-bar.co\/es\/tienda-online\/rango-x-bar\/e-liquidos\/e-liquido-50ml\/e-liquid-50ml-watermelon-pitaya\/","name":"E-liquid 50ml Watermelon Pitaya - X-Bar\u00ae - Tienda Oficial Online","isPartOf":{"@id":"https:\/\/x-bar.co\/es\/#website"},"primaryImageOfPage":{"@id":"https:\/\/x-bar.co\/es\/tienda-online\/rango-x-bar\/e-liquidos\/e-liquido-50ml\/e-liquid-50ml-watermelon-pitaya\/#primaryimage"},"image":{"@id":"https:\/\/x-bar.co\/es\/tienda-online\/rango-x-bar\/e-liquidos\/e-liquido-50ml\/e-liquid-50ml-watermelon-pitaya\/#primaryimage"},"thumbnailUrl":"https:\/\/x-bar.co\/wp-content\/uploads\/2026\/02\/xbar_50ml_pasteque_pitaya_ice.png","datePublished":"2023-11-09T10:31:52+00:00","dateModified":"2024-02-08T11:34:19+00:00","breadcrumb":{"@id":"https:\/\/x-bar.co\/es\/tienda-online\/rango-x-bar\/e-liquidos\/e-liquido-50ml\/e-liquid-50ml-watermelon-pitaya\/#breadcrumb"},"inLanguage":"es","potentialAction":[{"@type":"ReadAction","target":["https:\/\/x-bar.co\/es\/tienda-online\/rango-x-bar\/e-liquidos\/e-liquido-50ml\/e-liquid-50ml-watermelon-pitaya\/"]}]},{"@type":"ImageObject","inLanguage":"es","@id":"https:\/\/x-bar.co\/es\/tienda-online\/rango-x-bar\/e-liquidos\/e-liquido-50ml\/e-liquid-50ml-watermelon-pitaya\/#primaryimage","url":"https:\/\/x-bar.co\/wp-content\/uploads\/2026\/02\/xbar_50ml_pasteque_pitaya_ice.png","contentUrl":"https:\/\/x-bar.co\/wp-content\/uploads\/2026\/02\/xbar_50ml_pasteque_pitaya_ice.png","width":650,"height":650},{"@type":"BreadcrumbList","@id":"https:\/\/x-bar.co\/es\/tienda-online\/rango-x-bar\/e-liquidos\/e-liquido-50ml\/e-liquid-50ml-watermelon-pitaya\/#breadcrumb","itemListElement":[{"@type":"ListItem","position":1,"name":"Accueil","item":"https:\/\/x-bar.co\/es\/"},{"@type":"ListItem","position":2,"name":"Tienda online","item":"https:\/\/x-bar.co\/es\/tienda-online\/"},{"@type":"ListItem","position":3,"name":"E-liquid 50ml Watermelon Pitaya"}]},{"@type":"WebSite","@id":"https:\/\/x-bar.co\/es\/#website","url":"https:\/\/x-bar.co\/es\/","name":"X-Bar\u00ae - Official Online Shop","description":"Tienda online oficial de X-Bar. Los mejores dispositivos de vapeo en todo el mundo. Pods de vapeo, puff, e liquids, dispositivos con sistema open pods...","publisher":{"@id":"https:\/\/x-bar.co\/es\/#organization"},"potentialAction":[{"@type":"SearchAction","target":{"@type":"EntryPoint","urlTemplate":"https:\/\/x-bar.co\/es\/?s={search_term_string}"},"query-input":{"@type":"PropertyValueSpecification","valueRequired":true,"valueName":"search_term_string"}}],"inLanguage":"es"},{"@type":"Organization","@id":"https:\/\/x-bar.co\/es\/#organization","name":"X-Bar\u00ae - Official Online Shop","url":"https:\/\/x-bar.co\/es\/","logo":{"@type":"ImageObject","inLanguage":"es","@id":"https:\/\/x-bar.co\/es\/#\/schema\/logo\/image\/","url":"https:\/\/x-bar.co\/wp-content\/uploads\/2022\/07\/xbar-logo.svg","contentUrl":"https:\/\/x-bar.co\/wp-content\/uploads\/2022\/07\/xbar-logo.svg","width":266,"height":41,"caption":"X-Bar\u00ae - Official Online Shop"},"image":{"@id":"https:\/\/x-bar.co\/es\/#\/schema\/logo\/image\/"}}]},"og_availability":"out of stock","product_availability":"out of stock","product_condition":"new"},"acf":[],"jetpack_sharing_enabled":true,"_links":{"self":[{"href":"https:\/\/x-bar.co\/es\/wp-json\/wp\/v2\/product\/78401","targetHints":{"allow":["GET"]}}],"collection":[{"href":"https:\/\/x-bar.co\/es\/wp-json\/wp\/v2\/product"}],"about":[{"href":"https:\/\/x-bar.co\/es\/wp-json\/wp\/v2\/types\/product"}],"wp:featuredmedia":[{"embeddable":true,"href":"https:\/\/x-bar.co\/es\/wp-json\/wp\/v2\/media\/397397"}],"wp:attachment":[{"href":"https:\/\/x-bar.co\/es\/wp-json\/wp\/v2\/media?parent=78401"}],"wp:term":[{"taxonomy":"product_brand","embeddable":true,"href":"https:\/\/x-bar.co\/es\/wp-json\/wp\/v2\/product_brand?post=78401"},{"taxonomy":"product_cat","embeddable":true,"href":"https:\/\/x-bar.co\/es\/wp-json\/wp\/v2\/product_cat?post=78401"},{"taxonomy":"product_tag","embeddable":true,"href":"https:\/\/x-bar.co\/es\/wp-json\/wp\/v2\/product_tag?post=78401"}],"curies":[{"name":"wp","href":"https:\/\/api.w.org\/{rel}","templated":true}]}}