{"id":27797,"date":"2023-05-22T10:57:19","date_gmt":"2023-05-22T08:57:19","guid":{"rendered":"https:\/\/x-bar.co\/product\/x-bar-oxa\/"},"modified":"2023-12-20T16:21:42","modified_gmt":"2023-12-20T15:21:42","slug":"x-bar-oxa","status":"publish","type":"product","link":"https:\/\/x-bar.co\/it\/negozio\/x-bar-range-it\/open-system-it\/oxa-it\/x-bar-oxa\/","title":{"rendered":"Oxa"},"content":{"rendered":"","protected":false},"excerpt":{"rendered":"<p>Oxa \u00e8 una Ecig formato tascabile, piccola, piatta ed elegante, \u00e8 la sigaretta perfetta per un uso quotidiano senza vincoli. Nonostante il suo formato in miniatura, nasconde al suo interno una batteria da 900 mAh e una capsula da 4 ml per eliquid: quanto basta per un normale utilizzo quotidiano.<\/p>\n<p>la sua sottile punta a goccia ti ricorder\u00e0 la sensazione delle sigarette sottili e ti permetter\u00e0 di avere una sensazione in bocca pi\u00f9 piacevole.<\/p>\n<p>Gli utenti lo sanno, tasche o borsette non sono igieniche: viene fornito un piccolo tappo per proteggere il drip tip durante il trasporto, uno spazio \u00e8 abilmente posizionato sotto il dispositivo per riporlo durante l&#8217;uso.<\/p>\n","protected":false},"featured_media":32131,"template":"","meta":{"_acf_changed":false},"product_brand":[],"product_cat":[473,446],"product_tag":[],"class_list":{"0":"post-27797","1":"product","2":"type-product","3":"status-publish","4":"has-post-thumbnail","6":"product_cat-oxa-it","7":"product_cat-product-template-2-it-2","9":"first","10":"instock","11":"taxable","12":"shipping-taxable","13":"purchasable","14":"product-type-variable","15":"has-default-attributes"},"yoast_head":"<!-- This site is optimized with the Yoast SEO Premium plugin v27.3 (Yoast SEO v27.3) - https:\/\/yoast.com\/product\/yoast-seo-premium-wordpress\/ -->\n<title>Oxa - X-Bar\u00ae - Negozio online ufficiale<\/title>\n<meta name=\"robots\" content=\"index, follow, max-snippet:-1, max-image-preview:large, max-video-preview:-1\" \/>\n<link rel=\"canonical\" href=\"https:\/\/x-bar.co\/it\/negozio\/x-bar-range-it\/open-system-it\/oxa-it\/x-bar-oxa\/\" \/>\n<meta property=\"og:locale\" content=\"it_IT\" \/>\n<meta property=\"og:type\" content=\"article\" \/>\n<meta property=\"og:title\" content=\"Oxa\" \/>\n<meta property=\"og:description\" content=\"Oxa \u00e8 una Ecig formato tascabile, piccola, piatta ed elegante, \u00e8 la sigaretta perfetta per un uso quotidiano senza vincoli. Nonostante il suo formato in miniatura, nasconde al suo interno una batteria da 900 mAh e una capsula da 4 ml per eliquid: quanto basta per un normale utilizzo quotidiano.  la sua sottile punta a goccia ti ricorder\u00e0 la sensazione delle sigarette sottili e ti permetter\u00e0 di avere una sensazione in bocca pi\u00f9 piacevole.  Gli utenti lo sanno, tasche o borsette non sono igieniche: viene fornito un piccolo tappo per proteggere il drip tip durante il trasporto, uno spazio \u00e8 abilmente posizionato sotto il dispositivo per riporlo durante l&#039;uso.\" \/>\n<meta property=\"og:url\" content=\"https:\/\/x-bar.co\/it\/negozio\/x-bar-range-it\/open-system-it\/oxa-it\/x-bar-oxa\/\" \/>\n<meta property=\"og:site_name\" content=\"X-Bar\u00ae - Negozio online ufficiale\" \/>\n<meta property=\"article:modified_time\" content=\"2023-12-20T15:21:42+00:00\" \/>\n<meta property=\"og:image\" content=\"https:\/\/x-bar.co\/wp-content\/uploads\/2023\/05\/oxa.png\" \/>\n\t<meta property=\"og:image:width\" content=\"800\" \/>\n\t<meta property=\"og:image:height\" content=\"800\" \/>\n\t<meta property=\"og:image:type\" content=\"image\/png\" \/>\n<meta name=\"twitter:card\" content=\"summary_large_image\" \/>\n<meta name=\"twitter:label1\" content=\"Disponibilit\u00e0\" \/>\n\t<meta name=\"twitter:data1\" content=\"In stock\" \/>\n<script type=\"application\/ld+json\" class=\"yoast-schema-graph\">{\"@context\":\"https:\\\/\\\/schema.org\",\"@graph\":[{\"@type\":\"WebPage\",\"@id\":\"https:\\\/\\\/x-bar.co\\\/it\\\/negozio\\\/x-bar-range-it\\\/open-system-it\\\/oxa-it\\\/x-bar-oxa\\\/\",\"url\":\"https:\\\/\\\/x-bar.co\\\/it\\\/negozio\\\/x-bar-range-it\\\/open-system-it\\\/oxa-it\\\/x-bar-oxa\\\/\",\"name\":\"Oxa - X-Bar\u00ae - Negozio online ufficiale\",\"isPartOf\":{\"@id\":\"https:\\\/\\\/x-bar.co\\\/it\\\/#website\"},\"primaryImageOfPage\":{\"@id\":\"https:\\\/\\\/x-bar.co\\\/it\\\/negozio\\\/x-bar-range-it\\\/open-system-it\\\/oxa-it\\\/x-bar-oxa\\\/#primaryimage\"},\"image\":{\"@id\":\"https:\\\/\\\/x-bar.co\\\/it\\\/negozio\\\/x-bar-range-it\\\/open-system-it\\\/oxa-it\\\/x-bar-oxa\\\/#primaryimage\"},\"thumbnailUrl\":\"https:\\\/\\\/x-bar.co\\\/wp-content\\\/uploads\\\/2023\\\/05\\\/oxa.png\",\"datePublished\":\"2023-05-22T08:57:19+00:00\",\"dateModified\":\"2023-12-20T15:21:42+00:00\",\"breadcrumb\":{\"@id\":\"https:\\\/\\\/x-bar.co\\\/it\\\/negozio\\\/x-bar-range-it\\\/open-system-it\\\/oxa-it\\\/x-bar-oxa\\\/#breadcrumb\"},\"inLanguage\":\"it-IT\",\"potentialAction\":[{\"@type\":\"ReadAction\",\"target\":[\"https:\\\/\\\/x-bar.co\\\/it\\\/negozio\\\/x-bar-range-it\\\/open-system-it\\\/oxa-it\\\/x-bar-oxa\\\/\"]}]},{\"@type\":\"ImageObject\",\"inLanguage\":\"it-IT\",\"@id\":\"https:\\\/\\\/x-bar.co\\\/it\\\/negozio\\\/x-bar-range-it\\\/open-system-it\\\/oxa-it\\\/x-bar-oxa\\\/#primaryimage\",\"url\":\"https:\\\/\\\/x-bar.co\\\/wp-content\\\/uploads\\\/2023\\\/05\\\/oxa.png\",\"contentUrl\":\"https:\\\/\\\/x-bar.co\\\/wp-content\\\/uploads\\\/2023\\\/05\\\/oxa.png\",\"width\":800,\"height\":800},{\"@type\":\"BreadcrumbList\",\"@id\":\"https:\\\/\\\/x-bar.co\\\/it\\\/negozio\\\/x-bar-range-it\\\/open-system-it\\\/oxa-it\\\/x-bar-oxa\\\/#breadcrumb\",\"itemListElement\":[{\"@type\":\"ListItem\",\"position\":1,\"name\":\"Accueil\",\"item\":\"https:\\\/\\\/x-bar.co\\\/it\\\/\"},{\"@type\":\"ListItem\",\"position\":2,\"name\":\"Negozio\",\"item\":\"https:\\\/\\\/x-bar.co\\\/it\\\/negozio\\\/\"},{\"@type\":\"ListItem\",\"position\":3,\"name\":\"Oxa\"}]},{\"@type\":\"WebSite\",\"@id\":\"https:\\\/\\\/x-bar.co\\\/it\\\/#website\",\"url\":\"https:\\\/\\\/x-bar.co\\\/it\\\/\",\"name\":\"X-Bar\u00ae - Official Online Shop\",\"description\":\"Negozio online ufficiale di X-Bar. I migliori dispositivi di svapo in tutto il mondo. Vaping pods, puff, e liquids, open pods system devices...\",\"publisher\":{\"@id\":\"https:\\\/\\\/x-bar.co\\\/it\\\/#organization\"},\"potentialAction\":[{\"@type\":\"SearchAction\",\"target\":{\"@type\":\"EntryPoint\",\"urlTemplate\":\"https:\\\/\\\/x-bar.co\\\/it\\\/?s={search_term_string}\"},\"query-input\":{\"@type\":\"PropertyValueSpecification\",\"valueRequired\":true,\"valueName\":\"search_term_string\"}}],\"inLanguage\":\"it-IT\"},{\"@type\":\"Organization\",\"@id\":\"https:\\\/\\\/x-bar.co\\\/it\\\/#organization\",\"name\":\"X-Bar\u00ae - Official Online Shop\",\"url\":\"https:\\\/\\\/x-bar.co\\\/it\\\/\",\"logo\":{\"@type\":\"ImageObject\",\"inLanguage\":\"it-IT\",\"@id\":\"https:\\\/\\\/x-bar.co\\\/it\\\/#\\\/schema\\\/logo\\\/image\\\/\",\"url\":\"https:\\\/\\\/x-bar.co\\\/wp-content\\\/uploads\\\/2022\\\/07\\\/xbar-logo.svg\",\"contentUrl\":\"https:\\\/\\\/x-bar.co\\\/wp-content\\\/uploads\\\/2022\\\/07\\\/xbar-logo.svg\",\"width\":266,\"height\":41,\"caption\":\"X-Bar\u00ae - Official Online Shop\"},\"image\":{\"@id\":\"https:\\\/\\\/x-bar.co\\\/it\\\/#\\\/schema\\\/logo\\\/image\\\/\"}}]}<\/script>\n<meta property=\"og:availability\" content=\"instock\" \/>\n<meta property=\"product:availability\" content=\"instock\" \/>\n<meta property=\"product:condition\" content=\"new\" \/>\n<!-- \/ Yoast SEO Premium plugin. -->","yoast_head_json":{"title":"Oxa - X-Bar\u00ae - Negozio online ufficiale","robots":{"index":"index","follow":"follow","max-snippet":"max-snippet:-1","max-image-preview":"max-image-preview:large","max-video-preview":"max-video-preview:-1"},"canonical":"https:\/\/x-bar.co\/it\/negozio\/x-bar-range-it\/open-system-it\/oxa-it\/x-bar-oxa\/","og_locale":"it_IT","og_type":"article","og_title":"Oxa","og_description":"Oxa \u00e8 una Ecig formato tascabile, piccola, piatta ed elegante, \u00e8 la sigaretta perfetta per un uso quotidiano senza vincoli. Nonostante il suo formato in miniatura, nasconde al suo interno una batteria da 900 mAh e una capsula da 4 ml per eliquid: quanto basta per un normale utilizzo quotidiano.  la sua sottile punta a goccia ti ricorder\u00e0 la sensazione delle sigarette sottili e ti permetter\u00e0 di avere una sensazione in bocca pi\u00f9 piacevole.  Gli utenti lo sanno, tasche o borsette non sono igieniche: viene fornito un piccolo tappo per proteggere il drip tip durante il trasporto, uno spazio \u00e8 abilmente posizionato sotto il dispositivo per riporlo durante l'uso.","og_url":"https:\/\/x-bar.co\/it\/negozio\/x-bar-range-it\/open-system-it\/oxa-it\/x-bar-oxa\/","og_site_name":"X-Bar\u00ae - Negozio online ufficiale","article_modified_time":"2023-12-20T15:21:42+00:00","og_image":[{"width":800,"height":800,"url":"https:\/\/x-bar.co\/wp-content\/uploads\/2023\/05\/oxa.png","type":"image\/png"}],"twitter_card":"summary_large_image","twitter_misc":{"Disponibilit\u00e0":"In stock"},"schema":{"@context":"https:\/\/schema.org","@graph":[{"@type":"WebPage","@id":"https:\/\/x-bar.co\/it\/negozio\/x-bar-range-it\/open-system-it\/oxa-it\/x-bar-oxa\/","url":"https:\/\/x-bar.co\/it\/negozio\/x-bar-range-it\/open-system-it\/oxa-it\/x-bar-oxa\/","name":"Oxa - X-Bar\u00ae - Negozio online ufficiale","isPartOf":{"@id":"https:\/\/x-bar.co\/it\/#website"},"primaryImageOfPage":{"@id":"https:\/\/x-bar.co\/it\/negozio\/x-bar-range-it\/open-system-it\/oxa-it\/x-bar-oxa\/#primaryimage"},"image":{"@id":"https:\/\/x-bar.co\/it\/negozio\/x-bar-range-it\/open-system-it\/oxa-it\/x-bar-oxa\/#primaryimage"},"thumbnailUrl":"https:\/\/x-bar.co\/wp-content\/uploads\/2023\/05\/oxa.png","datePublished":"2023-05-22T08:57:19+00:00","dateModified":"2023-12-20T15:21:42+00:00","breadcrumb":{"@id":"https:\/\/x-bar.co\/it\/negozio\/x-bar-range-it\/open-system-it\/oxa-it\/x-bar-oxa\/#breadcrumb"},"inLanguage":"it-IT","potentialAction":[{"@type":"ReadAction","target":["https:\/\/x-bar.co\/it\/negozio\/x-bar-range-it\/open-system-it\/oxa-it\/x-bar-oxa\/"]}]},{"@type":"ImageObject","inLanguage":"it-IT","@id":"https:\/\/x-bar.co\/it\/negozio\/x-bar-range-it\/open-system-it\/oxa-it\/x-bar-oxa\/#primaryimage","url":"https:\/\/x-bar.co\/wp-content\/uploads\/2023\/05\/oxa.png","contentUrl":"https:\/\/x-bar.co\/wp-content\/uploads\/2023\/05\/oxa.png","width":800,"height":800},{"@type":"BreadcrumbList","@id":"https:\/\/x-bar.co\/it\/negozio\/x-bar-range-it\/open-system-it\/oxa-it\/x-bar-oxa\/#breadcrumb","itemListElement":[{"@type":"ListItem","position":1,"name":"Accueil","item":"https:\/\/x-bar.co\/it\/"},{"@type":"ListItem","position":2,"name":"Negozio","item":"https:\/\/x-bar.co\/it\/negozio\/"},{"@type":"ListItem","position":3,"name":"Oxa"}]},{"@type":"WebSite","@id":"https:\/\/x-bar.co\/it\/#website","url":"https:\/\/x-bar.co\/it\/","name":"X-Bar\u00ae - Official Online Shop","description":"Negozio online ufficiale di X-Bar. I migliori dispositivi di svapo in tutto il mondo. Vaping pods, puff, e liquids, open pods system devices...","publisher":{"@id":"https:\/\/x-bar.co\/it\/#organization"},"potentialAction":[{"@type":"SearchAction","target":{"@type":"EntryPoint","urlTemplate":"https:\/\/x-bar.co\/it\/?s={search_term_string}"},"query-input":{"@type":"PropertyValueSpecification","valueRequired":true,"valueName":"search_term_string"}}],"inLanguage":"it-IT"},{"@type":"Organization","@id":"https:\/\/x-bar.co\/it\/#organization","name":"X-Bar\u00ae - Official Online Shop","url":"https:\/\/x-bar.co\/it\/","logo":{"@type":"ImageObject","inLanguage":"it-IT","@id":"https:\/\/x-bar.co\/it\/#\/schema\/logo\/image\/","url":"https:\/\/x-bar.co\/wp-content\/uploads\/2022\/07\/xbar-logo.svg","contentUrl":"https:\/\/x-bar.co\/wp-content\/uploads\/2022\/07\/xbar-logo.svg","width":266,"height":41,"caption":"X-Bar\u00ae - Official Online Shop"},"image":{"@id":"https:\/\/x-bar.co\/it\/#\/schema\/logo\/image\/"}}]},"og_availability":"instock","product_availability":"instock","product_condition":"new"},"acf":[],"jetpack_sharing_enabled":true,"_links":{"self":[{"href":"https:\/\/x-bar.co\/it\/wp-json\/wp\/v2\/product\/27797","targetHints":{"allow":["GET"]}}],"collection":[{"href":"https:\/\/x-bar.co\/it\/wp-json\/wp\/v2\/product"}],"about":[{"href":"https:\/\/x-bar.co\/it\/wp-json\/wp\/v2\/types\/product"}],"wp:featuredmedia":[{"embeddable":true,"href":"https:\/\/x-bar.co\/it\/wp-json\/wp\/v2\/media\/32131"}],"wp:attachment":[{"href":"https:\/\/x-bar.co\/it\/wp-json\/wp\/v2\/media?parent=27797"}],"wp:term":[{"taxonomy":"product_brand","embeddable":true,"href":"https:\/\/x-bar.co\/it\/wp-json\/wp\/v2\/product_brand?post=27797"},{"taxonomy":"product_cat","embeddable":true,"href":"https:\/\/x-bar.co\/it\/wp-json\/wp\/v2\/product_cat?post=27797"},{"taxonomy":"product_tag","embeddable":true,"href":"https:\/\/x-bar.co\/it\/wp-json\/wp\/v2\/product_tag?post=27797"}],"curies":[{"name":"wp","href":"https:\/\/api.w.org\/{rel}","templated":true}]}}